{"id":37970,"date":"2024-09-10T09:53:20","date_gmt":"2024-09-10T09:53:20","guid":{"rendered":"https:\/\/cultivers.es\/abonos\/white-wonder-organic-cucumber-seeds-graines-de-concombre\/"},"modified":"2025-09-22T05:21:45","modified_gmt":"2025-09-22T05:21:45","slug":"white-wonder-organic-cucumber-seeds-graines-de-concombre","status":"publish","type":"product","link":"https:\/\/cultivers.es\/fr\/abonnements\/white-wonder-organic-cucumber-seeds-graines-de-concombre\/","title":{"rendered":"Concombre White Wonder Graines"},"content":{"rendered":"","protected":false},"excerpt":{"rendered":"<p>D\u00e9couvrez le charme de la culture des concombres avec une touche distinctive gr\u00e2ce \u00e0 nos graines de concombre White Wonder biologiques. Cette vari\u00e9t\u00e9 unique produit des concombres blancs cr\u00e9meux, connus pour leur texture croquante et leur saveur douce. Parfaits pour les salades, les marinades ou simplement pour les d\u00e9guster frais, les concombres White Wonder ajoutent un \u00e9l\u00e9ment surprenant et \u00e9l\u00e9gant \u00e0 votre jardin et \u00e0 votre cuisine.  <\/p>\n<ul>\n<li><strong>Couleur unique :<\/strong> les concombres \u00ab\u00a0White Wonder\u00a0\u00bb se distinguent par leur peau d&rsquo;un blanc cr\u00e9meux, ce qui les rend visuellement attrayants dans n&rsquo;importe quel plat.<\/li>\n<li><strong>Saveur douce et texture croquante :<\/strong> Ces concombres offrent une saveur douce et rafra\u00eechissante, id\u00e9ale pour ceux qui pr\u00e9f\u00e8rent un go\u00fbt moins intense. Leur texture croquante les rend parfaits pour les salades fra\u00eeches ou comme en-cas sain. <\/li>\n<li><strong>Culture polyvalente :<\/strong> Convenant \u00e0 la fois \u00e0 la culture en plein champ et \u00e0 la culture sous serre, le concombre White Wonder est rustique et s&rsquo;adapte \u00e0 divers environnements et conditions de sol, ce qui le rend facile \u00e0 cultiver dans un large \u00e9ventail de lieux.<\/li>\n<li><strong>Productivit\u00e9 \u00e9lev\u00e9e :<\/strong> Cette vari\u00e9t\u00e9 produit un rendement \u00e9lev\u00e9 de fruits tout au long de la saison, assurant une r\u00e9colte abondante id\u00e9ale pour les familles nombreuses ou pour ceux qui aiment conserver leurs l\u00e9gumes.<\/li>\n<li><strong>Culture biologique :<\/strong> Nos semences sont 100 % biologiques, cultiv\u00e9es sans pesticides ni engrais chimiques, ce qui garantit un produit sain et durable.<\/li>\n<\/ul>\n<p>Ajoutez une touche d&rsquo;\u00e9l\u00e9gance et de fra\u00eecheur \u00e0 votre jardin avec le concombre White Wonder. Achetez nos graines de concombre White Wonder bio d\u00e8s aujourd&rsquo;hui et commencez \u00e0 profiter des avantages d&rsquo;un jardin vraiment unique !  <\/p>\n","protected":false},"featured_media":33826,"comment_status":"open","ping_status":"closed","template":"","meta":{"_acf_changed":false},"product_brand":[],"product_cat":[424,430],"product_tag":[1579],"class_list":{"0":"post-37970","1":"product","2":"type-product","3":"status-publish","4":"has-post-thumbnail","6":"product_cat-semences-biologiques","7":"product_cat-semences-de-fruits-et-legumes-biologiques","8":"product_tag-eco","10":"first","11":"instock","12":"taxable","13":"shipping-taxable","14":"purchasable","15":"product-type-simple"},"acf":[],"_links":{"self":[{"href":"https:\/\/cultivers.es\/fr\/wp-json\/wp\/v2\/product\/37970","targetHints":{"allow":["GET"]}}],"collection":[{"href":"https:\/\/cultivers.es\/fr\/wp-json\/wp\/v2\/product"}],"about":[{"href":"https:\/\/cultivers.es\/fr\/wp-json\/wp\/v2\/types\/product"}],"replies":[{"embeddable":true,"href":"https:\/\/cultivers.es\/fr\/wp-json\/wp\/v2\/comments?post=37970"}],"wp:featuredmedia":[{"embeddable":true,"href":"https:\/\/cultivers.es\/fr\/wp-json\/wp\/v2\/media\/33826"}],"wp:attachment":[{"href":"https:\/\/cultivers.es\/fr\/wp-json\/wp\/v2\/media?parent=37970"}],"wp:term":[{"taxonomy":"product_brand","embeddable":true,"href":"https:\/\/cultivers.es\/fr\/wp-json\/wp\/v2\/product_brand?post=37970"},{"taxonomy":"product_cat","embeddable":true,"href":"https:\/\/cultivers.es\/fr\/wp-json\/wp\/v2\/product_cat?post=37970"},{"taxonomy":"product_tag","embeddable":true,"href":"https:\/\/cultivers.es\/fr\/wp-json\/wp\/v2\/product_tag?post=37970"}],"curies":[{"name":"wp","href":"https:\/\/api.w.org\/{rel}","templated":true}]}}