{"id":37971,"date":"2024-09-10T08:28:20","date_gmt":"2024-09-10T08:28:20","guid":{"rendered":"https:\/\/cultivers.es\/abonos\/persil-frise-bio-graines-fijne-krul\/"},"modified":"2025-11-22T11:45:49","modified_gmt":"2025-11-22T11:45:49","slug":"persil-frise-bio-graines-fijne-krul","status":"publish","type":"product","link":"https:\/\/cultivers.es\/fr\/abonnements\/persil-frise-bio-graines-fijne-krul\/","title":{"rendered":"Graines de persil fris\u00e9 Fijne Krul"},"content":{"rendered":"","protected":false},"excerpt":{"rendered":"<p>Cultivez une touche de sophistication dans votre jardin avec nos graines de persil fris\u00e9 Organic Fijne Krul. Cette vari\u00e9t\u00e9 se distingue par ses feuilles finement fris\u00e9es d&rsquo;un vert profond, id\u00e9ales pour agr\u00e9menter vos plats et les enrichir d&rsquo;une saveur fra\u00eeche et aromatique. Le persil fris\u00e9 Fijne Krul est parfait pour ceux qui cherchent \u00e0 ajouter de l&rsquo;esth\u00e9tique et de la fonctionnalit\u00e9 \u00e0 leur jardin culinaire.  <\/p>\n<ul>\n<li><strong>Feuille tr\u00e8s d\u00e9corative : le<\/strong> persil fris\u00e9 Le persil fris\u00e9 est c\u00e9l\u00e8bre pour ses feuilles dens\u00e9ment fris\u00e9es, qui ne sont pas seulement un plaisir pour les yeux, mais qui sont \u00e9galement parfaites pour ajouter une touche sp\u00e9ciale \u00e0 n&rsquo;importe quelle pr\u00e9sentation culinaire.<\/li>\n<li><strong>Polyvalence culinaire :<\/strong> Ce type de persil est tr\u00e8s appr\u00e9ci\u00e9 en cuisine pour son go\u00fbt frais et l\u00e9g\u00e8rement \u00e9pic\u00e9, id\u00e9al pour assaisonner les plats de viande, les poissons, les soupes, les sauces et les salades.<\/li>\n<li><strong>Facile \u00e0 cultiver :<\/strong> Rustique et adaptable, le Persil fris\u00e9 Fijne Krul pousse bien en plein soleil ou \u00e0 l&rsquo;ombre partielle, et convient \u00e0 une vari\u00e9t\u00e9 de climats et de types de sol. Il convient \u00e0 une grande vari\u00e9t\u00e9 de climats et de sols, ce qui le rend accessible aux jardiniers de tous niveaux. <\/li>\n<li><strong>Culture biologique :<\/strong> Cultiv\u00e9es selon des normes biologiques strictes, nos semences sont exemptes de pesticides et d&rsquo;engrais chimiques, ce qui garantit une r\u00e9colte saine et durable.<\/li>\n<li><strong>B\u00e9n\u00e9fices pour la sant\u00e9 :<\/strong> Riche en vitamines et en min\u00e9raux, le persil ne se contente pas d&rsquo;agr\u00e9menter vos plats d&rsquo;un point de vue gastronomique, il apporte \u00e9galement d&rsquo;importants b\u00e9n\u00e9fices nutritionnels, tels que l&rsquo;am\u00e9lioration de la sant\u00e9 immunitaire et de la digestion.<\/li>\n<\/ul>\n<p>Embellissez et enrichissez votre jardin et votre cuisine avec l&rsquo;exquis Persil fris\u00e9 de Fijne Krul. Achetez nos graines biologiques d\u00e8s aujourd&rsquo;hui et profitez de la fra\u00eecheur et de la beaut\u00e9 de cette belle herbe chez vous. Commandez d\u00e8s maintenant et transformez vos plats gr\u00e2ce \u00e0 son go\u00fbt et son esth\u00e9tique uniques !  <\/p>\n","protected":false},"featured_media":33819,"comment_status":"open","ping_status":"closed","template":"","meta":{"_acf_changed":false},"product_brand":[],"product_cat":[747,424],"product_tag":[1579],"woo-feed-brand":[],"class_list":{"0":"post-37971","1":"product","2":"type-product","3":"status-publish","4":"has-post-thumbnail","6":"product_cat-graines-aromatiques-biologiques","7":"product_cat-semences-biologiques","8":"product_tag-eco","10":"first","11":"instock","12":"taxable","13":"shipping-taxable","14":"purchasable","15":"product-type-simple"},"acf":[],"_links":{"self":[{"href":"https:\/\/cultivers.es\/fr\/wp-json\/wp\/v2\/product\/37971","targetHints":{"allow":["GET"]}}],"collection":[{"href":"https:\/\/cultivers.es\/fr\/wp-json\/wp\/v2\/product"}],"about":[{"href":"https:\/\/cultivers.es\/fr\/wp-json\/wp\/v2\/types\/product"}],"replies":[{"embeddable":true,"href":"https:\/\/cultivers.es\/fr\/wp-json\/wp\/v2\/comments?post=37971"}],"wp:featuredmedia":[{"embeddable":true,"href":"https:\/\/cultivers.es\/fr\/wp-json\/wp\/v2\/media\/33819"}],"wp:attachment":[{"href":"https:\/\/cultivers.es\/fr\/wp-json\/wp\/v2\/media?parent=37971"}],"wp:term":[{"taxonomy":"product_brand","embeddable":true,"href":"https:\/\/cultivers.es\/fr\/wp-json\/wp\/v2\/product_brand?post=37971"},{"taxonomy":"product_cat","embeddable":true,"href":"https:\/\/cultivers.es\/fr\/wp-json\/wp\/v2\/product_cat?post=37971"},{"taxonomy":"product_tag","embeddable":true,"href":"https:\/\/cultivers.es\/fr\/wp-json\/wp\/v2\/product_tag?post=37971"},{"taxonomy":"woo-feed-brand","embeddable":true,"href":"https:\/\/cultivers.es\/fr\/wp-json\/wp\/v2\/woo-feed-brand?post=37971"}],"curies":[{"name":"wp","href":"https:\/\/api.w.org\/{rel}","templated":true}]}}