{"id":37979,"date":"2024-09-10T10:10:30","date_gmt":"2024-09-10T10:10:30","guid":{"rendered":"https:\/\/cultivers.es\/abonos\/lupin-bleu-biologique-graines\/"},"modified":"2025-09-22T04:50:43","modified_gmt":"2025-09-22T04:50:43","slug":"lupin-bleu-biologique-graines","status":"publish","type":"product","link":"https:\/\/cultivers.es\/fr\/abonnements\/lupin-bleu-biologique-graines\/","title":{"rendered":"Lupin Bleu Semences"},"content":{"rendered":"","protected":false},"excerpt":{"rendered":"<div class=\"flex-shrink-0 flex flex-col relative items-end\">\n<div>\n<div class=\"pt-0\">\n<div class=\"gizmo-bot-avatar flex h-8 w-8 items-center justify-center overflow-hidden rounded-full\"><\/div>\n<\/div>\n<\/div>\n<\/div>\n<div class=\"group\/conversation-turn relative flex w-full min-w-0 flex-col agent-turn\">\n<div class=\"flex-col gap-1 md:gap-3\">\n<div class=\"flex max-w-full flex-col flex-grow AIPRM__conversation__response\">\n<div class=\"min-h-[20px] text-message flex w-full flex-col items-end gap-2 whitespace-normal break-words [.text-message+&amp;]:mt-5\" dir=\"auto\" data-message-author-role=\"assistant\" data-message-id=\"3111d635-fd30-4d4c-8429-5c710930b4b0\">\n<div class=\"flex w-full flex-col gap-1 empty:hidden first:pt-[3px]\">\n<div class=\"markdown prose w-full break-words dark:prose-invert light\">\n<p>Introduisez une touche de couleur et de durabilit\u00e9 dans votre jardin avec nos graines de lupin bleu biologique. Non seulement cette plante embellit l&rsquo;espace avec ses fleurs bleues vibrantes, mais elle joue \u00e9galement un r\u00f4le crucial dans l&rsquo;am\u00e9lioration de la qualit\u00e9 du sol, gr\u00e2ce \u00e0 sa capacit\u00e9 \u00e0 fixer l&rsquo;azote, enrichissant ainsi l&rsquo;environnement de votre jardin. <\/p>\n<ul>\n<li><strong>Des fleurs \u00e9clatantes :<\/strong> Le lupin bleu est connu pour ses fleurs \u00e9tonnantes dans des tons bleus intenses, qui ajoutent une touche dramatique et color\u00e9e \u00e0 tout jardin.<\/li>\n<li><strong>Am\u00e9lioration du sol :<\/strong> En tant que l\u00e9gumineuse, le lupin bleu fixe naturellement l&rsquo;azote dans le sol, ce qui am\u00e9liore la fertilit\u00e9 du sol sans n\u00e9cessiter d&rsquo;engrais chimiques. Cela en fait un excellent choix pour la rotation des cultures et les jardins biologiques. <\/li>\n<li><strong>Facile \u00e0 cultiver :<\/strong> Bien qu&rsquo;il pr\u00e9f\u00e8re les sols bien drain\u00e9s et une bonne exposition au soleil, le lupin bleu est relativement facile \u00e0 cultiver et peut s&rsquo;adapter \u00e0 une vari\u00e9t\u00e9 de conditions climatiques et de sol.<\/li>\n<li><strong>Durabilit\u00e9 :<\/strong> La culture du lupin bleu est un moyen efficace de soutenir la durabilit\u00e9 dans votre jardin. En am\u00e9liorant naturellement la sant\u00e9 du sol, vous favorisez un \u00e9cosyst\u00e8me plus \u00e9quilibr\u00e9 et plus r\u00e9sistant. <\/li>\n<li><strong>Culture biologique :<\/strong> nos semences sont 100 % biologiques, ce qui garantit que votre jardin reste exempt de produits chimiques et de pesticides, et favorise des pratiques de jardinage plus vertes et plus saines.<\/li>\n<\/ul>\n<p>Transformez votre jardin en un paradis de couleurs et de durabilit\u00e9 avec nos graines de lupin bleu biologique. Non seulement vous embellirez votre espace avec des fleurs \u00e9blouissantes, mais vous contribuerez \u00e9galement \u00e0 la sant\u00e9 environnementale de votre jardin. Commandez d\u00e8s aujourd&rsquo;hui et commencez \u00e0 cultiver la beaut\u00e9 et les avantages \u00e9cologiques !  <\/p>\n<\/div>\n<\/div>\n<\/div>\n<\/div>\n<\/div>\n<\/div>\n","protected":false},"featured_media":33841,"comment_status":"open","ping_status":"closed","template":"","meta":{"_acf_changed":false},"product_brand":[],"product_cat":[761,424],"product_tag":[1579],"woo-feed-brand":[],"class_list":{"0":"post-37979","1":"product","2":"type-product","3":"status-publish","4":"has-post-thumbnail","6":"product_cat-graines-de-legumineuses-biologiques","7":"product_cat-semences-biologiques","8":"product_tag-eco","10":"first","11":"instock","12":"taxable","13":"shipping-taxable","14":"purchasable","15":"product-type-simple"},"acf":[],"_links":{"self":[{"href":"https:\/\/cultivers.es\/fr\/wp-json\/wp\/v2\/product\/37979","targetHints":{"allow":["GET"]}}],"collection":[{"href":"https:\/\/cultivers.es\/fr\/wp-json\/wp\/v2\/product"}],"about":[{"href":"https:\/\/cultivers.es\/fr\/wp-json\/wp\/v2\/types\/product"}],"replies":[{"embeddable":true,"href":"https:\/\/cultivers.es\/fr\/wp-json\/wp\/v2\/comments?post=37979"}],"wp:featuredmedia":[{"embeddable":true,"href":"https:\/\/cultivers.es\/fr\/wp-json\/wp\/v2\/media\/33841"}],"wp:attachment":[{"href":"https:\/\/cultivers.es\/fr\/wp-json\/wp\/v2\/media?parent=37979"}],"wp:term":[{"taxonomy":"product_brand","embeddable":true,"href":"https:\/\/cultivers.es\/fr\/wp-json\/wp\/v2\/product_brand?post=37979"},{"taxonomy":"product_cat","embeddable":true,"href":"https:\/\/cultivers.es\/fr\/wp-json\/wp\/v2\/product_cat?post=37979"},{"taxonomy":"product_tag","embeddable":true,"href":"https:\/\/cultivers.es\/fr\/wp-json\/wp\/v2\/product_tag?post=37979"},{"taxonomy":"woo-feed-brand","embeddable":true,"href":"https:\/\/cultivers.es\/fr\/wp-json\/wp\/v2\/woo-feed-brand?post=37979"}],"curies":[{"name":"wp","href":"https:\/\/api.w.org\/{rel}","templated":true}]}}