{"id":37982,"date":"2024-09-10T10:04:21","date_gmt":"2024-09-10T10:04:21","guid":{"rendered":"https:\/\/cultivers.es\/abonos\/graines-de-racine-de-persil-biologique\/"},"modified":"2025-09-22T04:50:43","modified_gmt":"2025-09-22T04:50:43","slug":"graines-de-racine-de-persil-biologique","status":"publish","type":"product","link":"https:\/\/cultivers.es\/fr\/abonnements\/graines-de-racine-de-persil-biologique\/","title":{"rendered":"Graines de racine de persil"},"content":{"rendered":"","protected":false},"excerpt":{"rendered":"<p>Explorez une autre facette du persil avec nos graines de persil racine biologique. Contrairement au persil ordinaire, le persil racine est cultiv\u00e9 pour son tubercule comestible, qui offre une saveur riche et l\u00e9g\u00e8rement sucr\u00e9e, semblable \u00e0 celle du panais ou de la carotte blanche. Il est parfait pour les soupes, les rago\u00fbts et comme garniture, ajoutant de la profondeur et de la nutrition \u00e0 vos plats.  <\/p>\n<ul>\n<li><strong>Racine comestible :<\/strong> Le persil-racine produit un gros tubercule charnu, id\u00e9al pour la cuisine gastronomique. Sa saveur est un m\u00e9lange sophistiqu\u00e9 et terreux qui enrichit toutes les recettes chaudes. <\/li>\n<li><strong>Polyvalence culinaire :<\/strong> Utilisez le persil-racine dans une grande vari\u00e9t\u00e9 de plats, des soupes et rago\u00fbts aux pur\u00e9es et r\u00f4tis. Sa texture douce et sa saveur unique en font un excellent substitut ou compl\u00e9ment \u00e0 d&rsquo;autres racines et tubercules. <\/li>\n<li><strong>Facile \u00e0 cultiver :<\/strong> Cette plante rustique convient \u00e0 une vari\u00e9t\u00e9 de climats et de types de sol, ce qui la rend accessible aux jardiniers de tous niveaux. Elle n\u00e9cessite un peu d&rsquo;espace pour le d\u00e9veloppement des racines, mais ne demande g\u00e9n\u00e9ralement que peu d&rsquo;entretien. <\/li>\n<li><strong>Avantages nutritionnels :<\/strong> Riche en vitamines et en min\u00e9raux, le persil racine est une excellente source de fibres, de vitamine C et de fer, ce qui en fait un aliment aussi sain que d\u00e9licieux.<\/li>\n<li><strong>Culture biologique :<\/strong> Cultiv\u00e9 selon des normes biologiques strictes, ce persil racine est non seulement bon pour vous, mais aussi bon pour la plan\u00e8te. Nos graines sont exemptes \u00e0 100 % de produits chimiques et de pesticides, ce qui garantit un produit pur et naturel. <\/li>\n<\/ul>\n<p>Repoussez les limites de votre jardin et de votre cuisine avec le persil racine. Nos graines biologiques vous permettent d&rsquo;explorer de nouvelles saveurs et textures, tout en contribuant \u00e0 un mode de vie plus sain et plus durable. Commandez d\u00e8s aujourd&rsquo;hui et commencez \u00e0 d\u00e9couvrir les secrets culinaires du persil racine !  <\/p>\n","protected":false},"featured_media":33834,"comment_status":"open","ping_status":"closed","template":"","meta":{"_acf_changed":false},"product_brand":[],"product_cat":[747,426,424],"product_tag":[1579],"woo-feed-brand":[],"class_list":{"0":"post-37982","1":"product","2":"type-product","3":"status-publish","4":"has-post-thumbnail","6":"product_cat-graines-aromatiques-biologiques","7":"product_cat-graines-de-racines-biologiques","8":"product_cat-semences-biologiques","9":"product_tag-eco","11":"first","12":"instock","13":"taxable","14":"shipping-taxable","15":"purchasable","16":"product-type-simple"},"acf":[],"_links":{"self":[{"href":"https:\/\/cultivers.es\/fr\/wp-json\/wp\/v2\/product\/37982","targetHints":{"allow":["GET"]}}],"collection":[{"href":"https:\/\/cultivers.es\/fr\/wp-json\/wp\/v2\/product"}],"about":[{"href":"https:\/\/cultivers.es\/fr\/wp-json\/wp\/v2\/types\/product"}],"replies":[{"embeddable":true,"href":"https:\/\/cultivers.es\/fr\/wp-json\/wp\/v2\/comments?post=37982"}],"wp:featuredmedia":[{"embeddable":true,"href":"https:\/\/cultivers.es\/fr\/wp-json\/wp\/v2\/media\/33834"}],"wp:attachment":[{"href":"https:\/\/cultivers.es\/fr\/wp-json\/wp\/v2\/media?parent=37982"}],"wp:term":[{"taxonomy":"product_brand","embeddable":true,"href":"https:\/\/cultivers.es\/fr\/wp-json\/wp\/v2\/product_brand?post=37982"},{"taxonomy":"product_cat","embeddable":true,"href":"https:\/\/cultivers.es\/fr\/wp-json\/wp\/v2\/product_cat?post=37982"},{"taxonomy":"product_tag","embeddable":true,"href":"https:\/\/cultivers.es\/fr\/wp-json\/wp\/v2\/product_tag?post=37982"},{"taxonomy":"woo-feed-brand","embeddable":true,"href":"https:\/\/cultivers.es\/fr\/wp-json\/wp\/v2\/woo-feed-brand?post=37982"}],"curies":[{"name":"wp","href":"https:\/\/api.w.org\/{rel}","templated":true}]}}