{"id":37990,"date":"2024-09-10T12:08:58","date_gmt":"2024-09-10T12:08:58","guid":{"rendered":"https:\/\/cultivers.es\/abonos\/semences-de-tomate-cherry-sweetie-bio\/"},"modified":"2026-03-19T07:06:16","modified_gmt":"2026-03-19T07:06:16","slug":"semences-de-tomate-cherry-sweetie-bio","status":"publish","type":"product","link":"https:\/\/cultivers.es\/fr\/abonnements\/semences-de-tomate-cherry-sweetie-bio\/","title":{"rendered":"Graines de tomate Cherry Sweetie"},"content":{"rendered":"","protected":false},"excerpt":{"rendered":"<p>Ajoutez une touche de douceur \u00e0 votre jardin avec nos graines de tomate Cherry Sweetie biologique. Cette vari\u00e9t\u00e9 de tomate cerise est connue pour sa haute teneur en sucre, ce qui produit de petits fruits ronds et exceptionnellement sucr\u00e9s, parfaits pour les salades, les en-cas ou tout simplement pour les d\u00e9guster directement dans le jardin. <\/p>\n<ul>\n<li><strong>Un go\u00fbt exceptionnellement doux :<\/strong> les tomates Cherry Sweetie sont appr\u00e9ci\u00e9es pour leur go\u00fbt incroyablement doux et juteux, ce qui en fait les pr\u00e9f\u00e9r\u00e9es des enfants et des adultes.<\/li>\n<li><strong>R\u00e9colte abondante :<\/strong> Cette vari\u00e9t\u00e9 produit des grappes de tomates qui m\u00fbrissent simultan\u00e9ment, garantissant une r\u00e9colte abondante que vous pourrez appr\u00e9cier tout au long de la saison.<\/li>\n<li><strong>Croissance vigoureuse :<\/strong> Avec sa croissance robuste et vigoureuse, la tomate Cherry Sweetie est facile \u00e0 cultiver en pot et en pleine terre, s&rsquo;adaptant bien \u00e0 une vari\u00e9t\u00e9 de conditions de jardin.<\/li>\n<li><strong>Utilisation polyvalente :<\/strong> Leur petite taille et leur go\u00fbt sucr\u00e9 font des tomates Cherry Sweetie un compl\u00e9ment parfait \u00e0 toutes les pr\u00e9parations, des salades fra\u00eeches aux d\u00e9licieuses pizzas et sauces.<\/li>\n<li><strong>Culture biologique :<\/strong> Cultiv\u00e9es sans pesticides ni engrais chimiques, nos semences biologiques garantissent un produit sain et respectueux de l&rsquo;environnement, id\u00e9al pour un mode de vie durable.<\/li>\n<\/ul>\n<p>D\u00e9couvrez le go\u00fbt sucr\u00e9 de la r\u00e9ussite dans votre jardin avec nos graines de tomates cerise Sweetie biologiques. Cultivez vos propres tomates cerises et profitez de la fra\u00eecheur et de la qualit\u00e9 que seules les tomates cultiv\u00e9es \u00e0 la maison peuvent offrir. Commandez d\u00e8s maintenant et commencez \u00e0 profiter de ces d\u00e9licieux morceaux de nature !  <\/p>\n","protected":false},"featured_media":33850,"comment_status":"open","ping_status":"closed","template":"","meta":{"_acf_changed":false},"product_brand":[],"product_cat":[424,430],"product_tag":[1579],"class_list":{"0":"post-37990","1":"product","2":"type-product","3":"status-publish","4":"has-post-thumbnail","6":"product_cat-semences-biologiques","7":"product_cat-semences-de-fruits-et-legumes-biologiques","8":"product_tag-eco","10":"first","11":"instock","12":"taxable","13":"shipping-taxable","14":"purchasable","15":"product-type-simple"},"acf":[],"_links":{"self":[{"href":"https:\/\/cultivers.es\/fr\/wp-json\/wp\/v2\/product\/37990","targetHints":{"allow":["GET"]}}],"collection":[{"href":"https:\/\/cultivers.es\/fr\/wp-json\/wp\/v2\/product"}],"about":[{"href":"https:\/\/cultivers.es\/fr\/wp-json\/wp\/v2\/types\/product"}],"replies":[{"embeddable":true,"href":"https:\/\/cultivers.es\/fr\/wp-json\/wp\/v2\/comments?post=37990"}],"wp:featuredmedia":[{"embeddable":true,"href":"https:\/\/cultivers.es\/fr\/wp-json\/wp\/v2\/media\/33850"}],"wp:attachment":[{"href":"https:\/\/cultivers.es\/fr\/wp-json\/wp\/v2\/media?parent=37990"}],"wp:term":[{"taxonomy":"product_brand","embeddable":true,"href":"https:\/\/cultivers.es\/fr\/wp-json\/wp\/v2\/product_brand?post=37990"},{"taxonomy":"product_cat","embeddable":true,"href":"https:\/\/cultivers.es\/fr\/wp-json\/wp\/v2\/product_cat?post=37990"},{"taxonomy":"product_tag","embeddable":true,"href":"https:\/\/cultivers.es\/fr\/wp-json\/wp\/v2\/product_tag?post=37990"}],"curies":[{"name":"wp","href":"https:\/\/api.w.org\/{rel}","templated":true}]}}