{"id":37991,"date":"2024-09-10T12:26:31","date_gmt":"2024-09-10T12:26:31","guid":{"rendered":"https:\/\/cultivers.es\/abonos\/graines-de-tomate-orange-banane-bio\/"},"modified":"2025-09-22T04:50:50","modified_gmt":"2025-09-22T04:50:50","slug":"graines-de-tomate-orange-banane-bio","status":"publish","type":"product","link":"https:\/\/cultivers.es\/fr\/abonnements\/graines-de-tomate-orange-banane-bio\/","title":{"rendered":"Graines de tomate Orange Banana"},"content":{"rendered":"","protected":false},"excerpt":{"rendered":"<p>Ajoutez une touche d&rsquo;innovation et d&rsquo;exotisme \u00e0 votre jardin avec nos graines de tomate orange banane biologique. Cette vari\u00e9t\u00e9 de tomate se caract\u00e9rise par sa forme allong\u00e9e et sa couleur orange vibrante. Elle offre une texture ferme et une saveur douce et fruit\u00e9e qui enrichira vos salades, sauces et conserves. <\/p>\n<ul>\n<li><strong>Couleur \u00e9clatante et forme unique :<\/strong> la tomate Orange Banana se distingue par sa couleur orange vif et sa forme allong\u00e9e, semblable \u00e0 celle d&rsquo;une banane, ce qui en fait une favorite pour les jardins d\u00e9coratifs et les cuisines cr\u00e9atives.<\/li>\n<li><strong>Saveur douce et fruit\u00e9e :<\/strong> Avec un \u00e9quilibre parfait entre douceur et acidit\u00e9, cette tomate est id\u00e9ale pour ceux qui recherchent une alternative aux saveurs traditionnelles des tomates rouges. Sa saveur complexe la rend parfaite pour \u00eatre le protagoniste de n&rsquo;importe quel plat. <\/li>\n<li><strong>Productivit\u00e9 \u00e9lev\u00e9e :<\/strong> Malgr\u00e9 son exotisme, la tomate Orange Banana est une plante robuste et productive, offrant de nombreux fruits par plante et prolongeant la r\u00e9colte tout au long de la saison.<\/li>\n<li><strong>Polyvalence culinaire :<\/strong> Cette tomate est exceptionnellement polyvalente dans la cuisine, parfaite pour \u00eatre consomm\u00e9e fra\u00eeche, dans les salades, ou utilis\u00e9e dans les sauces et les conserves o\u00f9 sa couleur et sa saveur peuvent vraiment briller.<\/li>\n<li><strong>Culture biologique :<\/strong> Cultiv\u00e9es selon des normes biologiques strictes, nos semences garantissent une culture sans produits chimiques, offrant un produit sain et respectueux de l&rsquo;environnement.<\/li>\n<\/ul>\n<p>Transformez votre jardin et votre table avec l&rsquo;unique tomate Orange Banana. Nos semences biologiques vous permettent de cultiver une tomate qui est non seulement d\u00e9licieuse et saine, mais aussi un v\u00e9ritable plaisir visuel. Commandez d\u00e8s aujourd&rsquo;hui et faites un pas vers un jardin plus vivant et une cuisine plus cr\u00e9ative !  <\/p>\n","protected":false},"featured_media":33857,"comment_status":"open","ping_status":"closed","template":"","meta":{"_acf_changed":false},"product_brand":[],"product_cat":[424,430],"product_tag":[1579],"class_list":{"0":"post-37991","1":"product","2":"type-product","3":"status-publish","4":"has-post-thumbnail","6":"product_cat-semences-biologiques","7":"product_cat-semences-de-fruits-et-legumes-biologiques","8":"product_tag-eco","10":"first","11":"instock","12":"taxable","13":"shipping-taxable","14":"purchasable","15":"product-type-simple"},"acf":[],"_links":{"self":[{"href":"https:\/\/cultivers.es\/fr\/wp-json\/wp\/v2\/product\/37991","targetHints":{"allow":["GET"]}}],"collection":[{"href":"https:\/\/cultivers.es\/fr\/wp-json\/wp\/v2\/product"}],"about":[{"href":"https:\/\/cultivers.es\/fr\/wp-json\/wp\/v2\/types\/product"}],"replies":[{"embeddable":true,"href":"https:\/\/cultivers.es\/fr\/wp-json\/wp\/v2\/comments?post=37991"}],"wp:featuredmedia":[{"embeddable":true,"href":"https:\/\/cultivers.es\/fr\/wp-json\/wp\/v2\/media\/33857"}],"wp:attachment":[{"href":"https:\/\/cultivers.es\/fr\/wp-json\/wp\/v2\/media?parent=37991"}],"wp:term":[{"taxonomy":"product_brand","embeddable":true,"href":"https:\/\/cultivers.es\/fr\/wp-json\/wp\/v2\/product_brand?post=37991"},{"taxonomy":"product_cat","embeddable":true,"href":"https:\/\/cultivers.es\/fr\/wp-json\/wp\/v2\/product_cat?post=37991"},{"taxonomy":"product_tag","embeddable":true,"href":"https:\/\/cultivers.es\/fr\/wp-json\/wp\/v2\/product_tag?post=37991"}],"curies":[{"name":"wp","href":"https:\/\/api.w.org\/{rel}","templated":true}]}}