{"id":38000,"date":"2024-09-10T12:37:19","date_gmt":"2024-09-10T12:37:19","guid":{"rendered":"https:\/\/cultivers.es\/abonos\/organic-blue-beauty-indigo-tomato-seeds\/"},"modified":"2025-09-22T04:50:59","modified_gmt":"2025-09-22T04:50:59","slug":"organic-blue-beauty-indigo-tomato-seeds","status":"publish","type":"product","link":"https:\/\/cultivers.es\/fr\/abonnements\/organic-blue-beauty-indigo-tomato-seeds\/","title":{"rendered":"Indigo Tomato Seeds Blue Beauty"},"content":{"rendered":"","protected":false},"excerpt":{"rendered":"<p>Introduisez un \u00e9l\u00e9ment surprenant dans votre jardin avec nos semences de tomates bio Blue Beauty Indigo. Cette vari\u00e9t\u00e9 exceptionnelle se distingue par sa peau bleu fonc\u00e9, due \u00e0 la pr\u00e9sence d&rsquo;anthocyanes, les m\u00eames antioxydants que l&rsquo;on trouve dans les myrtilles. \u00c0 maturit\u00e9, ces tomates r\u00e9v\u00e8lent un magnifique m\u00e9lange de couleurs bleues et rouges, offrant non seulement un impact visuel \u00e9poustouflant, mais aussi une saveur riche et complexe.  <\/p>\n<ul>\n<li><strong>Coloration unique :<\/strong> Indigo Blue Beauty Les tomates sont c\u00e9l\u00e8bres pour leur couleur bleue inhabituelle, qui vire au rouge dans les parties du fruit qui re\u00e7oivent le soleil le plus direct. Cette caract\u00e9ristique en fait un ajout spectaculaire \u00e0 tout verger. <\/li>\n<li><strong>Riche en antioxydants :<\/strong> La teneur \u00e9lev\u00e9e en anthocyanes n&rsquo;est pas seulement \u00e0 l&rsquo;origine de sa couleur distinctive, elle offre \u00e9galement des avantages antioxydants connus pour favoriser la sant\u00e9 cardiovasculaire et renforcer le syst\u00e8me immunitaire.<\/li>\n<li><strong>Une saveur exceptionnelle :<\/strong> Ces tomates ont une saveur \u00e9quilibr\u00e9e et l\u00e9g\u00e8rement sucr\u00e9e, ce qui les rend parfaites pour une vari\u00e9t\u00e9 d&rsquo;utilisations culinaires, des salades fra\u00eeches aux sauces et aux rago\u00fbts.<\/li>\n<li><strong>Rendement g\u00e9n\u00e9reux :<\/strong> La tomate Indigo Blue Beauty est une plante vigoureuse et productive, capable d&rsquo;offrir une r\u00e9colte abondante tout au long de la saison de croissance.<\/li>\n<li><strong>Culture biologique :<\/strong> Nos graines sont 100% biologiques, cultiv\u00e9es sans pesticides ni engrais chimiques, ce qui garantit un produit sain et durable pour votre jardin.<\/li>\n<\/ul>\n<p>D\u00e9couvrez la beaut\u00e9 et les bienfaits de la tomate Indigo Blue Beauty. Cultivez ces tomates uniques et profitez de leur impact visuel et de leurs bienfaits nutritionnels dans votre propre cuisine. Commandez d\u00e8s aujourd&rsquo;hui et portez votre jardin \u00e0 un nouveau niveau d&rsquo;excellence !  <\/p>\n","protected":false},"featured_media":33864,"comment_status":"open","ping_status":"closed","template":"","meta":{"_acf_changed":false},"product_brand":[],"product_cat":[424,430],"product_tag":[1579],"class_list":{"0":"post-38000","1":"product","2":"type-product","3":"status-publish","4":"has-post-thumbnail","6":"product_cat-semences-biologiques","7":"product_cat-semences-de-fruits-et-legumes-biologiques","8":"product_tag-eco","10":"first","11":"instock","12":"taxable","13":"shipping-taxable","14":"purchasable","15":"product-type-simple"},"acf":[],"_links":{"self":[{"href":"https:\/\/cultivers.es\/fr\/wp-json\/wp\/v2\/product\/38000","targetHints":{"allow":["GET"]}}],"collection":[{"href":"https:\/\/cultivers.es\/fr\/wp-json\/wp\/v2\/product"}],"about":[{"href":"https:\/\/cultivers.es\/fr\/wp-json\/wp\/v2\/types\/product"}],"replies":[{"embeddable":true,"href":"https:\/\/cultivers.es\/fr\/wp-json\/wp\/v2\/comments?post=38000"}],"wp:featuredmedia":[{"embeddable":true,"href":"https:\/\/cultivers.es\/fr\/wp-json\/wp\/v2\/media\/33864"}],"wp:attachment":[{"href":"https:\/\/cultivers.es\/fr\/wp-json\/wp\/v2\/media?parent=38000"}],"wp:term":[{"taxonomy":"product_brand","embeddable":true,"href":"https:\/\/cultivers.es\/fr\/wp-json\/wp\/v2\/product_brand?post=38000"},{"taxonomy":"product_cat","embeddable":true,"href":"https:\/\/cultivers.es\/fr\/wp-json\/wp\/v2\/product_cat?post=38000"},{"taxonomy":"product_tag","embeddable":true,"href":"https:\/\/cultivers.es\/fr\/wp-json\/wp\/v2\/product_tag?post=38000"}],"curies":[{"name":"wp","href":"https:\/\/api.w.org\/{rel}","templated":true}]}}