{"id":38001,"date":"2024-09-10T12:55:32","date_gmt":"2024-09-10T12:55:32","guid":{"rendered":"https:\/\/cultivers.es\/abonos\/semences-de-tomates-citrina-bio\/"},"modified":"2025-09-22T04:50:54","modified_gmt":"2025-09-22T04:50:54","slug":"semences-de-tomates-citrina-bio","status":"publish","type":"product","link":"https:\/\/cultivers.es\/fr\/abonnements\/semences-de-tomates-citrina-bio\/","title":{"rendered":"Semences de tomates Citrine"},"content":{"rendered":"","protected":false},"excerpt":{"rendered":"<p>Donnez \u00e0 votre jardin une touche sp\u00e9ciale avec nos semences de tomates biologiques Citrine. Cette tomate, connue pour sa forme ovale et sa couleur jaune vif, ressemble \u00e0 un petit citron, tant par son aspect que par sa saveur. Sa saveur l\u00e9g\u00e8rement citronn\u00e9e et sa texture croquante font de la tomate Citrina une tomate id\u00e9ale pour les salades, les hors-d&rsquo;\u0153uvre et autres pr\u00e9parations culinaires o\u00f9 une touche de fra\u00eecheur est souhait\u00e9e.  <\/p>\n<ul>\n<li><strong>Couleur vive et forme unique : les<\/strong> tomates Citrina se distinguent par leur couleur jaune vif et leur forme ovale, qui rappelle celle d&rsquo;un citron. Ces tomates attirent non seulement l&rsquo;attention, mais ajoutent \u00e9galement un \u00e9l\u00e9ment visuel \u00e9tonnant \u00e0 n&rsquo;importe quel plat. <\/li>\n<li><strong>Go\u00fbt d&rsquo;agrumes frais :<\/strong> Avec un profil de go\u00fbt l\u00e9g\u00e8rement acide, ces tomates offrent une exp\u00e9rience culinaire unique, id\u00e9ale pour ceux qui cherchent \u00e0 innover dans la cuisine avec de nouvelles saveurs.<\/li>\n<li><strong>Productivit\u00e9 \u00e9lev\u00e9e :<\/strong> La tomate Citrina est connue pour sa robustesse et sa capacit\u00e9 \u00e0 produire une grande quantit\u00e9 de fruits tout au long de la saison, garantissant ainsi une r\u00e9colte g\u00e9n\u00e9reuse.<\/li>\n<li><strong>Facile \u00e0 cultiver :<\/strong> Adapt\u00e9e \u00e0 une grande vari\u00e9t\u00e9 de climats et de sols, la tomate Citrina est un excellent choix pour les jardiniers de tous niveaux, qu&rsquo;ils soient d\u00e9butants ou experts.<\/li>\n<li><strong>Culture biologique :<\/strong> Nos semences sont 100% biologiques, cultiv\u00e9es sans pesticides ni engrais chimiques, ce qui garantit un produit sain et respectueux de l&rsquo;environnement.<\/li>\n<\/ul>\n<p>Ajoutez de la saveur, de la couleur et de l&rsquo;originalit\u00e9 \u00e0 votre jardin avec la tomate Citrina. Ces graines biologiques vous permettront de d\u00e9guster des tomates au go\u00fbt unique d&rsquo;agrumes, parfaites pour rafra\u00eechir vos recettes pr\u00e9f\u00e9r\u00e9es. Commandez d\u00e8s maintenant et d\u00e9couvrez le go\u00fbt vibrant et la beaut\u00e9 de la tomate Citrina dans votre propre jardin !  <\/p>\n","protected":false},"featured_media":33871,"comment_status":"open","ping_status":"closed","template":"","meta":{"_acf_changed":false},"product_brand":[],"product_cat":[424,430],"product_tag":[1579],"class_list":{"0":"post-38001","1":"product","2":"type-product","3":"status-publish","4":"has-post-thumbnail","6":"product_cat-semences-biologiques","7":"product_cat-semences-de-fruits-et-legumes-biologiques","8":"product_tag-eco","10":"first","11":"instock","12":"taxable","13":"shipping-taxable","14":"purchasable","15":"product-type-simple"},"acf":[],"_links":{"self":[{"href":"https:\/\/cultivers.es\/fr\/wp-json\/wp\/v2\/product\/38001","targetHints":{"allow":["GET"]}}],"collection":[{"href":"https:\/\/cultivers.es\/fr\/wp-json\/wp\/v2\/product"}],"about":[{"href":"https:\/\/cultivers.es\/fr\/wp-json\/wp\/v2\/types\/product"}],"replies":[{"embeddable":true,"href":"https:\/\/cultivers.es\/fr\/wp-json\/wp\/v2\/comments?post=38001"}],"wp:featuredmedia":[{"embeddable":true,"href":"https:\/\/cultivers.es\/fr\/wp-json\/wp\/v2\/media\/33871"}],"wp:attachment":[{"href":"https:\/\/cultivers.es\/fr\/wp-json\/wp\/v2\/media?parent=38001"}],"wp:term":[{"taxonomy":"product_brand","embeddable":true,"href":"https:\/\/cultivers.es\/fr\/wp-json\/wp\/v2\/product_brand?post=38001"},{"taxonomy":"product_cat","embeddable":true,"href":"https:\/\/cultivers.es\/fr\/wp-json\/wp\/v2\/product_cat?post=38001"},{"taxonomy":"product_tag","embeddable":true,"href":"https:\/\/cultivers.es\/fr\/wp-json\/wp\/v2\/product_tag?post=38001"}],"curies":[{"name":"wp","href":"https:\/\/api.w.org\/{rel}","templated":true}]}}