{"id":38010,"date":"2024-09-10T13:03:22","date_gmt":"2024-09-10T13:03:22","guid":{"rendered":"https:\/\/cultivers.es\/abonos\/semences-de-tomates-crimee-noire-crimee-bio\/"},"modified":"2025-09-22T05:26:20","modified_gmt":"2025-09-22T05:26:20","slug":"semences-de-tomates-crimee-noire-crimee-bio","status":"publish","type":"product","link":"https:\/\/cultivers.es\/fr\/abonnements\/semences-de-tomates-crimee-noire-crimee-bio\/","title":{"rendered":"Graines de tomates Crim\u00e9e Noire"},"content":{"rendered":"","protected":false},"excerpt":{"rendered":"<p>Enrichissez votre jardin avec la caract\u00e9ristique et l&rsquo;exquise Tomate Noire Crim\u00e9e, gr\u00e2ce \u00e0 nos semences biologiques. Cette vari\u00e9t\u00e9, \u00e9galement connue sous le nom de \u00ab\u00a0Crim\u00e9e Noire\u00a0\u00bb, est c\u00e9l\u00e8bre pour sa couleur fonc\u00e9e, presque noire, et sa saveur intense et sucr\u00e9e, ce qui en fait la pr\u00e9f\u00e9r\u00e9e de ceux qui recherchent une tomate hors du commun. Parfaite pour les salades, les sauces ou tout simplement pour la d\u00e9guster en tranches avec un peu d&rsquo;huile d&rsquo;olive et de sel.  <\/p>\n<ul>\n<li><strong>Couleur exotique :<\/strong> La tomate Crim\u00e9e Noire se distingue par sa peau brun fonc\u00e9 \u00e0 violet profond, presque noire, et sa chair rouge vif, qui cr\u00e9ent un impact visuel unique dans la cuisine.<\/li>\n<li><strong>Saveur complexe :<\/strong> R\u00e9put\u00e9e pour sa saveur riche et l\u00e9g\u00e8rement fum\u00e9e, avec des notes sucr\u00e9es et un parfait \u00e9quilibre d&rsquo;acidit\u00e9, cette tomate est id\u00e9ale pour rehausser n&rsquo;importe quel plat.<\/li>\n<li><strong>Texture charnue :<\/strong> Les tomates Noire Crim\u00e9e ont une texture charnue et juteuse, ce qui les rend parfaites pour \u00eatre consomm\u00e9es fra\u00eeches ou pour \u00eatre utilis\u00e9es dans des recettes qui n\u00e9cessitent un minimum de cuisson pour pr\u00e9server leur saveur et leur consistance.<\/li>\n<li><strong>Productivit\u00e9 \u00e9lev\u00e9e :<\/strong> Cette vari\u00e9t\u00e9 produit des fruits gros et r\u00e9guliers tout au long de la saison, ce qui garantit une r\u00e9colte abondante et satisfaisante.<\/li>\n<li><strong>Culture biologique :<\/strong> Nos semences sont 100% biologiques, cultiv\u00e9es sans pesticides ni engrais chimiques, ce qui garantit une culture durable et respectueuse de l&rsquo;environnement.<\/li>\n<\/ul>\n<p>D\u00e9couvrez le go\u00fbt et la beaut\u00e9 de la tomate Crim\u00e9e Noire dans votre propre jardin. Avec nos semences biologiques, vous pouvez cultiver des tomates qui non seulement se distinguent par leur apparence et leur go\u00fbt uniques, mais qui contribuent \u00e9galement \u00e0 un jardin plus sain et plus respectueux de l&rsquo;environnement. Commandez d\u00e8s aujourd&rsquo;hui et pr\u00e9parez-vous \u00e0 vivre une exp\u00e9rience culinaire exceptionnelle !  <\/p>\n","protected":false},"featured_media":33878,"comment_status":"open","ping_status":"closed","template":"","meta":{"_acf_changed":false},"product_brand":[],"product_cat":[424,430],"product_tag":[1579],"woo-feed-brand":[],"class_list":{"0":"post-38010","1":"product","2":"type-product","3":"status-publish","4":"has-post-thumbnail","6":"product_cat-semences-biologiques","7":"product_cat-semences-de-fruits-et-legumes-biologiques","8":"product_tag-eco","10":"first","11":"instock","12":"taxable","13":"shipping-taxable","14":"purchasable","15":"product-type-simple"},"acf":[],"_links":{"self":[{"href":"https:\/\/cultivers.es\/fr\/wp-json\/wp\/v2\/product\/38010","targetHints":{"allow":["GET"]}}],"collection":[{"href":"https:\/\/cultivers.es\/fr\/wp-json\/wp\/v2\/product"}],"about":[{"href":"https:\/\/cultivers.es\/fr\/wp-json\/wp\/v2\/types\/product"}],"replies":[{"embeddable":true,"href":"https:\/\/cultivers.es\/fr\/wp-json\/wp\/v2\/comments?post=38010"}],"wp:featuredmedia":[{"embeddable":true,"href":"https:\/\/cultivers.es\/fr\/wp-json\/wp\/v2\/media\/33878"}],"wp:attachment":[{"href":"https:\/\/cultivers.es\/fr\/wp-json\/wp\/v2\/media?parent=38010"}],"wp:term":[{"taxonomy":"product_brand","embeddable":true,"href":"https:\/\/cultivers.es\/fr\/wp-json\/wp\/v2\/product_brand?post=38010"},{"taxonomy":"product_cat","embeddable":true,"href":"https:\/\/cultivers.es\/fr\/wp-json\/wp\/v2\/product_cat?post=38010"},{"taxonomy":"product_tag","embeddable":true,"href":"https:\/\/cultivers.es\/fr\/wp-json\/wp\/v2\/product_tag?post=38010"},{"taxonomy":"woo-feed-brand","embeddable":true,"href":"https:\/\/cultivers.es\/fr\/wp-json\/wp\/v2\/woo-feed-brand?post=38010"}],"curies":[{"name":"wp","href":"https:\/\/api.w.org\/{rel}","templated":true}]}}