{"id":38011,"date":"2024-09-10T13:08:48","date_gmt":"2024-09-10T13:08:48","guid":{"rendered":"https:\/\/cultivers.es\/abonos\/pheno-greco-greco-organic-seeds\/"},"modified":"2025-09-22T05:26:29","modified_gmt":"2025-09-22T05:26:29","slug":"pheno-greco-greco-organic-seeds","status":"publish","type":"product","link":"https:\/\/cultivers.es\/fr\/abonnements\/pheno-greco-greco-organic-seeds\/","title":{"rendered":"Graine de Feno Greco"},"content":{"rendered":"","protected":false},"excerpt":{"rendered":"<p>Ajoutez une touche d&rsquo;exotisme et de sant\u00e9 \u00e0 votre jardin avec nos graines de fenugrec biologique. \u00c9galement connu sous le nom de fenugrec, le fenugrec est une plante polyvalente et m\u00e9dicinale, appr\u00e9ci\u00e9e \u00e0 la fois pour ses graines aromatiques utilis\u00e9es dans la cuisine mondiale et pour ses feuilles nutritives dans les salades et les plats cuisin\u00e9s. Cette culture enrichira non seulement vos repas, mais am\u00e9liorera \u00e9galement la qualit\u00e9 du sol de votre jardin.  <\/p>\n<ul>\n<li><strong>Saveur et ar\u00f4me intenses : le<\/strong> fenugrec est r\u00e9put\u00e9 pour sa forte saveur de noix, l\u00e9g\u00e8rement am\u00e8re, qui est utilis\u00e9e \u00e0 la fois dans les plats et dans le th\u00e9. C&rsquo;est un ingr\u00e9dient courant dans les m\u00e9langes d&rsquo;\u00e9pices de la cuisine indienne et du Moyen-Orient. <\/li>\n<li><strong>Avantages nutritionnels :<\/strong> Riche en prot\u00e9ines, en vitamines et en min\u00e9raux tels que le fer et le magn\u00e9sium, le fenugrec est un excellent compl\u00e9ment \u00e0 un r\u00e9gime alimentaire sain, connu pour ses propri\u00e9t\u00e9s d&rsquo;am\u00e9lioration de la digestion et de r\u00e9gulation du taux de sucre dans le sang.<\/li>\n<li><strong>Facile \u00e0 cultiver :<\/strong> Cette plante est relativement facile \u00e0 cultiver, s&rsquo;adaptant bien \u00e0 une vari\u00e9t\u00e9 de conditions climatiques et de sol, ce qui la rend id\u00e9ale pour les d\u00e9butants et les jardiniers exp\u00e9riment\u00e9s.<\/li>\n<li><strong>Am\u00e9lioration du sol :<\/strong> en tant que l\u00e9gumineuse, le fenugrec a la capacit\u00e9 de fixer l&rsquo;azote dans le sol, ce qui enrichit sa fertilit\u00e9 et profite aux autres cultures plant\u00e9es \u00e0 proximit\u00e9.<\/li>\n<li><strong>Culture biologique :<\/strong> Cultiv\u00e9es selon des normes biologiques strictes, nos graines de fenugrec garantissent un produit sans produits chimiques, favorisant un jardin durable et sain.<\/li>\n<\/ul>\n<p>Enrichissez votre cuisine et votre jardin avec les graines de fenugrec biologiques polyvalentes. Que vous soyez int\u00e9ress\u00e9 par ses bienfaits pour la sant\u00e9 ou ses utilisations culinaires, le fenugrec est un ajout pr\u00e9cieux et durable \u00e0 tout jardin. Commandez d\u00e8s aujourd&rsquo;hui et d\u00e9couvrez les riches saveurs et les bienfaits de cette plante \u00e9tonnante !  <\/p>\n","protected":false},"featured_media":33885,"comment_status":"open","ping_status":"closed","template":"","meta":{"_acf_changed":false},"product_brand":[],"product_cat":[747,424],"product_tag":[1579],"class_list":{"0":"post-38011","1":"product","2":"type-product","3":"status-publish","4":"has-post-thumbnail","6":"product_cat-graines-aromatiques-biologiques","7":"product_cat-semences-biologiques","8":"product_tag-eco","10":"first","11":"instock","12":"taxable","13":"shipping-taxable","14":"purchasable","15":"product-type-simple"},"acf":[],"_links":{"self":[{"href":"https:\/\/cultivers.es\/fr\/wp-json\/wp\/v2\/product\/38011","targetHints":{"allow":["GET"]}}],"collection":[{"href":"https:\/\/cultivers.es\/fr\/wp-json\/wp\/v2\/product"}],"about":[{"href":"https:\/\/cultivers.es\/fr\/wp-json\/wp\/v2\/types\/product"}],"replies":[{"embeddable":true,"href":"https:\/\/cultivers.es\/fr\/wp-json\/wp\/v2\/comments?post=38011"}],"wp:featuredmedia":[{"embeddable":true,"href":"https:\/\/cultivers.es\/fr\/wp-json\/wp\/v2\/media\/33885"}],"wp:attachment":[{"href":"https:\/\/cultivers.es\/fr\/wp-json\/wp\/v2\/media?parent=38011"}],"wp:term":[{"taxonomy":"product_brand","embeddable":true,"href":"https:\/\/cultivers.es\/fr\/wp-json\/wp\/v2\/product_brand?post=38011"},{"taxonomy":"product_cat","embeddable":true,"href":"https:\/\/cultivers.es\/fr\/wp-json\/wp\/v2\/product_cat?post=38011"},{"taxonomy":"product_tag","embeddable":true,"href":"https:\/\/cultivers.es\/fr\/wp-json\/wp\/v2\/product_tag?post=38011"}],"curies":[{"name":"wp","href":"https:\/\/api.w.org\/{rel}","templated":true}]}}