{"id":38020,"date":"2024-09-11T12:12:42","date_gmt":"2024-09-11T12:12:42","guid":{"rendered":"https:\/\/cultivers.es\/abonos\/graines-de-courge-noires-biologiques-futsu\/"},"modified":"2025-09-22T05:13:03","modified_gmt":"2025-09-22T05:13:03","slug":"graines-de-courge-noires-biologiques-futsu","status":"publish","type":"product","link":"https:\/\/cultivers.es\/fr\/abonnements\/graines-de-courge-noires-biologiques-futsu\/","title":{"rendered":"Futsu aux graines de citrouille noir"},"content":{"rendered":"","protected":false},"excerpt":{"rendered":"<p>D\u00e9couvrez le charme et l&rsquo;\u00e9l\u00e9gance d&rsquo;une vari\u00e9t\u00e9 japonaise traditionnelle avec nos graines de courge noire Futsu biologiques. Cette courge se caract\u00e9rise par sa peau fonc\u00e9e, presque noire, qui m\u00fbrit pour prendre une teinte brune et c\u00f4tel\u00e9e, avec une chair orange fonc\u00e9 et une saveur douce et noiset\u00e9e. Parfaite pour les soupes, les pur\u00e9es, les r\u00f4tis et les desserts, la courge Futsu Black est un choix gourmet qui ajoute de la distinction et de la saveur \u00e0 votre cuisine.  <\/p>\n<ul>\n<li><strong>Saveur douce et d\u00e9licate :<\/strong> la chair du potiron noir Futsu a une saveur douce et sucr\u00e9e avec un soup\u00e7on de noix, ce qui en fait un d\u00e9lice dans tous les plats, des soupes cr\u00e9meuses aux plats d&rsquo;accompagnement r\u00f4tis.<\/li>\n<li><strong>Texture velout\u00e9e :<\/strong> Sa chair ferme et moelleuse la rend id\u00e9ale pour toutes sortes de pr\u00e9parations culinaires. Au four, cuit ou en pur\u00e9e, il offre une texture fine et onctueuse. <\/li>\n<li><strong>Esth\u00e9tique unique :<\/strong> Avec sa peau fonc\u00e9e qui devient brune \u00e0 mesure qu&rsquo;elle m\u00fbrit et sa forme nervur\u00e9e, la citrouille noire Futsu est \u00e9galement parfaite pour les d\u00e9corations automnales et les pr\u00e9sentations \u00e9l\u00e9gantes.<\/li>\n<li><strong>Rusticit\u00e9 et productivit\u00e9 :<\/strong> Cette vari\u00e9t\u00e9 de citrouille est facile \u00e0 cultiver et offre une production \u00e9lev\u00e9e de fruits de taille moyenne \u00e0 grande, r\u00e9sistants et durables, id\u00e9aux pour de longues r\u00e9coltes.<\/li>\n<li><strong>Culture biologique :<\/strong> Nos graines sont 100% biologiques, cultiv\u00e9es sans utilisation de produits chimiques, ce qui garantit une citrouille saine, durable et respectueuse de l&rsquo;environnement.<\/li>\n<\/ul>\n<p>Ajoutez une touche de sophistication et de saveur \u00e0 votre potager avec les graines de citrouille noires biologiques Futsu. Parfaite pour les amateurs de cuisine gastronomique, cette vari\u00e9t\u00e9 offre une exp\u00e9rience culinaire unique et une culture biologique. Commandez d\u00e8s aujourd&rsquo;hui et profitez de la beaut\u00e9 et de la saveur de ce joyau japonais dans votre jardin.  <\/p>\n","protected":false},"featured_media":33925,"comment_status":"open","ping_status":"closed","template":"","meta":{"_acf_changed":false},"product_brand":[],"product_cat":[424,430],"product_tag":[1579],"class_list":{"0":"post-38020","1":"product","2":"type-product","3":"status-publish","4":"has-post-thumbnail","6":"product_cat-semences-biologiques","7":"product_cat-semences-de-fruits-et-legumes-biologiques","8":"product_tag-eco","10":"first","11":"instock","12":"taxable","13":"shipping-taxable","14":"purchasable","15":"product-type-simple"},"acf":[],"_links":{"self":[{"href":"https:\/\/cultivers.es\/fr\/wp-json\/wp\/v2\/product\/38020","targetHints":{"allow":["GET"]}}],"collection":[{"href":"https:\/\/cultivers.es\/fr\/wp-json\/wp\/v2\/product"}],"about":[{"href":"https:\/\/cultivers.es\/fr\/wp-json\/wp\/v2\/types\/product"}],"replies":[{"embeddable":true,"href":"https:\/\/cultivers.es\/fr\/wp-json\/wp\/v2\/comments?post=38020"}],"wp:featuredmedia":[{"embeddable":true,"href":"https:\/\/cultivers.es\/fr\/wp-json\/wp\/v2\/media\/33925"}],"wp:attachment":[{"href":"https:\/\/cultivers.es\/fr\/wp-json\/wp\/v2\/media?parent=38020"}],"wp:term":[{"taxonomy":"product_brand","embeddable":true,"href":"https:\/\/cultivers.es\/fr\/wp-json\/wp\/v2\/product_brand?post=38020"},{"taxonomy":"product_cat","embeddable":true,"href":"https:\/\/cultivers.es\/fr\/wp-json\/wp\/v2\/product_cat?post=38020"},{"taxonomy":"product_tag","embeddable":true,"href":"https:\/\/cultivers.es\/fr\/wp-json\/wp\/v2\/product_tag?post=38020"}],"curies":[{"name":"wp","href":"https:\/\/api.w.org\/{rel}","templated":true}]}}