{"id":38021,"date":"2024-09-10T13:18:27","date_gmt":"2024-09-10T13:18:27","guid":{"rendered":"https:\/\/cultivers.es\/abonos\/graines-de-courge-de-corse-bio\/"},"modified":"2025-09-22T05:26:34","modified_gmt":"2025-09-22T05:26:34","slug":"graines-de-courge-de-corse-bio","status":"publish","type":"product","link":"https:\/\/cultivers.es\/fr\/abonnements\/graines-de-courge-de-corse-bio\/","title":{"rendered":"Graines de courge de Corse"},"content":{"rendered":"","protected":false},"excerpt":{"rendered":"<p>Ajoutez une touche d&rsquo;\u00e9l\u00e9gance et de distinction \u00e0 votre jardin avec nos graines de courge corses biologiques. Cette vari\u00e9t\u00e9 est c\u00e9l\u00e8bre pour son apparence \u00e9tonnante, avec une peau profond\u00e9ment nervur\u00e9e et une couleur vert p\u00e2le. Bien que non comestible, la courge corse est parfaite pour les d\u00e9corations d&rsquo;automne et les projets d&rsquo;artisanat, offrant une beaut\u00e9 visuelle unique dans le jardin.  <\/p>\n<ul>\n<li><strong>Esth\u00e9tique unique :<\/strong> la gourde corse se distingue par sa forme irr\u00e9guli\u00e8re et sa surface stri\u00e9e, ce qui en fait un choix populaire pour les d\u00e9corations saisonni\u00e8res et les expositions ornementales.<\/li>\n<li><strong>Non comestible :<\/strong> Il est important de noter que, malgr\u00e9 sa beaut\u00e9, cette citrouille n&rsquo;est pas destin\u00e9e \u00e0 la consommation. Sa valeur r\u00e9side dans son impact visuel et son utilisation en d\u00e9coration. <\/li>\n<li><strong>Culture robuste :<\/strong> Bien qu&rsquo;elle ne soit pas utilis\u00e9e en cuisine, la courge corse est une plante rustique qui s&rsquo;adapte \u00e0 une vari\u00e9t\u00e9 de conditions climatiques et de types de sol, id\u00e9ale pour les cultivateurs de tous niveaux.<\/li>\n<li><strong>D\u00e9coratif \u00e0 haut rendement :<\/strong> Cette plante produit plusieurs fruits par plante, garantissant une abondance d&rsquo;\u00e9l\u00e9ments d\u00e9coratifs tout au long de la saison.<\/li>\n<li><strong>Culture biologique :<\/strong> Cultiv\u00e9es sans pesticides ni engrais chimiques, nos graines favorisent un jardin durable et sain, en fournissant des \u00e9l\u00e9ments d\u00e9coratifs naturels et purs.<\/li>\n<\/ul>\n<p>Transformez votre jardin en une galerie d&rsquo;art naturelle avec la gourde corse. Bien que non comestible, cette gourde ornementale embellira votre espace par sa pr\u00e9sence unique. Bien que non comestible, cette calebasse ornementale embellira votre espace par sa pr\u00e9sence unique. Commandez d\u00e8s aujourd&rsquo;hui et cultivez la beaut\u00e9 avec un but dans votre propre jardin !  <\/p>\n","protected":false},"featured_media":33892,"comment_status":"open","ping_status":"closed","template":"","meta":{"_acf_changed":false},"product_brand":[],"product_cat":[424,430],"product_tag":[1579],"woo-feed-brand":[],"class_list":{"0":"post-38021","1":"product","2":"type-product","3":"status-publish","4":"has-post-thumbnail","6":"product_cat-semences-biologiques","7":"product_cat-semences-de-fruits-et-legumes-biologiques","8":"product_tag-eco","10":"first","11":"instock","12":"taxable","13":"shipping-taxable","14":"purchasable","15":"product-type-simple"},"acf":[],"_links":{"self":[{"href":"https:\/\/cultivers.es\/fr\/wp-json\/wp\/v2\/product\/38021","targetHints":{"allow":["GET"]}}],"collection":[{"href":"https:\/\/cultivers.es\/fr\/wp-json\/wp\/v2\/product"}],"about":[{"href":"https:\/\/cultivers.es\/fr\/wp-json\/wp\/v2\/types\/product"}],"replies":[{"embeddable":true,"href":"https:\/\/cultivers.es\/fr\/wp-json\/wp\/v2\/comments?post=38021"}],"wp:featuredmedia":[{"embeddable":true,"href":"https:\/\/cultivers.es\/fr\/wp-json\/wp\/v2\/media\/33892"}],"wp:attachment":[{"href":"https:\/\/cultivers.es\/fr\/wp-json\/wp\/v2\/media?parent=38021"}],"wp:term":[{"taxonomy":"product_brand","embeddable":true,"href":"https:\/\/cultivers.es\/fr\/wp-json\/wp\/v2\/product_brand?post=38021"},{"taxonomy":"product_cat","embeddable":true,"href":"https:\/\/cultivers.es\/fr\/wp-json\/wp\/v2\/product_cat?post=38021"},{"taxonomy":"product_tag","embeddable":true,"href":"https:\/\/cultivers.es\/fr\/wp-json\/wp\/v2\/product_tag?post=38021"},{"taxonomy":"woo-feed-brand","embeddable":true,"href":"https:\/\/cultivers.es\/fr\/wp-json\/wp\/v2\/woo-feed-brand?post=38021"}],"curies":[{"name":"wp","href":"https:\/\/api.w.org\/{rel}","templated":true}]}}