{"id":38033,"date":"2024-09-11T12:20:32","date_gmt":"2024-09-11T12:20:32","guid":{"rendered":"https:\/\/cultivers.es\/abonos\/graines-de-citrouille-sweet-dumpling-bio\/"},"modified":"2025-09-22T05:13:30","modified_gmt":"2025-09-22T05:13:30","slug":"graines-de-citrouille-sweet-dumpling-bio","status":"publish","type":"product","link":"https:\/\/cultivers.es\/fr\/abonnements\/graines-de-citrouille-sweet-dumpling-bio\/","title":{"rendered":"Graines de citrouille Sweet Dumpling"},"content":{"rendered":"","protected":false},"excerpt":{"rendered":"<p>Remplissez votre jardin de saveur et de beaut\u00e9 avec nos graines de citrouille Sweet Dumpling biologiques. Cette vari\u00e9t\u00e9, connue pour sa petite taille et sa peau blanche ray\u00e9e de vert, offre une chair orange \u00e0 la saveur douce et sucr\u00e9e. Id\u00e9ales pour les plats r\u00f4tis, farcis ou en pur\u00e9e, les graines de courge Sweet Dumpling sont parfaites pour ceux qui recherchent une option d\u00e9licieuse et visuellement attrayante.  <\/p>\n<ul>\n<li><strong>Saveur douce et sucr\u00e9e :<\/strong> la chair du potiron Sweet Dumpling est douce et tendre, avec un soup\u00e7on de noix, ce qui en fait un excellent choix pour une vari\u00e9t\u00e9 de recettes, des r\u00f4tis aux desserts sains.<\/li>\n<li><strong>Taille compacte :<\/strong> De petite taille, cette courge est parfaite pour les portions individuelles, ce qui la rend id\u00e9ale pour la farcir et la servir comme plat principal lors de d\u00eeners de f\u00eate ou comme accompagnement cr\u00e9atif.<\/li>\n<li><strong>Attrayante et d\u00e9corative :<\/strong> avec sa peau claire et ses \u00e9l\u00e9gantes rayures vertes, la citrouille Sweet Dumpling est non seulement d\u00e9licieuse, mais aussi parfaite pour d\u00e9corer votre cuisine ou votre table pendant la saison des r\u00e9coltes.<\/li>\n<li><strong>Facile \u00e0 cultiver :<\/strong> Cette vari\u00e9t\u00e9 est rustique et s&rsquo;adapte bien \u00e0 diff\u00e9rents types de sols et de climats. Elle est \u00e9galement productive et donne une bonne quantit\u00e9 de fruits par plante pendant la saison de croissance. <\/li>\n<li><strong>Culture biologique :<\/strong> Nos semences sont 100% biologiques, ce qui garantit une culture exempte de pesticides et de produits chimiques, et donc une r\u00e9colte saine et respectueuse de l&rsquo;environnement.<\/li>\n<\/ul>\n<p>Appr\u00e9ciez le go\u00fbt sucr\u00e9 et la polyvalence culinaire du potiron Sweet Dumpling. Cultivez cette d\u00e9licieuse vari\u00e9t\u00e9 avec nos semences biologiques et ajoutez une touche de d\u00e9licatesse et de distinction \u00e0 votre jardin. Commandez d\u00e8s aujourd&rsquo;hui et commencez \u00e0 r\u00e9colter des citrouilles pleines de saveur et de beaut\u00e9 !  <\/p>\n","protected":false},"featured_media":33939,"comment_status":"open","ping_status":"closed","template":"","meta":{"_acf_changed":false},"product_brand":[],"product_cat":[424,430],"product_tag":[1579],"class_list":{"0":"post-38033","1":"product","2":"type-product","3":"status-publish","4":"has-post-thumbnail","6":"product_cat-semences-biologiques","7":"product_cat-semences-de-fruits-et-legumes-biologiques","8":"product_tag-eco","10":"first","11":"instock","12":"taxable","13":"shipping-taxable","14":"purchasable","15":"product-type-simple"},"acf":[],"_links":{"self":[{"href":"https:\/\/cultivers.es\/fr\/wp-json\/wp\/v2\/product\/38033","targetHints":{"allow":["GET"]}}],"collection":[{"href":"https:\/\/cultivers.es\/fr\/wp-json\/wp\/v2\/product"}],"about":[{"href":"https:\/\/cultivers.es\/fr\/wp-json\/wp\/v2\/types\/product"}],"replies":[{"embeddable":true,"href":"https:\/\/cultivers.es\/fr\/wp-json\/wp\/v2\/comments?post=38033"}],"wp:featuredmedia":[{"embeddable":true,"href":"https:\/\/cultivers.es\/fr\/wp-json\/wp\/v2\/media\/33939"}],"wp:attachment":[{"href":"https:\/\/cultivers.es\/fr\/wp-json\/wp\/v2\/media?parent=38033"}],"wp:term":[{"taxonomy":"product_brand","embeddable":true,"href":"https:\/\/cultivers.es\/fr\/wp-json\/wp\/v2\/product_brand?post=38033"},{"taxonomy":"product_cat","embeddable":true,"href":"https:\/\/cultivers.es\/fr\/wp-json\/wp\/v2\/product_cat?post=38033"},{"taxonomy":"product_tag","embeddable":true,"href":"https:\/\/cultivers.es\/fr\/wp-json\/wp\/v2\/product_tag?post=38033"}],"curies":[{"name":"wp","href":"https:\/\/api.w.org\/{rel}","templated":true}]}}