{"id":38038,"date":"2024-09-11T12:28:12","date_gmt":"2024-09-11T12:28:12","guid":{"rendered":"https:\/\/cultivers.es\/abonos\/turnip-greens-60-days-organic-turnip-seed-graines-de-navet\/"},"modified":"2025-09-22T05:46:21","modified_gmt":"2025-09-22T05:46:21","slug":"turnip-greens-60-days-organic-turnip-seed-graines-de-navet","status":"publish","type":"product","link":"https:\/\/cultivers.es\/fr\/abonnements\/turnip-greens-60-days-organic-turnip-seed-graines-de-navet\/","title":{"rendered":"Navet Navet vert 60 jours biodynamique Demeter"},"content":{"rendered":"","protected":false},"excerpt":{"rendered":"<p>Cultivez l&rsquo;un des l\u00e9gumes les plus appr\u00e9ci\u00e9s de la gastronomie traditionnelle avec nos graines de navet 60 jours bio. Cette vari\u00e9t\u00e9 est connue pour sa croissance rapide et pour produire des feuilles de navet \u00e0 la saveur intense en seulement 60 jours. Id\u00e9ales pour la pr\u00e9paration de plats typiques tels que les rago\u00fbts et les plats mijot\u00e9s, les feuilles de navet sont une excellente source de nutriments et ajoutent une touche caract\u00e9ristique \u00e0 vos recettes.  <\/p>\n<ul>\n<li><strong>R\u00e9colte rapide en 60 jours :<\/strong> Le navet Grelos est l&rsquo;une des vari\u00e9t\u00e9s les plus rapides \u00e0 se d\u00e9velopper, vous permettant de profiter de ses feuilles nutritives en seulement deux mois, ce qui est id\u00e9al pour ceux qui recherchent une culture efficace et productive.<\/li>\n<li><strong>Saveur intense et traditionnelle :<\/strong> les fanes de navet ont une saveur l\u00e9g\u00e8rement am\u00e8re et \u00e9pic\u00e9e, caract\u00e9ristique de la cuisine galicienne et du nord de l&rsquo;Espagne, et sont id\u00e9ales pour accompagner les rago\u00fbts, les plats mijot\u00e9s et d&rsquo;autres recettes traditionnelles.<\/li>\n<li><strong>Riche en nutriments :<\/strong> Les feuilles de navet sont une excellente source de fibres, de vitamines (A, C, K) et de min\u00e9raux essentiels tels que le fer et le calcium, contribuant ainsi \u00e0 une alimentation saine et \u00e9quilibr\u00e9e.<\/li>\n<li><strong>Facile \u00e0 cultiver :<\/strong> Cette vari\u00e9t\u00e9 est rustique et s&rsquo;adapte bien \u00e0 diff\u00e9rents types de sol, tol\u00e8re les climats frais et est id\u00e9ale pour les cultures d&rsquo;automne et d&rsquo;hiver. Elle n\u00e9cessite \u00e9galement peu d&rsquo;entretien, ce qui la rend adapt\u00e9e aux d\u00e9butants comme aux jardiniers exp\u00e9riment\u00e9s. <\/li>\n<li><strong>Culture biologique :<\/strong> Nos semences sont 100% biologiques, ce qui garantit une culture sans pesticides ni engrais chimiques, favorisant ainsi une r\u00e9colte saine et durable.<\/li>\n<\/ul>\n<p>Profitez de la tradition et de la saveur authentique des feuilles de navet dans votre propre jardin avec nos graines de feuilles de navet biologiques 60 jours. Ajoutez ce joyau de la cuisine traditionnelle \u00e0 vos plats et cultivez-les de mani\u00e8re biologique - commandez aujourd&rsquo;hui et profitez d&rsquo;une r\u00e9colte rapide et d\u00e9licieuse !  <\/p>\n","protected":false},"featured_media":33946,"comment_status":"open","ping_status":"closed","template":"","meta":{"_acf_changed":false},"product_brand":[],"product_cat":[1303,424,431],"product_tag":[1385],"woo-feed-brand":[],"class_list":{"0":"post-38038","1":"product","2":"type-product","3":"status-publish","4":"has-post-thumbnail","6":"product_cat-graines-de-demeter","7":"product_cat-semences-biologiques","8":"product_cat-semences-de-brassica-biologiques","9":"product_tag-demeter-fr","11":"first","12":"outofstock","13":"sale","14":"taxable","15":"shipping-taxable","16":"purchasable","17":"product-type-variable"},"acf":[],"_links":{"self":[{"href":"https:\/\/cultivers.es\/fr\/wp-json\/wp\/v2\/product\/38038","targetHints":{"allow":["GET"]}}],"collection":[{"href":"https:\/\/cultivers.es\/fr\/wp-json\/wp\/v2\/product"}],"about":[{"href":"https:\/\/cultivers.es\/fr\/wp-json\/wp\/v2\/types\/product"}],"replies":[{"embeddable":true,"href":"https:\/\/cultivers.es\/fr\/wp-json\/wp\/v2\/comments?post=38038"}],"wp:featuredmedia":[{"embeddable":true,"href":"https:\/\/cultivers.es\/fr\/wp-json\/wp\/v2\/media\/33946"}],"wp:attachment":[{"href":"https:\/\/cultivers.es\/fr\/wp-json\/wp\/v2\/media?parent=38038"}],"wp:term":[{"taxonomy":"product_brand","embeddable":true,"href":"https:\/\/cultivers.es\/fr\/wp-json\/wp\/v2\/product_brand?post=38038"},{"taxonomy":"product_cat","embeddable":true,"href":"https:\/\/cultivers.es\/fr\/wp-json\/wp\/v2\/product_cat?post=38038"},{"taxonomy":"product_tag","embeddable":true,"href":"https:\/\/cultivers.es\/fr\/wp-json\/wp\/v2\/product_tag?post=38038"},{"taxonomy":"woo-feed-brand","embeddable":true,"href":"https:\/\/cultivers.es\/fr\/wp-json\/wp\/v2\/woo-feed-brand?post=38038"}],"curies":[{"name":"wp","href":"https:\/\/api.w.org\/{rel}","templated":true}]}}