{"id":38047,"date":"2024-09-11T13:10:32","date_gmt":"2024-09-11T13:10:32","guid":{"rendered":"https:\/\/cultivers.es\/abonos\/carrot-seeds-longue-rouge-sang-organic-carrot-seeds\/"},"modified":"2025-09-22T05:46:24","modified_gmt":"2025-09-22T05:46:24","slug":"carrot-seeds-longue-rouge-sang-organic-carrot-seeds","status":"publish","type":"product","link":"https:\/\/cultivers.es\/fr\/abonnements\/carrot-seeds-longue-rouge-sang-organic-carrot-seeds\/","title":{"rendered":"Graines de carotte Longue Rouge Sang"},"content":{"rendered":"","protected":false},"excerpt":{"rendered":"<p>Ajoutez une touche d&rsquo;histoire et de distinction \u00e0 votre jardin avec nos graines de carotte Longue Rouge Sang biologique. Cette ancienne vari\u00e9t\u00e9 fran\u00e7aise se caract\u00e9rise par sa forme allong\u00e9e et sa couleur rouge fonc\u00e9 frappante, qui n&rsquo;est pas seulement impressionnante visuellement, mais qui offre \u00e9galement une saveur profonde et sucr\u00e9e. Id\u00e9ale pour ceux qui recherchent quelque chose de diff\u00e9rent dans leurs cultures, cette carotte est parfaite pour les salades, les rago\u00fbts et les r\u00f4tis.  <\/p>\n<ul>\n<li><strong>Couleur unique et frappante :<\/strong> la carotte Longue Rouge Sang est connue pour sa couleur rouge fonc\u00e9 distinctive, qui la fait ressortir \u00e0 la fois dans le jardin et dans l&rsquo;assiette. Sa teinte vive est un indicateur de sa haute teneur en antioxydants. <\/li>\n<li><strong>Saveur douce et riche :<\/strong> cette vari\u00e9t\u00e9 a une saveur douce, intense et l\u00e9g\u00e8rement terreuse, ce qui en fait un choix d\u00e9licieux pour un large \u00e9ventail de plats, qu&rsquo;ils soient crus dans les salades ou cuits dans les soupes et les rago\u00fbts.<\/li>\n<li><strong>Texture ferme :<\/strong> La chair est ferme et croquante, ce qui la rend id\u00e9ale pour la consommation fra\u00eeche et la cuisson. Sa consistance est parfaite pour ceux qui recherchent des carottes avec du corps et de la saveur dans leurs recettes. <\/li>\n<li><strong>Facile \u00e0 cultiver : La<\/strong> carotte Longue Rouge Sang est une vari\u00e9t\u00e9 robuste qui s&rsquo;adapte bien \u00e0 diff\u00e9rents types de sols et de conditions climatiques. Elle convient aux jardiniers de tous niveaux et offre une r\u00e9colte satisfaisante \u00e0 chaque saison. <\/li>\n<li><strong>Culture biologique :<\/strong> Nos graines sont 100% biologiques, garantissant une culture sans pesticides ni produits chimiques, respectueuse de l&rsquo;environnement et parfaite pour ceux qui recherchent une alimentation plus naturelle et durable.<\/li>\n<\/ul>\n<p>Cultivez une carotte avec une diff\u00e9rence et une histoire avec les graines de carotte Longue Rouge Sang biologique. Profitez de leur couleur vibrante et de leur saveur exceptionnelle, tout en cultivant de mani\u00e8re durable. Commandez d\u00e8s aujourd&rsquo;hui et ajoutez une touche sp\u00e9ciale \u00e0 votre jardin et \u00e0 votre cuisine !  <\/p>\n","protected":false},"featured_media":33969,"comment_status":"open","ping_status":"closed","template":"","meta":{"_acf_changed":false},"product_brand":[],"product_cat":[426,424],"product_tag":[1579],"woo-feed-brand":[],"class_list":{"0":"post-38047","1":"product","2":"type-product","3":"status-publish","4":"has-post-thumbnail","6":"product_cat-graines-de-racines-biologiques","7":"product_cat-semences-biologiques","8":"product_tag-eco","10":"first","11":"outofstock","12":"taxable","13":"shipping-taxable","14":"purchasable","15":"product-type-simple"},"acf":[],"_links":{"self":[{"href":"https:\/\/cultivers.es\/fr\/wp-json\/wp\/v2\/product\/38047","targetHints":{"allow":["GET"]}}],"collection":[{"href":"https:\/\/cultivers.es\/fr\/wp-json\/wp\/v2\/product"}],"about":[{"href":"https:\/\/cultivers.es\/fr\/wp-json\/wp\/v2\/types\/product"}],"replies":[{"embeddable":true,"href":"https:\/\/cultivers.es\/fr\/wp-json\/wp\/v2\/comments?post=38047"}],"wp:featuredmedia":[{"embeddable":true,"href":"https:\/\/cultivers.es\/fr\/wp-json\/wp\/v2\/media\/33969"}],"wp:attachment":[{"href":"https:\/\/cultivers.es\/fr\/wp-json\/wp\/v2\/media?parent=38047"}],"wp:term":[{"taxonomy":"product_brand","embeddable":true,"href":"https:\/\/cultivers.es\/fr\/wp-json\/wp\/v2\/product_brand?post=38047"},{"taxonomy":"product_cat","embeddable":true,"href":"https:\/\/cultivers.es\/fr\/wp-json\/wp\/v2\/product_cat?post=38047"},{"taxonomy":"product_tag","embeddable":true,"href":"https:\/\/cultivers.es\/fr\/wp-json\/wp\/v2\/product_tag?post=38047"},{"taxonomy":"woo-feed-brand","embeddable":true,"href":"https:\/\/cultivers.es\/fr\/wp-json\/wp\/v2\/woo-feed-brand?post=38047"}],"curies":[{"name":"wp","href":"https:\/\/api.w.org\/{rel}","templated":true}]}}