{"id":38150,"date":"2024-04-28T14:49:12","date_gmt":"2024-04-28T14:49:12","guid":{"rendered":"https:\/\/cultivers.es\/abonos\/green-fertiliser-organic-graines-de-trefle-incarne\/"},"modified":"2025-09-22T04:48:13","modified_gmt":"2025-09-22T04:48:13","slug":"green-fertiliser-organic-graines-de-trefle-incarne","status":"publish","type":"product","link":"https:\/\/cultivers.es\/fr\/abonnements\/green-fertiliser-organic-graines-de-trefle-incarne\/","title":{"rendered":"Engrais Vert Incarn\u00e9 Graines de Tr\u00e8fle"},"content":{"rendered":"","protected":false},"excerpt":{"rendered":"<p>Nos graines de tr\u00e8fle incarnat biologique sont un excellent choix pour am\u00e9liorer la sant\u00e9 et la fertilit\u00e9 de votre sol de mani\u00e8re naturelle et durable. Le tr\u00e8fle incarnat est connu pour ses propri\u00e9t\u00e9s d&rsquo;engrais vert, offrant un certain nombre d&rsquo;avantages sp\u00e9cifiques qui aideront \u00e0 nourrir vos cultures et \u00e0 maintenir la sant\u00e9 de votre jardin d&rsquo;une mani\u00e8re respectueuse de l&rsquo;environnement. <\/p>\n<ul>\n<li><strong>Propri\u00e9t\u00e9s de l&rsquo;engrais vert :<\/strong> le tr\u00e8fle incarnat est une l\u00e9gumineuse qui a la capacit\u00e9 unique de fixer l&rsquo;azote atmosph\u00e9rique dans le sol, l&rsquo;enrichissant ainsi de cet \u00e9l\u00e9ment nutritif vital pour la croissance des plantes.<\/li>\n<li><strong>Am\u00e9lioration de la structure du sol :<\/strong> En cultivant du tr\u00e8fle incarnat comme engrais vert, vous am\u00e9liorez la structure du sol, augmentez la mati\u00e8re organique et encouragez l&rsquo;activit\u00e9 microbienne b\u00e9n\u00e9fique dans le sol.<\/li>\n<li><strong>Lutte contre les mauvaises herbes :<\/strong> La croissance vigoureuse du tr\u00e8fle incarnat contribue \u00e0 la suppression de la croissance des mauvaises herbes en entrant en comp\u00e9tition pour les ressources du sol, ce qui r\u00e9duit la n\u00e9cessit\u00e9 d&rsquo;utiliser des herbicides.<\/li>\n<li><strong>Protection et conservation des sols :<\/strong> la couverture v\u00e9g\u00e9tale fournie par le tr\u00e8fle incarnat aide \u00e0 prot\u00e9ger le sol contre l&rsquo;\u00e9rosion caus\u00e9e par le vent et la pluie, ce qui permet de maintenir la structure et la fertilit\u00e9 du sol \u00e0 long terme.<\/li>\n<li><strong>Culture biologique :<\/strong> Ces graines de tr\u00e8fle incarnat sont produites de mani\u00e8re biologique, sans utilisation de produits chimiques nocifs, ce qui garantit un approvisionnement naturel et s\u00fbr pour votre jardin.<\/li>\n<\/ul>\n<p>Profitez des bienfaits naturels et de la vitalit\u00e9 que le tr\u00e8fle incarn\u00e9 apporte comme engrais vert dans votre potager. Cultivez un sol plus fertile, \u00e9quilibr\u00e9 et sain de mani\u00e8re durable et contribuez \u00e0 la protection de l&rsquo;environnement tout en am\u00e9liorant la productivit\u00e9 de vos cultures. <\/p>\n","protected":false},"featured_media":24984,"comment_status":"open","ping_status":"closed","template":"","meta":{"_acf_changed":false},"product_brand":[],"product_cat":[1290,424],"product_tag":[1579],"woo-feed-brand":[],"class_list":{"0":"post-38150","1":"product","2":"type-product","3":"status-publish","4":"has-post-thumbnail","6":"product_cat-couvertures-vegetales-dengrais-verts","7":"product_cat-semences-biologiques","8":"product_tag-eco","10":"first","11":"instock","12":"taxable","13":"shipping-taxable","14":"purchasable","15":"product-type-simple"},"acf":[],"_links":{"self":[{"href":"https:\/\/cultivers.es\/fr\/wp-json\/wp\/v2\/product\/38150","targetHints":{"allow":["GET"]}}],"collection":[{"href":"https:\/\/cultivers.es\/fr\/wp-json\/wp\/v2\/product"}],"about":[{"href":"https:\/\/cultivers.es\/fr\/wp-json\/wp\/v2\/types\/product"}],"replies":[{"embeddable":true,"href":"https:\/\/cultivers.es\/fr\/wp-json\/wp\/v2\/comments?post=38150"}],"wp:featuredmedia":[{"embeddable":true,"href":"https:\/\/cultivers.es\/fr\/wp-json\/wp\/v2\/media\/24984"}],"wp:attachment":[{"href":"https:\/\/cultivers.es\/fr\/wp-json\/wp\/v2\/media?parent=38150"}],"wp:term":[{"taxonomy":"product_brand","embeddable":true,"href":"https:\/\/cultivers.es\/fr\/wp-json\/wp\/v2\/product_brand?post=38150"},{"taxonomy":"product_cat","embeddable":true,"href":"https:\/\/cultivers.es\/fr\/wp-json\/wp\/v2\/product_cat?post=38150"},{"taxonomy":"product_tag","embeddable":true,"href":"https:\/\/cultivers.es\/fr\/wp-json\/wp\/v2\/product_tag?post=38150"},{"taxonomy":"woo-feed-brand","embeddable":true,"href":"https:\/\/cultivers.es\/fr\/wp-json\/wp\/v2\/woo-feed-brand?post=38150"}],"curies":[{"name":"wp","href":"https:\/\/api.w.org\/{rel}","templated":true}]}}