{"id":38159,"date":"2024-05-02T13:12:14","date_gmt":"2024-05-02T13:12:14","guid":{"rendered":"https:\/\/cultivers.es\/abonos\/engrais-vert-semences-de-gazon-bio\/"},"modified":"2025-09-22T05:25:56","modified_gmt":"2025-09-22T05:25:56","slug":"engrais-vert-semences-de-gazon-bio","status":"publish","type":"product","link":"https:\/\/cultivers.es\/fr\/abonnements\/engrais-vert-semences-de-gazon-bio\/","title":{"rendered":"Engrais vert Vetch Seeds"},"content":{"rendered":"","protected":false},"excerpt":{"rendered":"<p>Nos graines de vesce biologique sont un excellent choix pour am\u00e9liorer la qualit\u00e9 et la fertilit\u00e9 du sol de mani\u00e8re naturelle et durable dans votre jardin. L\u00e9gumineuse polyvalente et b\u00e9n\u00e9fique, la vesce offre un certain nombre d&rsquo;avantages sp\u00e9cifiques qui favorisent le d\u00e9veloppement de cultures saines et la sant\u00e9 du sol dans le respect de l&rsquo;environnement. <\/p>\n<ul>\n<li><strong>Propri\u00e9t\u00e9s d&rsquo;engrais vert :<\/strong> La vesce est connue pour sa capacit\u00e9 \u00e0 fixer l&rsquo;azote atmosph\u00e9rique dans le sol, l&rsquo;enrichissant ainsi naturellement de ce nutriment essentiel \u00e0 la croissance des plantes.<\/li>\n<li><strong>Am\u00e9lioration de la structure du sol :<\/strong> En cultivant la vesce comme engrais vert, vous contribuerez \u00e0 l&rsquo;am\u00e9lioration de la structure du sol, \u00e0 l&rsquo;augmentation de la mati\u00e8re organique et \u00e0 l&rsquo;activit\u00e9 microbienne b\u00e9n\u00e9fique dans le sol.<\/li>\n<li><strong>Lutte contre les mauvaises herbes :<\/strong> la croissance vigoureuse de la vesce aide \u00e0 supprimer la croissance des mauvaises herbes en entrant en comp\u00e9tition pour les ressources du sol, ce qui r\u00e9duit la n\u00e9cessit\u00e9 d&rsquo;utiliser des herbicides chimiques.<\/li>\n<li><strong>Protection du sol :<\/strong> la couverture v\u00e9g\u00e9tale fournie par la vesce aide \u00e0 prot\u00e9ger le sol contre l&rsquo;\u00e9rosion caus\u00e9e par le vent et la pluie, en maintenant la structure du sol et sa sant\u00e9 \u00e0 long terme.<\/li>\n<li><strong>Culture biologique :<\/strong> Ces graines de vesce sont produites de mani\u00e8re biologique, sans utilisation de produits chimiques nocifs, ce qui garantit un approvisionnement naturel et s\u00fbr pour votre jardin.<\/li>\n<\/ul>\n<p>Profitez des avantages naturels et de la polyvalence de Veza en tant qu&rsquo;engrais vert dans votre jardin. Cultivez un sol plus fertile, plus \u00e9quilibr\u00e9 et plus sain de mani\u00e8re durable et contribuez \u00e0 la protection de l&rsquo;environnement tout en am\u00e9liorant la productivit\u00e9 de vos cultures. <\/p>\n","protected":false},"featured_media":25026,"comment_status":"open","ping_status":"closed","template":"","meta":{"_acf_changed":false},"product_brand":[],"product_cat":[1290,424],"product_tag":[1579],"class_list":{"0":"post-38159","1":"product","2":"type-product","3":"status-publish","4":"has-post-thumbnail","6":"product_cat-couvertures-vegetales-dengrais-verts","7":"product_cat-semences-biologiques","8":"product_tag-eco","10":"first","11":"instock","12":"taxable","13":"shipping-taxable","14":"purchasable","15":"product-type-simple"},"acf":[],"_links":{"self":[{"href":"https:\/\/cultivers.es\/fr\/wp-json\/wp\/v2\/product\/38159","targetHints":{"allow":["GET"]}}],"collection":[{"href":"https:\/\/cultivers.es\/fr\/wp-json\/wp\/v2\/product"}],"about":[{"href":"https:\/\/cultivers.es\/fr\/wp-json\/wp\/v2\/types\/product"}],"replies":[{"embeddable":true,"href":"https:\/\/cultivers.es\/fr\/wp-json\/wp\/v2\/comments?post=38159"}],"wp:featuredmedia":[{"embeddable":true,"href":"https:\/\/cultivers.es\/fr\/wp-json\/wp\/v2\/media\/25026"}],"wp:attachment":[{"href":"https:\/\/cultivers.es\/fr\/wp-json\/wp\/v2\/media?parent=38159"}],"wp:term":[{"taxonomy":"product_brand","embeddable":true,"href":"https:\/\/cultivers.es\/fr\/wp-json\/wp\/v2\/product_brand?post=38159"},{"taxonomy":"product_cat","embeddable":true,"href":"https:\/\/cultivers.es\/fr\/wp-json\/wp\/v2\/product_cat?post=38159"},{"taxonomy":"product_tag","embeddable":true,"href":"https:\/\/cultivers.es\/fr\/wp-json\/wp\/v2\/product_tag?post=38159"}],"curies":[{"name":"wp","href":"https:\/\/api.w.org\/{rel}","templated":true}]}}