{"id":38160,"date":"2024-05-20T12:36:21","date_gmt":"2024-05-20T12:36:21","guid":{"rendered":"https:\/\/cultivers.es\/abonos\/mangue-dosteen\/"},"modified":"2025-12-13T19:51:07","modified_gmt":"2025-12-13T19:51:07","slug":"mangue-dosteen","status":"publish","type":"product","link":"https:\/\/cultivers.es\/fr\/abonnements\/mangue-dosteen\/","title":{"rendered":"Mangue d&rsquo;Osteen"},"content":{"rendered":"","protected":false},"excerpt":{"rendered":"<p>Osteen Mango plant \u00e0 vendre, le<strong> prix comprend les frais de port et de manutention si votre achat est sup\u00e9rieur \u00e0 20\u20ac<\/strong>.<\/p>\n<p>Le fruit de la mangue osteen est de forme oblongue, de couleur pourpre. Son poids moyen, arbre charg\u00e9, est d&rsquo;environ 525 gr. <\/p>\n<p>La pr\u00e9sence de fibres dans la pulpe est faible \u00e0 mod\u00e9r\u00e9e et elle est bien adapt\u00e9e \u00e0 la consommation \u00e0 la cuill\u00e8re. Les graines sont de petite taille. La qualit\u00e9 de ce fruit est bonne.  <\/p>\n<p>Le manguier osteen a un port \u00e9rig\u00e9, de taille moyenne.<\/p>\n<p>Dans les r\u00e9gions o\u00f9 les hivers sont l\u00e9g\u00e8rement froids, il est conseill\u00e9 de<strong> recouvrir les plantes d&rsquo;une couverture thermique<\/strong> jusqu&rsquo;au d\u00e9but du printemps. Un arbre bien d\u00e9velopp\u00e9 peut supporter des temp\u00e9ratures de deux degr\u00e9s au-dessous de z\u00e9ro, \u00e0 condition qu&rsquo;elles ne durent pas trop longtemps. Un jeune arbre, \u00e2g\u00e9 de deux \u00e0 cinq ans, peut p\u00e9rir \u00e0 des temp\u00e9ratures de z\u00e9ro et un degr\u00e9 Celsius.  <\/p>\n","protected":false},"featured_media":25554,"comment_status":"open","ping_status":"closed","template":"","meta":{"_acf_changed":false},"product_brand":[],"product_cat":[1405,1322],"product_tag":[],"woo-feed-brand":[],"class_list":{"0":"post-38160","1":"product","2":"type-product","3":"status-publish","4":"has-post-thumbnail","6":"product_cat-les-plants-de-manguiers","7":"product_cat-nursery-fr","9":"first","10":"outofstock","11":"taxable","12":"shipping-taxable","13":"purchasable","14":"product-type-simple"},"acf":[],"_links":{"self":[{"href":"https:\/\/cultivers.es\/fr\/wp-json\/wp\/v2\/product\/38160","targetHints":{"allow":["GET"]}}],"collection":[{"href":"https:\/\/cultivers.es\/fr\/wp-json\/wp\/v2\/product"}],"about":[{"href":"https:\/\/cultivers.es\/fr\/wp-json\/wp\/v2\/types\/product"}],"replies":[{"embeddable":true,"href":"https:\/\/cultivers.es\/fr\/wp-json\/wp\/v2\/comments?post=38160"}],"wp:featuredmedia":[{"embeddable":true,"href":"https:\/\/cultivers.es\/fr\/wp-json\/wp\/v2\/media\/25554"}],"wp:attachment":[{"href":"https:\/\/cultivers.es\/fr\/wp-json\/wp\/v2\/media?parent=38160"}],"wp:term":[{"taxonomy":"product_brand","embeddable":true,"href":"https:\/\/cultivers.es\/fr\/wp-json\/wp\/v2\/product_brand?post=38160"},{"taxonomy":"product_cat","embeddable":true,"href":"https:\/\/cultivers.es\/fr\/wp-json\/wp\/v2\/product_cat?post=38160"},{"taxonomy":"product_tag","embeddable":true,"href":"https:\/\/cultivers.es\/fr\/wp-json\/wp\/v2\/product_tag?post=38160"},{"taxonomy":"woo-feed-brand","embeddable":true,"href":"https:\/\/cultivers.es\/fr\/wp-json\/wp\/v2\/woo-feed-brand?post=38160"}],"curies":[{"name":"wp","href":"https:\/\/api.w.org\/{rel}","templated":true}]}}