{"id":38176,"date":"2024-06-20T11:23:14","date_gmt":"2024-06-20T11:23:14","guid":{"rendered":"https:\/\/cultivers.es\/abonos\/engrais-ecologique-au-phosphore-liquide\/"},"modified":"2025-09-22T05:43:47","modified_gmt":"2025-09-22T05:43:47","slug":"engrais-ecologique-au-phosphore-liquide","status":"publish","type":"product","link":"https:\/\/cultivers.es\/fr\/abonnements\/engrais-ecologique-au-phosphore-liquide\/","title":{"rendered":"Engrais \u00e9cologique au phosphore liquide"},"content":{"rendered":"","protected":false},"excerpt":{"rendered":"<ul class=\"a-unordered-list a-vertical a-spacing-mini\">\n<li class=\"a-spacing-mini\"><span class=\"a-list-item\">\ud83c\udf31 Engrais phosphor\u00e9 pour plantes 100% organique : Notre engrais liquide super concentr\u00e9, d\u00e9riv\u00e9 de la roche phosphat\u00e9e, garantit une absorption rapide et efficace des nutriments. Id\u00e9al pour une agriculture durable et respectueuse de l&rsquo;environnement, il am\u00e9liore le d\u00e9veloppement des racines des plantes et des cultures. <\/span><\/li>\n<li class=\"a-spacing-mini\"><span class=\"a-list-item\">Favorise une floraison et une fructification abondantes : avec CULTIVERS Organic Liquid Phosphorus, les plantes re\u00e7oivent le phosphore dont elles ont besoin pour une floraison plus abondante et des fruits de meilleure qualit\u00e9. Parfait pour les vergers, les jardins et les cultures extensives qui souhaitent maximiser leurs rendements tout en respectant l&rsquo;environnement. <\/span><\/li>\n<li class=\"a-spacing-mini\"><span class=\"a-list-item\">\u2b06\ufe0f Acc\u00e9l\u00e8re la maturation des cultures : Cet engrais organique aide les plantes \u00e0 achever leur cycle de croissance plus rapidement, ce qui se traduit par des r\u00e9coltes plus pr\u00e9coces et plus uniformes. Id\u00e9al pour les agriculteurs qui souhaitent augmenter leur productivit\u00e9 sans compromettre la durabilit\u00e9. <\/span><\/li>\n<li class=\"a-spacing-mini\"><span class=\"a-list-item\">\ud83c\udf3e Des r\u00e9coltes pr\u00e9coces et uniformes : Acc\u00e9l\u00e9rez la maturation de vos cultures avec notre engrais liquide. La bonne quantit\u00e9 de phosphore permet aux plantes d&rsquo;achever plus rapidement leur cycle de croissance, ce qui se traduit par des r\u00e9coltes plus pr\u00e9coces et plus uniformes, parfaites pour maximiser la productivit\u00e9 agricole. <\/span><\/li>\n<li class=\"a-spacing-mini\"><span class=\"a-list-item\">\ud83c\udf3b R\u00e9sistance aux maladies et au stress : Renforcez la r\u00e9sistance de vos plantes aux maladies et aux conditions extr\u00eames gr\u00e2ce \u00e0 notre phosphore organique. Ce nutriment am\u00e9liore l&rsquo;int\u00e9grit\u00e9 structurelle et fonctionnelle des plantes, les aidant \u00e0 faire face plus efficacement aux d\u00e9fis environnementaux, favorisant ainsi une agriculture responsable et durable. <\/span><\/li>\n<\/ul>\n","protected":false},"featured_media":26179,"comment_status":"open","ping_status":"closed","template":"","meta":{"_acf_changed":false},"product_brand":[],"product_cat":[569,1272],"product_tag":[],"woo-feed-brand":[],"class_list":{"0":"post-38176","1":"product","2":"type-product","3":"status-publish","4":"has-post-thumbnail","6":"product_cat-correcteurs-de-carence","7":"product_cat-engrais-recommandes","9":"first","10":"instock","11":"taxable","12":"shipping-taxable","13":"purchasable","14":"product-type-variable"},"acf":[],"_links":{"self":[{"href":"https:\/\/cultivers.es\/fr\/wp-json\/wp\/v2\/product\/38176","targetHints":{"allow":["GET"]}}],"collection":[{"href":"https:\/\/cultivers.es\/fr\/wp-json\/wp\/v2\/product"}],"about":[{"href":"https:\/\/cultivers.es\/fr\/wp-json\/wp\/v2\/types\/product"}],"replies":[{"embeddable":true,"href":"https:\/\/cultivers.es\/fr\/wp-json\/wp\/v2\/comments?post=38176"}],"wp:featuredmedia":[{"embeddable":true,"href":"https:\/\/cultivers.es\/fr\/wp-json\/wp\/v2\/media\/26179"}],"wp:attachment":[{"href":"https:\/\/cultivers.es\/fr\/wp-json\/wp\/v2\/media?parent=38176"}],"wp:term":[{"taxonomy":"product_brand","embeddable":true,"href":"https:\/\/cultivers.es\/fr\/wp-json\/wp\/v2\/product_brand?post=38176"},{"taxonomy":"product_cat","embeddable":true,"href":"https:\/\/cultivers.es\/fr\/wp-json\/wp\/v2\/product_cat?post=38176"},{"taxonomy":"product_tag","embeddable":true,"href":"https:\/\/cultivers.es\/fr\/wp-json\/wp\/v2\/product_tag?post=38176"},{"taxonomy":"woo-feed-brand","embeddable":true,"href":"https:\/\/cultivers.es\/fr\/wp-json\/wp\/v2\/woo-feed-brand?post=38176"}],"curies":[{"name":"wp","href":"https:\/\/api.w.org\/{rel}","templated":true}]}}