{"id":38190,"date":"2024-01-12T10:30:39","date_gmt":"2024-01-12T10:30:39","guid":{"rendered":"https:\/\/cultivers.es\/abonos\/semences-de-tomates-liguria-bio\/"},"modified":"2025-11-22T11:45:46","modified_gmt":"2025-11-22T11:45:46","slug":"semences-de-tomates-liguria-bio","status":"publish","type":"product","link":"https:\/\/cultivers.es\/fr\/abonnements\/semences-de-tomates-liguria-bio\/","title":{"rendered":"Semences de tomates Liguria Bio"},"content":{"rendered":"","protected":false},"excerpt":{"rendered":"<p>Nos semences de tomates ligures biologiques vous invitent \u00e0 vivre une exp\u00e9rience culinaire exceptionnelle directement dans votre jardin. Issues de cultures certifi\u00e9es biologiques, ces graines garantissent une r\u00e9colte pure et d\u00e9licieuse de tomates ligures (Solanum lycopersicum), ajoutant une touche de gourmandise \u00e0 vos plats maison. <\/p>\n<ul>\n<li><strong>Origine certifi\u00e9e.<\/strong><\/li>\n<li><strong>Un go\u00fbt exquis.<\/strong><\/li>\n<li><strong>Culture sans pesticides.<\/strong><\/li>\n<li><strong>Adaptabilit\u00e9 \u00e0 la culture.<\/strong><\/li>\n<li><strong>Texture juteuse et charnue.<\/strong><\/li>\n<\/ul>\n<p>Cultivez l&rsquo;excellence culinaire avec nos semences de tomates Liguria biologiques. Appr\u00e9ciez la fra\u00eecheur et la saveur particuli\u00e8re de ces tomates cultiv\u00e9es consciemment dans votre propre jardin. <\/p>\n","protected":false},"featured_media":23305,"comment_status":"open","ping_status":"closed","template":"","meta":{"_acf_changed":false},"product_brand":[],"product_cat":[424,430],"product_tag":[1579],"woo-feed-brand":[],"class_list":{"0":"post-38190","1":"product","2":"type-product","3":"status-publish","4":"has-post-thumbnail","6":"product_cat-semences-biologiques","7":"product_cat-semences-de-fruits-et-legumes-biologiques","8":"product_tag-eco","10":"first","11":"instock","12":"sale","13":"taxable","14":"shipping-taxable","15":"purchasable","16":"product-type-simple"},"acf":[],"_links":{"self":[{"href":"https:\/\/cultivers.es\/fr\/wp-json\/wp\/v2\/product\/38190","targetHints":{"allow":["GET"]}}],"collection":[{"href":"https:\/\/cultivers.es\/fr\/wp-json\/wp\/v2\/product"}],"about":[{"href":"https:\/\/cultivers.es\/fr\/wp-json\/wp\/v2\/types\/product"}],"replies":[{"embeddable":true,"href":"https:\/\/cultivers.es\/fr\/wp-json\/wp\/v2\/comments?post=38190"}],"wp:featuredmedia":[{"embeddable":true,"href":"https:\/\/cultivers.es\/fr\/wp-json\/wp\/v2\/media\/23305"}],"wp:attachment":[{"href":"https:\/\/cultivers.es\/fr\/wp-json\/wp\/v2\/media?parent=38190"}],"wp:term":[{"taxonomy":"product_brand","embeddable":true,"href":"https:\/\/cultivers.es\/fr\/wp-json\/wp\/v2\/product_brand?post=38190"},{"taxonomy":"product_cat","embeddable":true,"href":"https:\/\/cultivers.es\/fr\/wp-json\/wp\/v2\/product_cat?post=38190"},{"taxonomy":"product_tag","embeddable":true,"href":"https:\/\/cultivers.es\/fr\/wp-json\/wp\/v2\/product_tag?post=38190"},{"taxonomy":"woo-feed-brand","embeddable":true,"href":"https:\/\/cultivers.es\/fr\/wp-json\/wp\/v2\/woo-feed-brand?post=38190"}],"curies":[{"name":"wp","href":"https:\/\/api.w.org\/{rel}","templated":true}]}}