{"id":38195,"date":"2024-01-12T10:20:37","date_gmt":"2024-01-12T10:20:37","guid":{"rendered":"https:\/\/cultivers.es\/abonos\/semences-de-tomates-moneymaker-bio\/"},"modified":"2025-09-22T05:40:47","modified_gmt":"2025-09-22T05:40:47","slug":"semences-de-tomates-moneymaker-bio","status":"publish","type":"product","link":"https:\/\/cultivers.es\/fr\/abonnements\/semences-de-tomates-moneymaker-bio\/","title":{"rendered":"Semences de tomates Moneymaker Bio"},"content":{"rendered":"","protected":false},"excerpt":{"rendered":"<p>Nos graines de tomates Moneymaker biologiques vous permettent de cultiver dans votre jardin des tomates \u00e0 la saveur traditionnelle et aux r\u00e9coltes abondantes. Issues de cultures biologiques certifi\u00e9es, ces graines garantissent une r\u00e9colte pure et d\u00e9licieuse de tomates Moneymaker (Solanum lycopersicum), vous donnant l&rsquo;authenticit\u00e9 d&rsquo;une tomate de qualit\u00e9. <\/p>\n<ul>\n<li><strong>Origine certifi\u00e9e.<\/strong><\/li>\n<li><strong>Traditionnel Saveur.<\/strong><\/li>\n<li><strong>Culture sans pesticides.<\/strong><\/li>\n<li><strong>Adaptabilit\u00e9 \u00e0 la culture.<\/strong><\/li>\n<li><strong>Des r\u00e9coltes abondantes.<\/strong><\/li>\n<\/ul>\n<p>Cultivez la tradition avec nos graines de tomates biologiques Moneymaker. Appr\u00e9ciez le go\u00fbt inimitable des tomates traditionnelles cultiv\u00e9es de mani\u00e8re durable dans votre propre jardin. <\/p>\n","protected":false},"featured_media":23298,"comment_status":"open","ping_status":"closed","template":"","meta":{"_acf_changed":false},"product_brand":[],"product_cat":[424,430],"product_tag":[1579],"class_list":{"0":"post-38195","1":"product","2":"type-product","3":"status-publish","4":"has-post-thumbnail","6":"product_cat-semences-biologiques","7":"product_cat-semences-de-fruits-et-legumes-biologiques","8":"product_tag-eco","10":"first","11":"instock","12":"sale","13":"taxable","14":"shipping-taxable","15":"purchasable","16":"product-type-simple"},"acf":[],"_links":{"self":[{"href":"https:\/\/cultivers.es\/fr\/wp-json\/wp\/v2\/product\/38195","targetHints":{"allow":["GET"]}}],"collection":[{"href":"https:\/\/cultivers.es\/fr\/wp-json\/wp\/v2\/product"}],"about":[{"href":"https:\/\/cultivers.es\/fr\/wp-json\/wp\/v2\/types\/product"}],"replies":[{"embeddable":true,"href":"https:\/\/cultivers.es\/fr\/wp-json\/wp\/v2\/comments?post=38195"}],"wp:featuredmedia":[{"embeddable":true,"href":"https:\/\/cultivers.es\/fr\/wp-json\/wp\/v2\/media\/23298"}],"wp:attachment":[{"href":"https:\/\/cultivers.es\/fr\/wp-json\/wp\/v2\/media?parent=38195"}],"wp:term":[{"taxonomy":"product_brand","embeddable":true,"href":"https:\/\/cultivers.es\/fr\/wp-json\/wp\/v2\/product_brand?post=38195"},{"taxonomy":"product_cat","embeddable":true,"href":"https:\/\/cultivers.es\/fr\/wp-json\/wp\/v2\/product_cat?post=38195"},{"taxonomy":"product_tag","embeddable":true,"href":"https:\/\/cultivers.es\/fr\/wp-json\/wp\/v2\/product_tag?post=38195"}],"curies":[{"name":"wp","href":"https:\/\/api.w.org\/{rel}","templated":true}]}}