{"id":38199,"date":"2024-01-12T10:56:22","date_gmt":"2024-01-12T10:56:22","guid":{"rendered":"https:\/\/cultivers.es\/abonos\/la-carotina-semences-de-tomates-biologiques\/"},"modified":"2025-11-22T11:45:50","modified_gmt":"2025-11-22T11:45:50","slug":"la-carotina-semences-de-tomates-biologiques","status":"publish","type":"product","link":"https:\/\/cultivers.es\/fr\/abonnements\/la-carotina-semences-de-tomates-biologiques\/","title":{"rendered":"La Carotina Semences de tomates biologiques"},"content":{"rendered":"","protected":false},"excerpt":{"rendered":"<p>Nos semences de tomates La Carotina biologiques vous offrent la possibilit\u00e9 de cultiver un tr\u00e9sor nutritif dans votre jardin. Issues de cultures certifi\u00e9es biologiques, ces graines garantissent une r\u00e9colte pure et d\u00e9licieuse de tomates La Carotina (Solanum lycopersicum), qui se distinguent non seulement par leur go\u00fbt exceptionnel, mais aussi par leur contenu nutritionnel. De plus, cette vari\u00e9t\u00e9 de tomate est tr\u00e8s productive et r\u00e9sistante aux maladies. Son go\u00fbt fruit\u00e9 vous surprendra.   <\/p>\n<ul>\n<li><strong>Origine certifi\u00e9e.<\/strong><\/li>\n<li><strong>Teneur \u00e9lev\u00e9e en carot\u00e9no\u00efdes.<\/strong><\/li>\n<li><strong>Culture sans pesticides.<\/strong><\/li>\n<li><strong>Adaptabilit\u00e9 \u00e0 la culture.<\/strong><\/li>\n<li><strong>Saveur riche et complexe.<\/strong><\/li>\n<\/ul>\n<p>Cultivez un tr\u00e9sor nutritionnel avec nos semences de tomates biologiques La Carotina. Profitez de la fra\u00eecheur et de la valeur nutritive exceptionnelle de ces tomates, cultiv\u00e9es consciemment dans votre propre jardin. <\/p>\n","protected":false},"featured_media":23319,"comment_status":"open","ping_status":"closed","template":"","meta":{"_acf_changed":false},"product_brand":[],"product_cat":[424,430],"product_tag":[1579],"class_list":{"0":"post-38199","1":"product","2":"type-product","3":"status-publish","4":"has-post-thumbnail","6":"product_cat-semences-biologiques","7":"product_cat-semences-de-fruits-et-legumes-biologiques","8":"product_tag-eco","10":"first","11":"instock","12":"sale","13":"taxable","14":"shipping-taxable","15":"purchasable","16":"product-type-simple"},"acf":[],"_links":{"self":[{"href":"https:\/\/cultivers.es\/fr\/wp-json\/wp\/v2\/product\/38199","targetHints":{"allow":["GET"]}}],"collection":[{"href":"https:\/\/cultivers.es\/fr\/wp-json\/wp\/v2\/product"}],"about":[{"href":"https:\/\/cultivers.es\/fr\/wp-json\/wp\/v2\/types\/product"}],"replies":[{"embeddable":true,"href":"https:\/\/cultivers.es\/fr\/wp-json\/wp\/v2\/comments?post=38199"}],"wp:featuredmedia":[{"embeddable":true,"href":"https:\/\/cultivers.es\/fr\/wp-json\/wp\/v2\/media\/23319"}],"wp:attachment":[{"href":"https:\/\/cultivers.es\/fr\/wp-json\/wp\/v2\/media?parent=38199"}],"wp:term":[{"taxonomy":"product_brand","embeddable":true,"href":"https:\/\/cultivers.es\/fr\/wp-json\/wp\/v2\/product_brand?post=38199"},{"taxonomy":"product_cat","embeddable":true,"href":"https:\/\/cultivers.es\/fr\/wp-json\/wp\/v2\/product_cat?post=38199"},{"taxonomy":"product_tag","embeddable":true,"href":"https:\/\/cultivers.es\/fr\/wp-json\/wp\/v2\/product_tag?post=38199"}],"curies":[{"name":"wp","href":"https:\/\/api.w.org\/{rel}","templated":true}]}}