{"id":38211,"date":"2024-01-12T11:04:29","date_gmt":"2024-01-12T11:04:29","guid":{"rendered":"https:\/\/cultivers.es\/abonos\/semences-de-tomate-cerise-goldiana-bio\/"},"modified":"2025-09-22T05:40:08","modified_gmt":"2025-09-22T05:40:08","slug":"semences-de-tomate-cerise-goldiana-bio","status":"publish","type":"product","link":"https:\/\/cultivers.es\/fr\/abonnements\/semences-de-tomate-cerise-goldiana-bio\/","title":{"rendered":"Semences de tomates biodynamiques Cherry Goldiana Demeter"},"content":{"rendered":"","protected":false},"excerpt":{"rendered":"<p>Nos graines de tomates cerises Goldiana biologiques vous permettent de cultiver de petites merveilles de douceur dans votre jardin. Issues de cultures biologiques certifi\u00e9es, ces graines garantissent une r\u00e9colte pure et d\u00e9licieuse de tomates cerises Goldiana (Solanum lycopersicum), ajoutant une touche d&rsquo;\u00e9l\u00e9gance et de saveur \u00e0 vos plats. Couleur orange et bonne r\u00e9sistance \u00e0 la fissuration.  <\/p>\n<ul>\n<li><strong>Origine certifi\u00e9e.<\/strong><\/li>\n<li><strong>Saveur douce et sophistiqu\u00e9e.<\/strong><\/li>\n<li><strong>Culture sans pesticides.<\/strong><\/li>\n<li><strong>Adaptabilit\u00e9 \u00e0 la culture.<\/strong><\/li>\n<li><strong>Couleur orange exquise.<\/strong><\/li>\n<\/ul>\n<p>Cultivez la douceur avec nos graines de tomates cerise Goldiana bio. Appr\u00e9ciez la fra\u00eecheur et la saveur exceptionnelle de ces tomates, cultiv\u00e9es consciemment dans votre propre jardin. <\/p>\n","protected":false},"featured_media":23327,"comment_status":"open","ping_status":"closed","template":"","meta":{"_acf_changed":false},"product_brand":[],"product_cat":[1303,424,430],"product_tag":[1385],"class_list":{"0":"post-38211","1":"product","2":"type-product","3":"status-publish","4":"has-post-thumbnail","6":"product_cat-graines-de-demeter","7":"product_cat-semences-biologiques","8":"product_cat-semences-de-fruits-et-legumes-biologiques","9":"product_tag-demeter-fr","11":"first","12":"instock","13":"sale","14":"taxable","15":"shipping-taxable","16":"purchasable","17":"product-type-variable"},"acf":[],"_links":{"self":[{"href":"https:\/\/cultivers.es\/fr\/wp-json\/wp\/v2\/product\/38211","targetHints":{"allow":["GET"]}}],"collection":[{"href":"https:\/\/cultivers.es\/fr\/wp-json\/wp\/v2\/product"}],"about":[{"href":"https:\/\/cultivers.es\/fr\/wp-json\/wp\/v2\/types\/product"}],"replies":[{"embeddable":true,"href":"https:\/\/cultivers.es\/fr\/wp-json\/wp\/v2\/comments?post=38211"}],"wp:featuredmedia":[{"embeddable":true,"href":"https:\/\/cultivers.es\/fr\/wp-json\/wp\/v2\/media\/23327"}],"wp:attachment":[{"href":"https:\/\/cultivers.es\/fr\/wp-json\/wp\/v2\/media?parent=38211"}],"wp:term":[{"taxonomy":"product_brand","embeddable":true,"href":"https:\/\/cultivers.es\/fr\/wp-json\/wp\/v2\/product_brand?post=38211"},{"taxonomy":"product_cat","embeddable":true,"href":"https:\/\/cultivers.es\/fr\/wp-json\/wp\/v2\/product_cat?post=38211"},{"taxonomy":"product_tag","embeddable":true,"href":"https:\/\/cultivers.es\/fr\/wp-json\/wp\/v2\/product_tag?post=38211"}],"curies":[{"name":"wp","href":"https:\/\/api.w.org\/{rel}","templated":true}]}}