{"id":38223,"date":"2024-01-12T11:11:06","date_gmt":"2024-01-12T11:11:06","guid":{"rendered":"https:\/\/cultivers.es\/abonos\/radis-sora-organic-seeds\/"},"modified":"2025-09-22T05:39:49","modified_gmt":"2025-09-22T05:39:49","slug":"radis-sora-organic-seeds","status":"publish","type":"product","link":"https:\/\/cultivers.es\/fr\/abonnements\/radis-sora-organic-seeds\/","title":{"rendered":"Graines de radis Sora biodynamiques Demeter"},"content":{"rendered":"","protected":false},"excerpt":{"rendered":"<p>Nos graines de radis Sora biologiques vous permettent de cultiver la fra\u00eecheur et la saveur vibrante de ces radis directement dans votre jardin. Provenant de fermes certifi\u00e9es biologiques, ces graines garantissent une r\u00e9colte pure et d\u00e9licieuse de radis Sora (Raphanus sativus), ajoutant une touche croquante et nutritive \u00e0 vos salades et plats pr\u00e9f\u00e9r\u00e9s. <\/p>\n<ul>\n<li><strong>Origine certifi\u00e9e.<\/strong><\/li>\n<li><strong>Saveur croustillante et rafra\u00eechissante.<\/strong><\/li>\n<li><strong>Culture sans pesticides.<\/strong><\/li>\n<li><strong>Adaptabilit\u00e9 \u00e0 la culture.  <\/strong><\/li>\n<li><strong>Enrichissez vos plats.<\/strong><\/li>\n<\/ul>\n<p>Cultivez la fra\u00eecheur dans votre jardin avec nos graines de radis Sora biologiques. Appr\u00e9ciez la satisfaction de r\u00e9colter et de d\u00e9guster des radis croquants, cultiv\u00e9s consciemment dans votre propre jardin. <\/p>\n","protected":false},"featured_media":45364,"comment_status":"open","ping_status":"closed","template":"","meta":{"_acf_changed":false},"product_brand":[],"product_cat":[1303,426,424],"product_tag":[1385],"class_list":{"0":"post-38223","1":"product","2":"type-product","3":"status-publish","4":"has-post-thumbnail","6":"product_cat-graines-de-demeter","7":"product_cat-graines-de-racines-biologiques","8":"product_cat-semences-biologiques","9":"product_tag-demeter-fr","11":"first","12":"instock","13":"sale","14":"taxable","15":"shipping-taxable","16":"purchasable","17":"product-type-variable"},"acf":[],"_links":{"self":[{"href":"https:\/\/cultivers.es\/fr\/wp-json\/wp\/v2\/product\/38223","targetHints":{"allow":["GET"]}}],"collection":[{"href":"https:\/\/cultivers.es\/fr\/wp-json\/wp\/v2\/product"}],"about":[{"href":"https:\/\/cultivers.es\/fr\/wp-json\/wp\/v2\/types\/product"}],"replies":[{"embeddable":true,"href":"https:\/\/cultivers.es\/fr\/wp-json\/wp\/v2\/comments?post=38223"}],"wp:featuredmedia":[{"embeddable":true,"href":"https:\/\/cultivers.es\/fr\/wp-json\/wp\/v2\/media\/45364"}],"wp:attachment":[{"href":"https:\/\/cultivers.es\/fr\/wp-json\/wp\/v2\/media?parent=38223"}],"wp:term":[{"taxonomy":"product_brand","embeddable":true,"href":"https:\/\/cultivers.es\/fr\/wp-json\/wp\/v2\/product_brand?post=38223"},{"taxonomy":"product_cat","embeddable":true,"href":"https:\/\/cultivers.es\/fr\/wp-json\/wp\/v2\/product_cat?post=38223"},{"taxonomy":"product_tag","embeddable":true,"href":"https:\/\/cultivers.es\/fr\/wp-json\/wp\/v2\/product_tag?post=38223"}],"curies":[{"name":"wp","href":"https:\/\/api.w.org\/{rel}","templated":true}]}}