{"id":38234,"date":"2023-10-27T11:00:49","date_gmt":"2023-10-27T11:00:49","guid":{"rendered":"https:\/\/cultivers.es\/abonos\/melange-de-graines-fleurs-pour-papillons-eco\/"},"modified":"2025-11-22T11:45:48","modified_gmt":"2025-11-22T11:45:48","slug":"melange-de-graines-fleurs-pour-papillons-eco","status":"publish","type":"product","link":"https:\/\/cultivers.es\/fr\/abonnements\/melange-de-graines-fleurs-pour-papillons-eco\/","title":{"rendered":"M\u00e9lange de graines Fleurs pour papillons Eco"},"content":{"rendered":"","protected":false},"excerpt":{"rendered":"<p>Le <strong>m\u00e9lange de fleurs pour papillons<\/strong> est un m\u00e9lange soigneusement s\u00e9lectionn\u00e9 d&rsquo;esp\u00e8ces de fleurs con\u00e7ues pour attirer les <strong>papillons<\/strong> et autres pollinisateurs, apportant couleur, vie et biodiversit\u00e9 au <strong>jardin et au verger<\/strong>. Avec une combinaison de fleurs de tailles, de formes et de couleurs diff\u00e9rentes, ce m\u00e9lange est id\u00e9al pour cr\u00e9er des espaces pleins de vie et d&rsquo;\u00e9nergie naturelle. En plus d&#8217;embellir votre environnement, ces fleurs favorisent la pollinisation et l&rsquo;\u00e9quilibre \u00e9cologique.  <\/p>\n<p><strong>Fleurs color\u00e9es et attrayantes :<\/strong> leur m\u00e9lange de couleurs vives cr\u00e9e un spectacle visuel tout au long de la saison, attirant les papillons et d&rsquo;autres insectes utiles.<\/p>\n<p><strong>Attractif pour les pollinisateurs :<\/strong> riche en nectar, ce m\u00e9lange est sp\u00e9cialement formul\u00e9 pour attirer les papillons, les abeilles et d&rsquo;autres pollinisateurs essentiels \u00e0 l&rsquo;\u00e9cosyst\u00e8me.<\/p>\n<p><strong>Floraison prolong\u00e9e :<\/strong> elle fleurit du printemps \u00e0 l&rsquo;automne, garantissant un environnement plein de couleurs et de mouvement pendant plusieurs mois.<\/p>\n<p><strong>Facile \u00e0 cultiver :<\/strong> S&rsquo;adaptant \u00e0 diff\u00e9rents types de sols et de climats, ce m\u00e9lange n\u00e9cessite peu de soins, ce qui le rend parfait pour les d\u00e9butants comme pour les jardiniers exp\u00e9riment\u00e9s.<\/p>\n<p><strong>Id\u00e9al<\/strong> pour <strong>les bordures et les espaces naturels : parfait<\/strong> pour les prairies fleuries, les bords de chemins, les parterres de fleurs ou les espaces ouverts dans le verger et le jardin.<\/p>\n<p><strong>Culture biologique :<\/strong> Nos semences sont <strong>100 % biologiques<\/strong>, sans pesticides ni engrais chimiques, ce qui favorise un <strong>jardin<\/strong> durable et respectueux de l&rsquo;environnement.<\/p>\n<p>Remplissez votre <strong>verger et votre jardin<\/strong> de couleurs, de vie et de biodiversit\u00e9 avec le <strong>m\u00e9lange de fleurs pour papillons biologiques<\/strong>- commandez d\u00e8s aujourd&rsquo;hui et cr\u00e9ez un paradis naturel pour ces magnifiques pollinisateurs ! <\/p>\n","protected":false},"featured_media":45412,"comment_status":"open","ping_status":"closed","template":"","meta":{"_acf_changed":false},"product_brand":[],"product_cat":[424,464],"product_tag":[1579],"class_list":{"0":"post-38234","1":"product","2":"type-product","3":"status-publish","4":"has-post-thumbnail","6":"product_cat-semences-biologiques","7":"product_cat-semences-de-fleurs-biologiques","8":"product_tag-eco","10":"first","11":"instock","12":"sale","13":"taxable","14":"shipping-taxable","15":"purchasable","16":"product-type-simple"},"acf":[],"_links":{"self":[{"href":"https:\/\/cultivers.es\/fr\/wp-json\/wp\/v2\/product\/38234","targetHints":{"allow":["GET"]}}],"collection":[{"href":"https:\/\/cultivers.es\/fr\/wp-json\/wp\/v2\/product"}],"about":[{"href":"https:\/\/cultivers.es\/fr\/wp-json\/wp\/v2\/types\/product"}],"replies":[{"embeddable":true,"href":"https:\/\/cultivers.es\/fr\/wp-json\/wp\/v2\/comments?post=38234"}],"wp:featuredmedia":[{"embeddable":true,"href":"https:\/\/cultivers.es\/fr\/wp-json\/wp\/v2\/media\/45412"}],"wp:attachment":[{"href":"https:\/\/cultivers.es\/fr\/wp-json\/wp\/v2\/media?parent=38234"}],"wp:term":[{"taxonomy":"product_brand","embeddable":true,"href":"https:\/\/cultivers.es\/fr\/wp-json\/wp\/v2\/product_brand?post=38234"},{"taxonomy":"product_cat","embeddable":true,"href":"https:\/\/cultivers.es\/fr\/wp-json\/wp\/v2\/product_cat?post=38234"},{"taxonomy":"product_tag","embeddable":true,"href":"https:\/\/cultivers.es\/fr\/wp-json\/wp\/v2\/product_tag?post=38234"}],"curies":[{"name":"wp","href":"https:\/\/api.w.org\/{rel}","templated":true}]}}