{"id":38243,"date":"2023-10-27T11:09:19","date_gmt":"2023-10-27T11:09:19","guid":{"rendered":"https:\/\/cultivers.es\/abonos\/melange-de-graines-pour-des-bouquets-ecologiques\/"},"modified":"2025-09-22T05:25:34","modified_gmt":"2025-09-22T05:25:34","slug":"melange-de-graines-pour-des-bouquets-ecologiques","status":"publish","type":"product","link":"https:\/\/cultivers.es\/fr\/abonnements\/melange-de-graines-pour-des-bouquets-ecologiques\/","title":{"rendered":"M\u00e9lange de graines pour bouquets"},"content":{"rendered":"","protected":false},"excerpt":{"rendered":"<p>Le <strong>m\u00e9lange pour bouquets de fleurs<\/strong> est une s\u00e9lection sp\u00e9ciale de vari\u00e9t\u00e9s florales con\u00e7ues pour cr\u00e9er des <strong>bouquets frais et color\u00e9s<\/strong> provenant directement du <strong>jardin et du verger<\/strong>. Ce m\u00e9lange associe des esp\u00e8ces \u00e0 <strong>longues tiges et \u00e0 fleurs durables<\/strong>, parfaites pour \u00eatre coup\u00e9es et appr\u00e9ci\u00e9es dans des compositions florales naturelles. Outre leur beaut\u00e9 ornementale, ces fleurs attirent les <strong>pollinisateurs<\/strong> tels que les abeilles et les papillons, favorisant ainsi la biodiversit\u00e9 et l&rsquo;\u00e9quilibre \u00e9cologique.  <\/p>\n<p><strong>Fleurs vari\u00e9es et color\u00e9es :<\/strong> comprend une combinaison de fleurs de diff\u00e9rentes couleurs, formes et tailles, id\u00e9ales pour cr\u00e9er des bouquets \u00e9l\u00e9gants et attrayants.<\/p>\n<p><strong>Tiges longues et robustes :<\/strong> Con\u00e7ues pour \u00eatre coup\u00e9es, ces fleurs conservent leur fra\u00eecheur et leur structure dans les bouquets et les compositions d\u00e9coratives.<\/p>\n<p><strong>Attractif pour les pollinisateurs :<\/strong> leurs fleurs riches en nectar attirent les abeilles, les papillons et d&rsquo;autres insectes b\u00e9n\u00e9fiques, favorisant l&rsquo;\u00e9cosyst\u00e8me du <strong>verger et du jardin.<\/strong><\/p>\n<p><strong>Floraison prolong\u00e9e :<\/strong> Profitez d&rsquo;une floraison continue du printemps \u00e0 l&rsquo;automne, garantissant un approvisionnement constant en fleurs \u00e0 couper.<\/p>\n<p><strong>Facile \u00e0 cultiver :<\/strong> s&rsquo;adaptant \u00e0 diff\u00e9rents types de sols et de conditions climatiques, elle n\u00e9cessite peu de soins, ce qui la rend parfaite pour les d\u00e9butants et les jardiniers confirm\u00e9s.<\/p>\n<p><strong>Culture biologique :<\/strong> Nos semences sont <strong>100 % biologiques<\/strong>, sans pesticides ni engrais chimiques, ce qui favorise un <strong>jardin<\/strong> durable et respectueux de l&rsquo;environnement.<\/p>\n<p>Remplissez votre <strong>jardin et votre verger<\/strong> de couleurs et de vie avec le <strong>m\u00e9lange de bouquets de fleurs biologiques<\/strong> et cr\u00e9ez des compositions florales fra\u00eeches et naturelles tout au long de la saison - commandez d\u00e8s aujourd&rsquo;hui et commencez \u00e0 profiter de fleurs uniques et durables ! <\/p>\n","protected":false},"featured_media":50169,"comment_status":"open","ping_status":"closed","template":"","meta":{"_acf_changed":false},"product_brand":[],"product_cat":[424,464],"product_tag":[1579],"class_list":{"0":"post-38243","1":"product","2":"type-product","3":"status-publish","4":"has-post-thumbnail","6":"product_cat-semences-biologiques","7":"product_cat-semences-de-fleurs-biologiques","8":"product_tag-eco","10":"first","11":"outofstock","12":"sale","13":"taxable","14":"shipping-taxable","15":"purchasable","16":"product-type-simple"},"acf":[],"_links":{"self":[{"href":"https:\/\/cultivers.es\/fr\/wp-json\/wp\/v2\/product\/38243","targetHints":{"allow":["GET"]}}],"collection":[{"href":"https:\/\/cultivers.es\/fr\/wp-json\/wp\/v2\/product"}],"about":[{"href":"https:\/\/cultivers.es\/fr\/wp-json\/wp\/v2\/types\/product"}],"replies":[{"embeddable":true,"href":"https:\/\/cultivers.es\/fr\/wp-json\/wp\/v2\/comments?post=38243"}],"wp:featuredmedia":[{"embeddable":true,"href":"https:\/\/cultivers.es\/fr\/wp-json\/wp\/v2\/media\/50169"}],"wp:attachment":[{"href":"https:\/\/cultivers.es\/fr\/wp-json\/wp\/v2\/media?parent=38243"}],"wp:term":[{"taxonomy":"product_brand","embeddable":true,"href":"https:\/\/cultivers.es\/fr\/wp-json\/wp\/v2\/product_brand?post=38243"},{"taxonomy":"product_cat","embeddable":true,"href":"https:\/\/cultivers.es\/fr\/wp-json\/wp\/v2\/product_cat?post=38243"},{"taxonomy":"product_tag","embeddable":true,"href":"https:\/\/cultivers.es\/fr\/wp-json\/wp\/v2\/product_tag?post=38243"}],"curies":[{"name":"wp","href":"https:\/\/api.w.org\/{rel}","templated":true}]}}