{"id":38255,"date":"2023-10-27T11:27:28","date_gmt":"2023-10-27T11:27:28","guid":{"rendered":"https:\/\/cultivers.es\/abonos\/navet-boule-de-neige-semences-biologiques\/"},"modified":"2025-09-22T04:45:43","modified_gmt":"2025-09-22T04:45:43","slug":"navet-boule-de-neige-semences-biologiques","status":"publish","type":"product","link":"https:\/\/cultivers.es\/fr\/abonnements\/navet-boule-de-neige-semences-biologiques\/","title":{"rendered":"Navet boule de neige Semences"},"content":{"rendered":"","protected":false},"excerpt":{"rendered":"<p>Le <strong>navet boule de neige<\/strong><em>(Brassica rapa<\/em>) est une vari\u00e9t\u00e9 traditionnelle connue pour ses <strong>racines blanches, rondes et lisses<\/strong>, \u00e0 la texture tendre et au go\u00fbt <strong>doux et sucr\u00e9<\/strong>. Il est id\u00e9al pour \u00eatre consomm\u00e9 frais en salade, cuit en rago\u00fbt, en pur\u00e9e ou en r\u00f4ti. En outre, ses <strong>feuilles vertes<\/strong> sont comestibles et parfaites pour les saut\u00e9s et les soupes. Sa croissance rapide et sa culture facile en font un excellent choix pour tout <strong>jardin potager<\/strong>.   <\/p>\n<p><strong>Soft White Roots :<\/strong> produit des navets ronds, lisses, \u00e0 peau blanche, \u00e0 la texture croquante et \u00e0 la saveur douce et d\u00e9licate.<\/p>\n<p><strong>Feuilles comestibles et nutritives :<\/strong> Les feuilles de navet sont riches en vitamines et en min\u00e9raux, id\u00e9ales pour \u00eatre incorpor\u00e9es dans des plats cuisin\u00e9s ou frais.<\/p>\n<p><strong>Croissance rapide :<\/strong> Avec un cycle de croissance court, cette vari\u00e9t\u00e9 permet des r\u00e9coltes en quelques semaines seulement, ce qui la rend id\u00e9ale pour les cultures continues.<\/p>\n<p><strong>Riche en nutriments :<\/strong> Source de vitamine C, de calcium et d&rsquo;antioxydants, c&rsquo;est un aliment sain qui favorise une alimentation \u00e9quilibr\u00e9e.<\/p>\n<p><strong>Facile \u00e0 cultiver :<\/strong> rustique et s&rsquo;adaptant \u00e0 diff\u00e9rents types de sols et de climats, il est id\u00e9al pour les jardiniers d\u00e9butants et exp\u00e9riment\u00e9s.<\/p>\n<p><strong>Culture biologique :<\/strong> Nos semences sont <strong>100% biologiques<\/strong>, sans pesticides ni engrais chimiques, ce qui garantit une culture durable et respectueuse de l&rsquo;environnement.<\/p>\n<p>Ajoutez le <strong>navet boule de neige biologique<\/strong> \u00e0 votre <strong>jardin<\/strong> et profitez d&rsquo;une vari\u00e9t\u00e9 polyvalente, nutritive et facile \u00e0 cultiver. Commandez d\u00e8s aujourd&rsquo;hui et commencez \u00e0 r\u00e9colter de la qualit\u00e9 et de la fra\u00eecheur directement \u00e0 la maison ! <\/p>\n","protected":false},"featured_media":22414,"comment_status":"open","ping_status":"closed","template":"","meta":{"_acf_changed":false},"product_brand":[],"product_cat":[424,431],"product_tag":[1579],"woo-feed-brand":[],"class_list":{"0":"post-38255","1":"product","2":"type-product","3":"status-publish","4":"has-post-thumbnail","6":"product_cat-semences-biologiques","7":"product_cat-semences-de-brassica-biologiques","8":"product_tag-eco","10":"first","11":"instock","12":"taxable","13":"shipping-taxable","14":"purchasable","15":"product-type-simple"},"acf":[],"_links":{"self":[{"href":"https:\/\/cultivers.es\/fr\/wp-json\/wp\/v2\/product\/38255","targetHints":{"allow":["GET"]}}],"collection":[{"href":"https:\/\/cultivers.es\/fr\/wp-json\/wp\/v2\/product"}],"about":[{"href":"https:\/\/cultivers.es\/fr\/wp-json\/wp\/v2\/types\/product"}],"replies":[{"embeddable":true,"href":"https:\/\/cultivers.es\/fr\/wp-json\/wp\/v2\/comments?post=38255"}],"wp:featuredmedia":[{"embeddable":true,"href":"https:\/\/cultivers.es\/fr\/wp-json\/wp\/v2\/media\/22414"}],"wp:attachment":[{"href":"https:\/\/cultivers.es\/fr\/wp-json\/wp\/v2\/media?parent=38255"}],"wp:term":[{"taxonomy":"product_brand","embeddable":true,"href":"https:\/\/cultivers.es\/fr\/wp-json\/wp\/v2\/product_brand?post=38255"},{"taxonomy":"product_cat","embeddable":true,"href":"https:\/\/cultivers.es\/fr\/wp-json\/wp\/v2\/product_cat?post=38255"},{"taxonomy":"product_tag","embeddable":true,"href":"https:\/\/cultivers.es\/fr\/wp-json\/wp\/v2\/product_tag?post=38255"},{"taxonomy":"woo-feed-brand","embeddable":true,"href":"https:\/\/cultivers.es\/fr\/wp-json\/wp\/v2\/woo-feed-brand?post=38255"}],"curies":[{"name":"wp","href":"https:\/\/api.w.org\/{rel}","templated":true}]}}