{"id":38263,"date":"2023-12-05T11:02:38","date_gmt":"2023-12-05T11:02:38","guid":{"rendered":"https:\/\/cultivers.es\/?post_type=product&#038;p=38263"},"modified":"2025-07-01T07:14:50","modified_gmt":"2025-07-01T07:14:50","slug":"substrat-dalgues-organiques-cactus-succulentes-et-bulbes","status":"publish","type":"product","link":"https:\/\/cultivers.es\/fr\/abonnements\/substrat-dalgues-organiques-cactus-succulentes-et-bulbes\/","title":{"rendered":"Substrat d&rsquo;algues organiques Cactus, Succulentes et Bulbes"},"content":{"rendered":"","protected":false},"excerpt":{"rendered":"<p>Notre substrat pour cactus, succulentes et bulbes est un m\u00e9lange d&rsquo;algues marines, d&rsquo;humus et de tourbe. Cette formule unique fournit un environnement optimal pour la croissance des cactus, offrant une base nutritive et \u00e9quilibr\u00e9e qui favorise un d\u00e9veloppement sain. <\/p>\n<ul>\n<li>Cr\u00e9\u00e9 avec des algues.<\/li>\n<li>Humus pour l&rsquo;am\u00e9lioration des sols.<\/li>\n<li>Sans violence.<\/li>\n<li>R\u00e9tention \u00e9quilibr\u00e9e de l&rsquo;humidit\u00e9.<\/li>\n<li>Texture id\u00e9ale pour les cactus.<\/li>\n<\/ul>\n<p>Prenez soin de vos plantes avec ce qu&rsquo;il y a de mieux ! Achetez notre substrat d&rsquo;algues et d&rsquo;humus pour cactus, succulentes et bulbes et offrez \u00e0 vos plantes une base naturelle et \u00e9quilibr\u00e9e pour une croissance vigoureuse et saine. Donnez \u00e0 vos cactus la nutrition qu&rsquo;ils m\u00e9ritent avec un choix respectueux de l&rsquo;environnement !  <\/p>\n","protected":false},"featured_media":22861,"comment_status":"open","ping_status":"closed","template":"","meta":{"_acf_changed":false},"product_brand":[],"product_cat":[721],"product_tag":[],"woo-feed-brand":[],"class_list":{"0":"post-38263","1":"product","2":"type-product","3":"status-publish","4":"has-post-thumbnail","6":"product_cat-substrats-et-decorations","8":"first","9":"outofstock","10":"taxable","11":"shipping-taxable","12":"purchasable","13":"product-type-variable"},"acf":[],"_links":{"self":[{"href":"https:\/\/cultivers.es\/fr\/wp-json\/wp\/v2\/product\/38263","targetHints":{"allow":["GET"]}}],"collection":[{"href":"https:\/\/cultivers.es\/fr\/wp-json\/wp\/v2\/product"}],"about":[{"href":"https:\/\/cultivers.es\/fr\/wp-json\/wp\/v2\/types\/product"}],"replies":[{"embeddable":true,"href":"https:\/\/cultivers.es\/fr\/wp-json\/wp\/v2\/comments?post=38263"}],"wp:featuredmedia":[{"embeddable":true,"href":"https:\/\/cultivers.es\/fr\/wp-json\/wp\/v2\/media\/22861"}],"wp:attachment":[{"href":"https:\/\/cultivers.es\/fr\/wp-json\/wp\/v2\/media?parent=38263"}],"wp:term":[{"taxonomy":"product_brand","embeddable":true,"href":"https:\/\/cultivers.es\/fr\/wp-json\/wp\/v2\/product_brand?post=38263"},{"taxonomy":"product_cat","embeddable":true,"href":"https:\/\/cultivers.es\/fr\/wp-json\/wp\/v2\/product_cat?post=38263"},{"taxonomy":"product_tag","embeddable":true,"href":"https:\/\/cultivers.es\/fr\/wp-json\/wp\/v2\/product_tag?post=38263"},{"taxonomy":"woo-feed-brand","embeddable":true,"href":"https:\/\/cultivers.es\/fr\/wp-json\/wp\/v2\/woo-feed-brand?post=38263"}],"curies":[{"name":"wp","href":"https:\/\/api.w.org\/{rel}","templated":true}]}}