{"id":38314,"date":"2024-01-10T14:06:32","date_gmt":"2024-01-10T14:06:32","guid":{"rendered":"https:\/\/cultivers.es\/abonos\/maycrop-organic-semences-de-laitue\/"},"modified":"2025-09-22T05:42:02","modified_gmt":"2025-09-22T05:42:02","slug":"maycrop-organic-semences-de-laitue","status":"publish","type":"product","link":"https:\/\/cultivers.es\/fr\/abonnements\/maycrop-organic-semences-de-laitue\/","title":{"rendered":"Maycrop Semences de Laitue"},"content":{"rendered":"","protected":false},"excerpt":{"rendered":"<p><strong>La laitue romaine<\/strong><em>(Lactuca sativa<\/em>) est une vari\u00e9t\u00e9 de <strong>feuilles croquantes et savoureuses<\/strong>, parfaite pour une r\u00e9colte pr\u00e9coce et continue tout au long de la saison. Elle est r\u00e9put\u00e9e pour sa <strong>croissance rapide<\/strong> et sa r\u00e9sistance \u00e0 la montaison, ce qui en fait un choix id\u00e9al pour le <strong>jardin<\/strong>. Sa saveur douce et sa texture tendre la rendent id\u00e9ale pour les salades fra\u00eeches, les sandwichs et les plats d&rsquo;accompagnement sains.  <\/p>\n<p><strong>Feuilles croquantes et tendres :<\/strong> Les feuilles sont d&rsquo;un vert brillant, d&rsquo;une saveur d\u00e9licate et d&rsquo;une texture fra\u00eeche, parfaites pour des plats l\u00e9gers et sains.<\/p>\n<p><strong>Croissance rapide et rustique :<\/strong> Cette vari\u00e9t\u00e9 est connue pour son d\u00e9veloppement rapide et sa capacit\u00e9 \u00e0 r\u00e9sister \u00e0 la chaleur sans monter facilement en graine.<\/p>\n<p><strong>Productivit\u00e9 \u00e9lev\u00e9e :<\/strong> permet des r\u00e9coltes continues tout au long de la saison, garantissant un approvisionnement constant en produits frais.<\/p>\n<p><strong>Riche en nutriments :<\/strong> Excellente source de fibres, de vitamines A et C, ainsi que d&rsquo;antioxydants essentiels \u00e0 une alimentation \u00e9quilibr\u00e9e.<\/p>\n<p><strong>Facile \u00e0 cultiver :<\/strong> s&rsquo;adaptant \u00e0 diff\u00e9rents climats et types de sol, il n\u00e9cessite peu de soins et est id\u00e9al pour les jardiniers d\u00e9butants et exp\u00e9riment\u00e9s.<\/p>\n<p><strong>Culture biologique :<\/strong> Nos semences sont <strong>100 % biologiques<\/strong>, sans pesticides ni engrais chimiques, ce qui favorise une culture durable et respectueuse de l&rsquo;environnement.<\/p>\n<p>Cultivez la <strong>laitue biologique Maycrop<\/strong> dans votre <strong>jardin<\/strong> et profitez de feuilles fra\u00eeches, nutritives et croquantes tout au long de la saison. Commandez d\u00e8s aujourd&rsquo;hui et commencez \u00e0 r\u00e9colter la qualit\u00e9 et la saveur directement chez vous ! <\/p>\n","protected":false},"featured_media":23177,"comment_status":"open","ping_status":"closed","template":"","meta":{"_acf_changed":false},"product_brand":[],"product_cat":[424,459],"product_tag":[1579],"class_list":{"0":"post-38314","1":"product","2":"type-product","3":"status-publish","4":"has-post-thumbnail","6":"product_cat-semences-biologiques","7":"product_cat-semences-de-legumes-feuilles-biologiques","8":"product_tag-eco","10":"first","11":"instock","12":"taxable","13":"shipping-taxable","14":"purchasable","15":"product-type-simple"},"acf":[],"_links":{"self":[{"href":"https:\/\/cultivers.es\/fr\/wp-json\/wp\/v2\/product\/38314","targetHints":{"allow":["GET"]}}],"collection":[{"href":"https:\/\/cultivers.es\/fr\/wp-json\/wp\/v2\/product"}],"about":[{"href":"https:\/\/cultivers.es\/fr\/wp-json\/wp\/v2\/types\/product"}],"replies":[{"embeddable":true,"href":"https:\/\/cultivers.es\/fr\/wp-json\/wp\/v2\/comments?post=38314"}],"wp:featuredmedia":[{"embeddable":true,"href":"https:\/\/cultivers.es\/fr\/wp-json\/wp\/v2\/media\/23177"}],"wp:attachment":[{"href":"https:\/\/cultivers.es\/fr\/wp-json\/wp\/v2\/media?parent=38314"}],"wp:term":[{"taxonomy":"product_brand","embeddable":true,"href":"https:\/\/cultivers.es\/fr\/wp-json\/wp\/v2\/product_brand?post=38314"},{"taxonomy":"product_cat","embeddable":true,"href":"https:\/\/cultivers.es\/fr\/wp-json\/wp\/v2\/product_cat?post=38314"},{"taxonomy":"product_tag","embeddable":true,"href":"https:\/\/cultivers.es\/fr\/wp-json\/wp\/v2\/product_tag?post=38314"}],"curies":[{"name":"wp","href":"https:\/\/api.w.org\/{rel}","templated":true}]}}