{"id":38325,"date":"2024-01-10T14:31:46","date_gmt":"2024-01-10T14:31:46","guid":{"rendered":"https:\/\/cultivers.es\/abonos\/melange-de-legumes-asiatiques-bio-semences\/"},"modified":"2025-11-22T11:45:47","modified_gmt":"2025-11-22T11:45:47","slug":"melange-de-legumes-asiatiques-bio-semences","status":"publish","type":"product","link":"https:\/\/cultivers.es\/fr\/abonnements\/melange-de-legumes-asiatiques-bio-semences\/","title":{"rendered":"Graines de l\u00e9gumes asiatiques m\u00e9lang\u00e9es"},"content":{"rendered":"","protected":false},"excerpt":{"rendered":"<p>Nos graines de m\u00e9lange de l\u00e9gumes asiatiques biologiques offrent une collection de plantes asiatiques exotiques et saines pour votre jardin. Issues de cultures certifi\u00e9es biologiques et sans pesticides, ces graines vous permettent de cultiver une vari\u00e9t\u00e9 de l\u00e9gumes de la r\u00e9gion asiatique, vous apportant fra\u00eecheur et diversit\u00e9 dans vos plats avec la garantie d&rsquo;un approvisionnement durable. <\/p>\n<ul>\n<li><strong>Origine certifi\u00e9e.<\/strong><\/li>\n<li><strong>Vari\u00e9t\u00e9 de plantes.<\/strong><\/li>\n<li><strong>Culture durable.<\/strong><\/li>\n<li><strong>Adaptabilit\u00e9 \u00e0 la culture.<\/strong><\/li>\n<li><strong>Soutien au d\u00e9veloppement durable<\/strong><\/li>\n<\/ul>\n<p>En optant pour ces semences biologiques, vous soutenez des pratiques de culture durables et contribuez \u00e0 la pr\u00e9servation de l&rsquo;environnement.<\/p>\n","protected":false},"featured_media":45437,"comment_status":"open","ping_status":"closed","template":"","meta":{"_acf_changed":false},"product_brand":[],"product_cat":[424,459],"product_tag":[1579],"class_list":{"0":"post-38325","1":"product","2":"type-product","3":"status-publish","4":"has-post-thumbnail","6":"product_cat-semences-biologiques","7":"product_cat-semences-de-legumes-feuilles-biologiques","8":"product_tag-eco","10":"first","11":"instock","12":"sale","13":"taxable","14":"shipping-taxable","15":"purchasable","16":"product-type-simple"},"acf":[],"_links":{"self":[{"href":"https:\/\/cultivers.es\/fr\/wp-json\/wp\/v2\/product\/38325","targetHints":{"allow":["GET"]}}],"collection":[{"href":"https:\/\/cultivers.es\/fr\/wp-json\/wp\/v2\/product"}],"about":[{"href":"https:\/\/cultivers.es\/fr\/wp-json\/wp\/v2\/types\/product"}],"replies":[{"embeddable":true,"href":"https:\/\/cultivers.es\/fr\/wp-json\/wp\/v2\/comments?post=38325"}],"wp:featuredmedia":[{"embeddable":true,"href":"https:\/\/cultivers.es\/fr\/wp-json\/wp\/v2\/media\/45437"}],"wp:attachment":[{"href":"https:\/\/cultivers.es\/fr\/wp-json\/wp\/v2\/media?parent=38325"}],"wp:term":[{"taxonomy":"product_brand","embeddable":true,"href":"https:\/\/cultivers.es\/fr\/wp-json\/wp\/v2\/product_brand?post=38325"},{"taxonomy":"product_cat","embeddable":true,"href":"https:\/\/cultivers.es\/fr\/wp-json\/wp\/v2\/product_cat?post=38325"},{"taxonomy":"product_tag","embeddable":true,"href":"https:\/\/cultivers.es\/fr\/wp-json\/wp\/v2\/product_tag?post=38325"}],"curies":[{"name":"wp","href":"https:\/\/api.w.org\/{rel}","templated":true}]}}