{"id":38336,"date":"2024-01-11T08:01:00","date_gmt":"2024-01-11T08:01:00","guid":{"rendered":"https:\/\/cultivers.es\/abonos\/graines-daranuela-bio\/"},"modified":"2025-09-22T05:41:54","modified_gmt":"2025-09-22T05:41:54","slug":"graines-daranuela-bio","status":"publish","type":"product","link":"https:\/\/cultivers.es\/fr\/abonnements\/graines-daranuela-bio\/","title":{"rendered":"Graines d&rsquo;Ara\u00f1uela bio"},"content":{"rendered":"","protected":false},"excerpt":{"rendered":"<p><span>Nos graines d&rsquo;armoise biologique vous invitent \u00e0 apporter la beaut\u00e9 des fleurs sauvages dans votre propre jardin.  <\/span><span>Issues d&rsquo;une culture biologique certifi\u00e9e, ces graines vous permettent de profiter de l&rsquo;adorable nigelle (Nigelia damascena) de mani\u00e8re durable et naturelle, en ajoutant une touche sauvage et color\u00e9e \u00e0 votre environnement.<\/span><\/p>\n<ul>\n<li><strong><span><span>Origine certifi\u00e9e.<\/span><\/span><\/strong><\/li>\n<li><strong><span><span>Fleur sauvage enchanteresse.<\/span><\/span><\/strong><\/li>\n<li><strong><span><span>Agriculture biologique et responsable.<\/span><\/span><\/strong><\/li>\n<li><strong><span><span>Adaptabilit\u00e9 dans le jardin ou le H<\/span><\/span><\/strong><strong><span><span>uerto.<\/span><\/span><\/strong><\/li>\n<li><strong><span><span>Contribution \u00e0 la biodiversit\u00e9.<\/span><\/span><\/strong><\/li>\n<\/ul>\n<p>En cultivant des t\u00e9tranyques, vous encouragez la biodiversit\u00e9 en attirant des abeilles et des papillons, ce qui favorise un \u00e9cosyst\u00e8me sain dans votre environnement.<\/p>\n","protected":false},"featured_media":50181,"comment_status":"open","ping_status":"closed","template":"","meta":{"_acf_changed":false},"product_brand":[],"product_cat":[458,424],"product_tag":[1579],"class_list":{"0":"post-38336","1":"product","2":"type-product","3":"status-publish","4":"has-post-thumbnail","6":"product_cat-graines-de-fleurs-comestibles-biologiques","7":"product_cat-semences-biologiques","8":"product_tag-eco","10":"first","11":"instock","12":"sale","13":"taxable","14":"shipping-taxable","15":"purchasable","16":"product-type-simple"},"acf":[],"_links":{"self":[{"href":"https:\/\/cultivers.es\/fr\/wp-json\/wp\/v2\/product\/38336","targetHints":{"allow":["GET"]}}],"collection":[{"href":"https:\/\/cultivers.es\/fr\/wp-json\/wp\/v2\/product"}],"about":[{"href":"https:\/\/cultivers.es\/fr\/wp-json\/wp\/v2\/types\/product"}],"replies":[{"embeddable":true,"href":"https:\/\/cultivers.es\/fr\/wp-json\/wp\/v2\/comments?post=38336"}],"wp:featuredmedia":[{"embeddable":true,"href":"https:\/\/cultivers.es\/fr\/wp-json\/wp\/v2\/media\/50181"}],"wp:attachment":[{"href":"https:\/\/cultivers.es\/fr\/wp-json\/wp\/v2\/media?parent=38336"}],"wp:term":[{"taxonomy":"product_brand","embeddable":true,"href":"https:\/\/cultivers.es\/fr\/wp-json\/wp\/v2\/product_brand?post=38336"},{"taxonomy":"product_cat","embeddable":true,"href":"https:\/\/cultivers.es\/fr\/wp-json\/wp\/v2\/product_cat?post=38336"},{"taxonomy":"product_tag","embeddable":true,"href":"https:\/\/cultivers.es\/fr\/wp-json\/wp\/v2\/product_tag?post=38336"}],"curies":[{"name":"wp","href":"https:\/\/api.w.org\/{rel}","templated":true}]}}