{"id":38346,"date":"2024-01-12T08:48:12","date_gmt":"2024-01-12T08:48:12","guid":{"rendered":"https:\/\/cultivers.es\/abonos\/melange-hola-mariquitas-melange-ecologique-graines\/"},"modified":"2025-11-22T11:45:47","modified_gmt":"2025-11-22T11:45:47","slug":"melange-hola-mariquitas-melange-ecologique-graines","status":"publish","type":"product","link":"https:\/\/cultivers.es\/fr\/abonnements\/melange-hola-mariquitas-melange-ecologique-graines\/","title":{"rendered":"M\u00e9lange Hola Mariquitas M\u00e9lange \u00e9cologique Graines"},"content":{"rendered":"","protected":false},"excerpt":{"rendered":"<p>Notre m\u00e9lange de graines pour attirer les coccinelles est la cl\u00e9 pour attirer ces alli\u00e9s b\u00e9n\u00e9fiques dans votre jardin. Ce m\u00e9lange de graines a \u00e9t\u00e9 soigneusement s\u00e9lectionn\u00e9 pour favoriser la pr\u00e9sence des coccinelles. Ce sont des insectes pr\u00e9dateurs qui aident \u00e0 maintenir l&rsquo;\u00e9quilibre naturel et \u00e0 lutter efficacement contre les parasites dans votre espace de culture.  <\/p>\n<ul>\n<li><strong>Vari\u00e9t\u00e9 de fleurs attrayantes.<\/strong><\/li>\n<li><strong>Attraction des insectes b\u00e9n\u00e9fiques.<\/strong><\/li>\n<li><strong>Culture durable.<\/strong><\/li>\n<li><strong>Lutte naturelle contre les parasites.<\/strong><\/li>\n<li><strong>Culture facile.<\/strong><\/li>\n<\/ul>\n<p>Invitez ces petits alli\u00e9s dans votre jardin avec notre m\u00e9lange de graines pour attirer les coccinelles. Transformez votre espace de culture en un havre naturel o\u00f9 ces cr\u00e9atures b\u00e9n\u00e9fiques peuvent prosp\u00e9rer et contribuer \u00e0 un jardin plus sain et plus \u00e9quilibr\u00e9. <\/p>\n","protected":false},"featured_media":50163,"comment_status":"open","ping_status":"closed","template":"","meta":{"_acf_changed":false},"product_brand":[],"product_cat":[424,464],"product_tag":[1579],"woo-feed-brand":[],"class_list":{"0":"post-38346","1":"product","2":"type-product","3":"status-publish","4":"has-post-thumbnail","6":"product_cat-semences-biologiques","7":"product_cat-semences-de-fleurs-biologiques","8":"product_tag-eco","10":"first","11":"instock","12":"taxable","13":"shipping-taxable","14":"purchasable","15":"product-type-simple"},"acf":[],"_links":{"self":[{"href":"https:\/\/cultivers.es\/fr\/wp-json\/wp\/v2\/product\/38346","targetHints":{"allow":["GET"]}}],"collection":[{"href":"https:\/\/cultivers.es\/fr\/wp-json\/wp\/v2\/product"}],"about":[{"href":"https:\/\/cultivers.es\/fr\/wp-json\/wp\/v2\/types\/product"}],"replies":[{"embeddable":true,"href":"https:\/\/cultivers.es\/fr\/wp-json\/wp\/v2\/comments?post=38346"}],"wp:featuredmedia":[{"embeddable":true,"href":"https:\/\/cultivers.es\/fr\/wp-json\/wp\/v2\/media\/50163"}],"wp:attachment":[{"href":"https:\/\/cultivers.es\/fr\/wp-json\/wp\/v2\/media?parent=38346"}],"wp:term":[{"taxonomy":"product_brand","embeddable":true,"href":"https:\/\/cultivers.es\/fr\/wp-json\/wp\/v2\/product_brand?post=38346"},{"taxonomy":"product_cat","embeddable":true,"href":"https:\/\/cultivers.es\/fr\/wp-json\/wp\/v2\/product_cat?post=38346"},{"taxonomy":"product_tag","embeddable":true,"href":"https:\/\/cultivers.es\/fr\/wp-json\/wp\/v2\/product_tag?post=38346"},{"taxonomy":"woo-feed-brand","embeddable":true,"href":"https:\/\/cultivers.es\/fr\/wp-json\/wp\/v2\/woo-feed-brand?post=38346"}],"curies":[{"name":"wp","href":"https:\/\/api.w.org\/{rel}","templated":true}]}}