{"id":38347,"date":"2024-01-11T08:24:49","date_gmt":"2024-01-11T08:24:49","guid":{"rendered":"https:\/\/cultivers.es\/abonos\/graines-de-bouche-de-dragon-bio\/"},"modified":"2025-09-22T05:41:43","modified_gmt":"2025-09-22T05:41:43","slug":"graines-de-bouche-de-dragon-bio","status":"publish","type":"product","link":"https:\/\/cultivers.es\/fr\/abonnements\/graines-de-bouche-de-dragon-bio\/","title":{"rendered":"Graines de bouche de dragon bio"},"content":{"rendered":"","protected":false},"excerpt":{"rendered":"<p>Avec nos graines de bouche de dragon bio, vous pouvez cultiver ces fleurs attrayantes dans votre jardin ou votre potager. Issues de cultures biologiques certifi\u00e9es, ces graines vous permettent de profiter de la beaut\u00e9 exquise de l&rsquo;Antirrhinum majus de mani\u00e8re durable et naturelle, en ajoutant une touche de couleur et d&rsquo;\u00e9l\u00e9gance \u00e0 votre environnement. <\/p>\n<ul>\n<li><strong>Origine certifi\u00e9e.<\/strong><\/li>\n<li><strong>Des fleurs \u00e9clatantes et majestueuses.<\/strong><\/li>\n<li><strong>Agriculture biologique et responsable.  <\/strong><\/li>\n<li><strong>Adaptabilit\u00e9 dans le jardin.<\/strong><\/li>\n<li><strong>Attraction pour les pollinisateurs.<\/strong><\/li>\n<\/ul>\n<p>En cultivant la bouche de dragon, vous attirez les pollinisateurs tels que les abeilles et les papillons, contribuant ainsi \u00e0 la biodiversit\u00e9 de votre environnement.<\/p>\n","protected":false},"featured_media":50175,"comment_status":"open","ping_status":"closed","template":"","meta":{"_acf_changed":false},"product_brand":[],"product_cat":[458,424],"product_tag":[1579],"class_list":{"0":"post-38347","1":"product","2":"type-product","3":"status-publish","4":"has-post-thumbnail","6":"product_cat-graines-de-fleurs-comestibles-biologiques","7":"product_cat-semences-biologiques","8":"product_tag-eco","10":"first","11":"instock","12":"sale","13":"taxable","14":"shipping-taxable","15":"purchasable","16":"product-type-simple"},"acf":[],"_links":{"self":[{"href":"https:\/\/cultivers.es\/fr\/wp-json\/wp\/v2\/product\/38347","targetHints":{"allow":["GET"]}}],"collection":[{"href":"https:\/\/cultivers.es\/fr\/wp-json\/wp\/v2\/product"}],"about":[{"href":"https:\/\/cultivers.es\/fr\/wp-json\/wp\/v2\/types\/product"}],"replies":[{"embeddable":true,"href":"https:\/\/cultivers.es\/fr\/wp-json\/wp\/v2\/comments?post=38347"}],"wp:featuredmedia":[{"embeddable":true,"href":"https:\/\/cultivers.es\/fr\/wp-json\/wp\/v2\/media\/50175"}],"wp:attachment":[{"href":"https:\/\/cultivers.es\/fr\/wp-json\/wp\/v2\/media?parent=38347"}],"wp:term":[{"taxonomy":"product_brand","embeddable":true,"href":"https:\/\/cultivers.es\/fr\/wp-json\/wp\/v2\/product_brand?post=38347"},{"taxonomy":"product_cat","embeddable":true,"href":"https:\/\/cultivers.es\/fr\/wp-json\/wp\/v2\/product_cat?post=38347"},{"taxonomy":"product_tag","embeddable":true,"href":"https:\/\/cultivers.es\/fr\/wp-json\/wp\/v2\/product_tag?post=38347"}],"curies":[{"name":"wp","href":"https:\/\/api.w.org\/{rel}","templated":true}]}}