{"id":38352,"date":"2024-01-12T09:20:46","date_gmt":"2024-01-12T09:20:46","guid":{"rendered":"https:\/\/cultivers.es\/abonos\/graines-damarante-ronde-biologique\/"},"modified":"2025-09-22T05:41:30","modified_gmt":"2025-09-22T05:41:30","slug":"graines-damarante-ronde-biologique","status":"publish","type":"product","link":"https:\/\/cultivers.es\/fr\/abonnements\/graines-damarante-ronde-biologique\/","title":{"rendered":"Graines d&rsquo;amarante ronde"},"content":{"rendered":"","protected":false},"excerpt":{"rendered":"<p>Embellissez votre jardin avec nos graines d&rsquo;amarante ronde biologique. Cette vari\u00e9t\u00e9 annuelle, appr\u00e9ci\u00e9e pour ses superbes fleurs violettes et sa forme globulaire, est id\u00e9ale pour ajouter une touche ornementale durable \u00e0 tout espace vert. Gr\u00e2ce \u00e0 sa r\u00e9sistance \u00e0 la s\u00e9cheresse et \u00e0 sa tol\u00e9rance \u00e0 la chaleur, l&rsquo;amarante ronde est parfaite pour les jardins durables et n\u00e9cessitant peu d&rsquo;entretien. En outre, cette plante ornementale est utilis\u00e9e en phytoth\u00e9rapie, ce qui ajoute de la valeur \u00e0 sa culture.   <\/p>\n<ul>\n<li><strong>Fleurs violettes de longue dur\u00e9e :<\/strong> L&rsquo;amarante ronde se distingue par ses fleurs globulaires d&rsquo;un violet intense, qui restent longtemps dans le jardin, ajoutant un impact visuel durable.<\/li>\n<li><strong>R\u00e9sistance \u00e0 la s\u00e9cheresse :<\/strong> Cette vari\u00e9t\u00e9 est id\u00e9ale pour les climats chauds et secs, car elle tol\u00e8re la s\u00e9cheresse et la chaleur sans perdre de sa vigueur, ce qui en fait une plante robuste n\u00e9cessitant peu d&rsquo;entretien.<\/li>\n<li><strong>Utilisation ornementale et phytoth\u00e9rapeutique :<\/strong> Bien qu&rsquo;elle ne soit pas comestible, l&rsquo;amarante ronde est une plante ornementale tr\u00e8s appr\u00e9ci\u00e9e pour son aspect remarquable. Elle est \u00e9galement utilis\u00e9e en phytoth\u00e9rapie, ce qui ajoute une dimension suppl\u00e9mentaire \u00e0 sa culture. <\/li>\n<li><strong>Id\u00e9al pour les jardins durables :<\/strong> sa capacit\u00e9 \u00e0 prosp\u00e9rer dans des conditions d\u00e9favorables et son faible besoin en eau en font un choix parfait pour les jardins \u00e9cologiques et durables.<\/li>\n<li><strong>Culture biologique :<\/strong> Nos graines d&rsquo;amarante ronde sont 100% biologiques, sans pesticides ni produits chimiques, ce qui garantit une croissance naturelle et respectueuse de l&rsquo;environnement.<\/li>\n<\/ul>\n<p>Transformez votre jardin en un paradis ornemental avec l&rsquo;amarante ronde. Appr\u00e9ciez la beaut\u00e9 de ses fleurs violettes, tout en cultivant de mani\u00e8re durable et sans souci. Commandez d\u00e8s aujourd&rsquo;hui et ajoutez cette plante rustique et \u00e9l\u00e9gante \u00e0 votre jardin biologique !  <\/p>\n","protected":false},"featured_media":23246,"comment_status":"open","ping_status":"closed","template":"","meta":{"_acf_changed":false},"product_brand":[],"product_cat":[458,424],"product_tag":[1579],"class_list":{"0":"post-38352","1":"product","2":"type-product","3":"status-publish","4":"has-post-thumbnail","6":"product_cat-graines-de-fleurs-comestibles-biologiques","7":"product_cat-semences-biologiques","8":"product_tag-eco","10":"first","11":"instock","12":"taxable","13":"shipping-taxable","14":"purchasable","15":"product-type-simple"},"acf":[],"_links":{"self":[{"href":"https:\/\/cultivers.es\/fr\/wp-json\/wp\/v2\/product\/38352","targetHints":{"allow":["GET"]}}],"collection":[{"href":"https:\/\/cultivers.es\/fr\/wp-json\/wp\/v2\/product"}],"about":[{"href":"https:\/\/cultivers.es\/fr\/wp-json\/wp\/v2\/types\/product"}],"replies":[{"embeddable":true,"href":"https:\/\/cultivers.es\/fr\/wp-json\/wp\/v2\/comments?post=38352"}],"wp:featuredmedia":[{"embeddable":true,"href":"https:\/\/cultivers.es\/fr\/wp-json\/wp\/v2\/media\/23246"}],"wp:attachment":[{"href":"https:\/\/cultivers.es\/fr\/wp-json\/wp\/v2\/media?parent=38352"}],"wp:term":[{"taxonomy":"product_brand","embeddable":true,"href":"https:\/\/cultivers.es\/fr\/wp-json\/wp\/v2\/product_brand?post=38352"},{"taxonomy":"product_cat","embeddable":true,"href":"https:\/\/cultivers.es\/fr\/wp-json\/wp\/v2\/product_cat?post=38352"},{"taxonomy":"product_tag","embeddable":true,"href":"https:\/\/cultivers.es\/fr\/wp-json\/wp\/v2\/product_tag?post=38352"}],"curies":[{"name":"wp","href":"https:\/\/api.w.org\/{rel}","templated":true}]}}