{"id":38360,"date":"2024-01-12T09:59:36","date_gmt":"2024-01-12T09:59:36","guid":{"rendered":"https:\/\/cultivers.es\/abonos\/zinia-bio-graines\/"},"modified":"2025-09-22T05:41:03","modified_gmt":"2025-09-22T05:41:03","slug":"zinia-bio-graines","status":"publish","type":"product","link":"https:\/\/cultivers.es\/fr\/abonnements\/zinia-bio-graines\/","title":{"rendered":"Zinia bio graines"},"content":{"rendered":"","protected":false},"excerpt":{"rendered":"<p>Nos graines de zinnias biologiques sont le choix id\u00e9al pour donner de la couleur et de la gaiet\u00e9 \u00e0 votre jardin. Issues de cultures biologiques certifi\u00e9es, ces graines garantissent une explosion florale de zinnias (Zinnia elegans) cultiv\u00e9s de mani\u00e8re durable, ajoutant une touche vibrante et charmante \u00e0 votre espace ext\u00e9rieur. <\/p>\n<ul>\n<li><strong>Origine certifi\u00e9e.<\/strong><\/li>\n<li><strong>Vari\u00e9t\u00e9 de couleurs et de formes.<\/strong><\/li>\n<li><strong>Culture durable.<\/strong><\/li>\n<li><strong>Culture facile.<\/strong><\/li>\n<li><strong>Attraction pour les pollinisateurs.<\/strong><\/li>\n<\/ul>\n<p>Les fleurs de zinnia attirent les pollinisateurs tels que les abeilles et les papillons, contribuant ainsi \u00e0 la biodiversit\u00e9 de votre jardin.<\/p>\n","protected":false},"featured_media":42584,"comment_status":"open","ping_status":"closed","template":"","meta":{"_acf_changed":false},"product_brand":[],"product_cat":[458,424],"product_tag":[1579],"woo-feed-brand":[],"class_list":{"0":"post-38360","1":"product","2":"type-product","3":"status-publish","4":"has-post-thumbnail","6":"product_cat-graines-de-fleurs-comestibles-biologiques","7":"product_cat-semences-biologiques","8":"product_tag-eco","10":"first","11":"outofstock","12":"taxable","13":"shipping-taxable","14":"purchasable","15":"product-type-simple"},"acf":[],"_links":{"self":[{"href":"https:\/\/cultivers.es\/fr\/wp-json\/wp\/v2\/product\/38360","targetHints":{"allow":["GET"]}}],"collection":[{"href":"https:\/\/cultivers.es\/fr\/wp-json\/wp\/v2\/product"}],"about":[{"href":"https:\/\/cultivers.es\/fr\/wp-json\/wp\/v2\/types\/product"}],"replies":[{"embeddable":true,"href":"https:\/\/cultivers.es\/fr\/wp-json\/wp\/v2\/comments?post=38360"}],"wp:featuredmedia":[{"embeddable":true,"href":"https:\/\/cultivers.es\/fr\/wp-json\/wp\/v2\/media\/42584"}],"wp:attachment":[{"href":"https:\/\/cultivers.es\/fr\/wp-json\/wp\/v2\/media?parent=38360"}],"wp:term":[{"taxonomy":"product_brand","embeddable":true,"href":"https:\/\/cultivers.es\/fr\/wp-json\/wp\/v2\/product_brand?post=38360"},{"taxonomy":"product_cat","embeddable":true,"href":"https:\/\/cultivers.es\/fr\/wp-json\/wp\/v2\/product_cat?post=38360"},{"taxonomy":"product_tag","embeddable":true,"href":"https:\/\/cultivers.es\/fr\/wp-json\/wp\/v2\/product_tag?post=38360"},{"taxonomy":"woo-feed-brand","embeddable":true,"href":"https:\/\/cultivers.es\/fr\/wp-json\/wp\/v2\/woo-feed-brand?post=38360"}],"curies":[{"name":"wp","href":"https:\/\/api.w.org\/{rel}","templated":true}]}}