{"id":38361,"date":"2024-01-12T09:31:47","date_gmt":"2024-01-12T09:31:47","guid":{"rendered":"https:\/\/cultivers.es\/abonos\/melange-de-tapis-de-fleurs-biologique-semences\/"},"modified":"2025-09-22T05:41:11","modified_gmt":"2025-09-22T05:41:11","slug":"melange-de-tapis-de-fleurs-biologique-semences","status":"publish","type":"product","link":"https:\/\/cultivers.es\/fr\/abonnements\/melange-de-tapis-de-fleurs-biologique-semences\/","title":{"rendered":"M\u00e9lange de graines Tapis de fleurs"},"content":{"rendered":"","protected":false},"excerpt":{"rendered":"<p>Notre m\u00e9lange de tapis de fleurs biologiques est le choix id\u00e9al pour embellir votre jardin avec une palette de couleurs vibrantes. Ce m\u00e9lange comprend des graines de lupin bleu, de lupin jaune, de lin et de plantes araign\u00e9es provenant de cultures biologiques certifi\u00e9es. Cultivez un tapis de fleurs qui non seulement s\u00e9duira visuellement, mais favorisera \u00e9galement la biodiversit\u00e9 dans votre espace vert.  <\/p>\n<ul>\n<li><strong>Vari\u00e9t\u00e9 de fleurs enchanteresses<\/strong>&#8230;<\/li>\n<li><strong>Origine certifi\u00e9e.<\/strong><\/li>\n<li><strong>Attraction pour les pollinisateurs.<\/strong><\/li>\n<li><strong>Culture simple.<\/strong><\/li>\n<li><strong>La biodiversit\u00e9 dans votre jardin.<\/strong><\/li>\n<\/ul>\n<p>Transformez votre jardin en un spectacle de couleurs et de vie avec notre m\u00e9lange pour tapis de fleurs bio. Cultivez une vari\u00e9t\u00e9 de fleurs avec ce m\u00e9lange qui non seulement ravira vos sens mais ajoutera \u00e9galement du charme et de la vitalit\u00e9 \u00e0 votre espace vert. <\/p>\n","protected":false},"featured_media":50157,"comment_status":"open","ping_status":"closed","template":"","meta":{"_acf_changed":false},"product_brand":[],"product_cat":[424,464],"product_tag":[1579],"class_list":{"0":"post-38361","1":"product","2":"type-product","3":"status-publish","4":"has-post-thumbnail","6":"product_cat-semences-biologiques","7":"product_cat-semences-de-fleurs-biologiques","8":"product_tag-eco","10":"first","11":"instock","12":"sale","13":"taxable","14":"shipping-taxable","15":"purchasable","16":"product-type-simple"},"acf":[],"_links":{"self":[{"href":"https:\/\/cultivers.es\/fr\/wp-json\/wp\/v2\/product\/38361","targetHints":{"allow":["GET"]}}],"collection":[{"href":"https:\/\/cultivers.es\/fr\/wp-json\/wp\/v2\/product"}],"about":[{"href":"https:\/\/cultivers.es\/fr\/wp-json\/wp\/v2\/types\/product"}],"replies":[{"embeddable":true,"href":"https:\/\/cultivers.es\/fr\/wp-json\/wp\/v2\/comments?post=38361"}],"wp:featuredmedia":[{"embeddable":true,"href":"https:\/\/cultivers.es\/fr\/wp-json\/wp\/v2\/media\/50157"}],"wp:attachment":[{"href":"https:\/\/cultivers.es\/fr\/wp-json\/wp\/v2\/media?parent=38361"}],"wp:term":[{"taxonomy":"product_brand","embeddable":true,"href":"https:\/\/cultivers.es\/fr\/wp-json\/wp\/v2\/product_brand?post=38361"},{"taxonomy":"product_cat","embeddable":true,"href":"https:\/\/cultivers.es\/fr\/wp-json\/wp\/v2\/product_cat?post=38361"},{"taxonomy":"product_tag","embeddable":true,"href":"https:\/\/cultivers.es\/fr\/wp-json\/wp\/v2\/product_tag?post=38361"}],"curies":[{"name":"wp","href":"https:\/\/api.w.org\/{rel}","templated":true}]}}