{"id":38371,"date":"2024-01-12T10:12:31","date_gmt":"2024-01-12T10:12:31","guid":{"rendered":"https:\/\/cultivers.es\/abonos\/semences-de-tomate-rouge-cerise-bio\/"},"modified":"2025-09-22T05:40:52","modified_gmt":"2025-09-22T05:40:52","slug":"semences-de-tomate-rouge-cerise-bio","status":"publish","type":"product","link":"https:\/\/cultivers.es\/fr\/abonnements\/semences-de-tomate-rouge-cerise-bio\/","title":{"rendered":"Graines de tomate rouge cerise"},"content":{"rendered":"","protected":false},"excerpt":{"rendered":"<p>Nos graines de tomates cerises rouges biologiques sont le choix id\u00e9al pour cultiver des tomates cerises juteuses et savoureuses dans votre propre jardin. Provenant de fermes certifi\u00e9es biologiques, ces graines garantissent une r\u00e9colte pure et d\u00e9licieuse de tomates cerises (Solanum lycopersicum), vous apportant fra\u00eecheur et douceur directement de votre jardin. Vari\u00e9t\u00e9 tr\u00e8s productive avec des grappes de fruits.  <\/p>\n<ul>\n<li><strong>Origine certifi\u00e9e.<\/strong><\/li>\n<li><strong>Saveur douce et intense.<\/strong><\/li>\n<li><strong>Culture sans pesticides.<\/strong><\/li>\n<li><strong>Adaptabilit\u00e9 \u00e0 la culture.<\/strong><\/li>\n<li><strong>Profitez de la fra\u00eecheur.<\/strong><\/li>\n<\/ul>\n<p>Cultivez ce d\u00e9lice rouge dans votre jardin avec nos graines de tomates cerise rouges biologiques. Appr\u00e9ciez la satisfaction de r\u00e9colter et de d\u00e9guster vos propres tomates cerises, cultiv\u00e9es de mani\u00e8re consciente et d\u00e9licieuse. <\/p>\n","protected":false},"featured_media":50103,"comment_status":"open","ping_status":"closed","template":"","meta":{"_acf_changed":false},"product_brand":[],"product_cat":[424,430],"product_tag":[1579],"class_list":{"0":"post-38371","1":"product","2":"type-product","3":"status-publish","4":"has-post-thumbnail","6":"product_cat-semences-biologiques","7":"product_cat-semences-de-fruits-et-legumes-biologiques","8":"product_tag-eco","10":"first","11":"instock","12":"taxable","13":"shipping-taxable","14":"purchasable","15":"product-type-simple"},"acf":[],"_links":{"self":[{"href":"https:\/\/cultivers.es\/fr\/wp-json\/wp\/v2\/product\/38371","targetHints":{"allow":["GET"]}}],"collection":[{"href":"https:\/\/cultivers.es\/fr\/wp-json\/wp\/v2\/product"}],"about":[{"href":"https:\/\/cultivers.es\/fr\/wp-json\/wp\/v2\/types\/product"}],"replies":[{"embeddable":true,"href":"https:\/\/cultivers.es\/fr\/wp-json\/wp\/v2\/comments?post=38371"}],"wp:featuredmedia":[{"embeddable":true,"href":"https:\/\/cultivers.es\/fr\/wp-json\/wp\/v2\/media\/50103"}],"wp:attachment":[{"href":"https:\/\/cultivers.es\/fr\/wp-json\/wp\/v2\/media?parent=38371"}],"wp:term":[{"taxonomy":"product_brand","embeddable":true,"href":"https:\/\/cultivers.es\/fr\/wp-json\/wp\/v2\/product_brand?post=38371"},{"taxonomy":"product_cat","embeddable":true,"href":"https:\/\/cultivers.es\/fr\/wp-json\/wp\/v2\/product_cat?post=38371"},{"taxonomy":"product_tag","embeddable":true,"href":"https:\/\/cultivers.es\/fr\/wp-json\/wp\/v2\/product_tag?post=38371"}],"curies":[{"name":"wp","href":"https:\/\/api.w.org\/{rel}","templated":true}]}}