{"id":38384,"date":"2024-01-12T11:26:57","date_gmt":"2024-01-12T11:26:57","guid":{"rendered":"https:\/\/cultivers.es\/abonos\/la-diva-organic-cucumber-seeds-graines-de-concombre\/"},"modified":"2025-11-22T11:45:49","modified_gmt":"2025-11-22T11:45:49","slug":"la-diva-organic-cucumber-seeds-graines-de-concombre","status":"publish","type":"product","link":"https:\/\/cultivers.es\/fr\/abonnements\/la-diva-organic-cucumber-seeds-graines-de-concombre\/","title":{"rendered":"La Diva Concombre Graines"},"content":{"rendered":"","protected":false},"excerpt":{"rendered":"<p>Les graines de concombre biologique La Diva vous invitent \u00e0 cultiver l&rsquo;\u00e9l\u00e9gance et la fra\u00eecheur de ces concombres uniques dans votre jardin. Issues de cultures biologiques certifi\u00e9es, ces graines garantissent une r\u00e9colte pure et d\u00e9licieuse de concombres La Diva (Cucumis sativus), ajoutant une touche sophistiqu\u00e9e et rafra\u00eechissante \u00e0 vos salades et \u00e0 vos plats sains. Cette vari\u00e9t\u00e9 de concombre a une peau lisse et une taille allant jusqu&rsquo;\u00e0 15 cm.  <\/p>\n<ul>\n<li><strong>Origine certifi\u00e9e.<\/strong><\/li>\n<li><strong>Saveur rafra\u00eechissante et d\u00e9licate.<\/strong><\/li>\n<li><strong>Culture sans pesticides.<\/strong><\/li>\n<li><strong>Adaptabilit\u00e9 \u00e0 la culture.<\/strong><\/li>\n<li><strong>Texture croquante.<\/strong><\/li>\n<\/ul>\n<p>Cultivez la sophistication dans votre jardin avec nos graines de concombre bio La Diva. Appr\u00e9ciez la satisfaction de r\u00e9colter et de d\u00e9guster des concombres frais, cultiv\u00e9s consciemment dans votre propre jardin. <\/p>\n","protected":false},"featured_media":23348,"comment_status":"open","ping_status":"closed","template":"","meta":{"_acf_changed":false},"product_brand":[],"product_cat":[424,430],"product_tag":[1579],"woo-feed-brand":[],"class_list":{"0":"post-38384","1":"product","2":"type-product","3":"status-publish","4":"has-post-thumbnail","6":"product_cat-semences-biologiques","7":"product_cat-semences-de-fruits-et-legumes-biologiques","8":"product_tag-eco","10":"first","11":"instock","12":"sale","13":"taxable","14":"shipping-taxable","15":"purchasable","16":"product-type-simple"},"acf":[],"_links":{"self":[{"href":"https:\/\/cultivers.es\/fr\/wp-json\/wp\/v2\/product\/38384","targetHints":{"allow":["GET"]}}],"collection":[{"href":"https:\/\/cultivers.es\/fr\/wp-json\/wp\/v2\/product"}],"about":[{"href":"https:\/\/cultivers.es\/fr\/wp-json\/wp\/v2\/types\/product"}],"replies":[{"embeddable":true,"href":"https:\/\/cultivers.es\/fr\/wp-json\/wp\/v2\/comments?post=38384"}],"wp:featuredmedia":[{"embeddable":true,"href":"https:\/\/cultivers.es\/fr\/wp-json\/wp\/v2\/media\/23348"}],"wp:attachment":[{"href":"https:\/\/cultivers.es\/fr\/wp-json\/wp\/v2\/media?parent=38384"}],"wp:term":[{"taxonomy":"product_brand","embeddable":true,"href":"https:\/\/cultivers.es\/fr\/wp-json\/wp\/v2\/product_brand?post=38384"},{"taxonomy":"product_cat","embeddable":true,"href":"https:\/\/cultivers.es\/fr\/wp-json\/wp\/v2\/product_cat?post=38384"},{"taxonomy":"product_tag","embeddable":true,"href":"https:\/\/cultivers.es\/fr\/wp-json\/wp\/v2\/product_tag?post=38384"},{"taxonomy":"woo-feed-brand","embeddable":true,"href":"https:\/\/cultivers.es\/fr\/wp-json\/wp\/v2\/woo-feed-brand?post=38384"}],"curies":[{"name":"wp","href":"https:\/\/api.w.org\/{rel}","templated":true}]}}