{"id":38385,"date":"2024-01-12T11:21:06","date_gmt":"2024-01-12T11:21:06","guid":{"rendered":"https:\/\/cultivers.es\/abonos\/concombre-hokus-semences-biologiques\/"},"modified":"2025-09-22T05:39:40","modified_gmt":"2025-09-22T05:39:40","slug":"concombre-hokus-semences-biologiques","status":"publish","type":"product","link":"https:\/\/cultivers.es\/fr\/abonnements\/concombre-hokus-semences-biologiques\/","title":{"rendered":"Hokus Cucumber Seeds"},"content":{"rendered":"","protected":false},"excerpt":{"rendered":"<p>Nos graines de concombre Hokus biologiques vous offrent la possibilit\u00e9 de cultiver la fra\u00eecheur et le go\u00fbt raffin\u00e9 de ces concombres directement dans votre jardin. Provenant de fermes certifi\u00e9es biologiques, ces graines garantissent une r\u00e9colte pure et d\u00e9licieuse de concombres Hokus (Cucumis sativus), ajoutant une touche croquante et nutritive \u00e0 vos salades et \u00e0 vos plats sains. C&rsquo;est une excellente vari\u00e9t\u00e9 pour le marinage et tr\u00e8s productive.  <\/p>\n<ul>\n<li><strong>Origine certifi\u00e9e.<\/strong><\/li>\n<li><strong>Croustillant et raffin\u00e9 Saveur.<\/strong><\/li>\n<li><strong>Culture sans pesticides.<\/strong><\/li>\n<li><strong>Adaptabilit\u00e9 \u00e0 la culture.<\/strong><\/li>\n<li><strong>Apport nutritionnel.<\/strong><\/li>\n<\/ul>\n<p>Cultivez la fra\u00eecheur dans votre jardin avec nos graines de concombre Hokus biologiques. Appr\u00e9ciez la satisfaction de r\u00e9colter et de d\u00e9guster des concombres croquants, cultiv\u00e9s consciemment dans votre propre jardin. <\/p>\n","protected":false},"featured_media":23341,"comment_status":"open","ping_status":"closed","template":"","meta":{"_acf_changed":false},"product_brand":[],"product_cat":[424,430],"product_tag":[1579],"woo-feed-brand":[],"class_list":{"0":"post-38385","1":"product","2":"type-product","3":"status-publish","4":"has-post-thumbnail","6":"product_cat-semences-biologiques","7":"product_cat-semences-de-fruits-et-legumes-biologiques","8":"product_tag-eco","10":"first","11":"instock","12":"taxable","13":"shipping-taxable","14":"purchasable","15":"product-type-simple"},"acf":[],"_links":{"self":[{"href":"https:\/\/cultivers.es\/fr\/wp-json\/wp\/v2\/product\/38385","targetHints":{"allow":["GET"]}}],"collection":[{"href":"https:\/\/cultivers.es\/fr\/wp-json\/wp\/v2\/product"}],"about":[{"href":"https:\/\/cultivers.es\/fr\/wp-json\/wp\/v2\/types\/product"}],"replies":[{"embeddable":true,"href":"https:\/\/cultivers.es\/fr\/wp-json\/wp\/v2\/comments?post=38385"}],"wp:featuredmedia":[{"embeddable":true,"href":"https:\/\/cultivers.es\/fr\/wp-json\/wp\/v2\/media\/23341"}],"wp:attachment":[{"href":"https:\/\/cultivers.es\/fr\/wp-json\/wp\/v2\/media?parent=38385"}],"wp:term":[{"taxonomy":"product_brand","embeddable":true,"href":"https:\/\/cultivers.es\/fr\/wp-json\/wp\/v2\/product_brand?post=38385"},{"taxonomy":"product_cat","embeddable":true,"href":"https:\/\/cultivers.es\/fr\/wp-json\/wp\/v2\/product_cat?post=38385"},{"taxonomy":"product_tag","embeddable":true,"href":"https:\/\/cultivers.es\/fr\/wp-json\/wp\/v2\/product_tag?post=38385"},{"taxonomy":"woo-feed-brand","embeddable":true,"href":"https:\/\/cultivers.es\/fr\/wp-json\/wp\/v2\/woo-feed-brand?post=38385"}],"curies":[{"name":"wp","href":"https:\/\/api.w.org\/{rel}","templated":true}]}}