{"id":38397,"date":"2024-01-12T11:41:03","date_gmt":"2024-01-12T11:41:03","guid":{"rendered":"https:\/\/cultivers.es\/abonos\/semences-de-fleurs-pour-les-abeilles-biologiques\/"},"modified":"2025-09-22T05:01:29","modified_gmt":"2025-09-22T05:01:29","slug":"semences-de-fleurs-pour-les-abeilles-biologiques","status":"publish","type":"product","link":"https:\/\/cultivers.es\/fr\/abonnements\/semences-de-fleurs-pour-les-abeilles-biologiques\/","title":{"rendered":"Graines de fleurs pour les abeilles"},"content":{"rendered":"","protected":false},"excerpt":{"rendered":"<p>Nos graines de fleurs biologiques pour abeilles sont le choix id\u00e9al pour cr\u00e9er un jardin ou un potager dynamique et respectueux de la nature. Issues de cultures biologiques certifi\u00e9es, ces graines garantissent une floraison luxuriante qui non seulement embellit votre espace ext\u00e9rieur, mais constitue \u00e9galement un sanctuaire floral pour les abeilles, contribuant ainsi \u00e0 la pollinisation et \u00e0 la sant\u00e9 de votre environnement. <\/p>\n<ul>\n<li><strong>Origine certifi\u00e9e.<\/strong><\/li>\n<li><strong>Vari\u00e9t\u00e9 florale.<\/strong><\/li>\n<li><strong>Culture sans pesticides.<\/strong><\/li>\n<li><strong>Culture facile.<\/strong><\/li>\n<li><strong>Contribution \u00e0 la pollinisation.<\/strong><\/li>\n<\/ul>\n<p>Embellissez votre verger et votre jardin et contribuez \u00e0 la biodiversit\u00e9 avec nos graines de fleurs d&rsquo;abeilles biologiques. Appr\u00e9ciez l&rsquo;\u00e9merveillement de voir votre jardin fleurir tout en offrant un espace de vie aux abeilles et autres pollinisateurs. <\/p>\n","protected":false},"featured_media":39203,"comment_status":"open","ping_status":"closed","template":"","meta":{"_acf_changed":false},"product_brand":[],"product_cat":[424,464,1317],"product_tag":[1579],"woo-feed-brand":[],"class_list":{"0":"post-38397","1":"product","2":"type-product","3":"status-publish","4":"has-post-thumbnail","6":"product_cat-semences-biologiques","7":"product_cat-semences-de-fleurs-biologiques","8":"product_cat-traditionnel","9":"product_tag-eco","11":"first","12":"instock","13":"taxable","14":"shipping-taxable","15":"purchasable","16":"product-type-simple"},"acf":[],"_links":{"self":[{"href":"https:\/\/cultivers.es\/fr\/wp-json\/wp\/v2\/product\/38397","targetHints":{"allow":["GET"]}}],"collection":[{"href":"https:\/\/cultivers.es\/fr\/wp-json\/wp\/v2\/product"}],"about":[{"href":"https:\/\/cultivers.es\/fr\/wp-json\/wp\/v2\/types\/product"}],"replies":[{"embeddable":true,"href":"https:\/\/cultivers.es\/fr\/wp-json\/wp\/v2\/comments?post=38397"}],"wp:featuredmedia":[{"embeddable":true,"href":"https:\/\/cultivers.es\/fr\/wp-json\/wp\/v2\/media\/39203"}],"wp:attachment":[{"href":"https:\/\/cultivers.es\/fr\/wp-json\/wp\/v2\/media?parent=38397"}],"wp:term":[{"taxonomy":"product_brand","embeddable":true,"href":"https:\/\/cultivers.es\/fr\/wp-json\/wp\/v2\/product_brand?post=38397"},{"taxonomy":"product_cat","embeddable":true,"href":"https:\/\/cultivers.es\/fr\/wp-json\/wp\/v2\/product_cat?post=38397"},{"taxonomy":"product_tag","embeddable":true,"href":"https:\/\/cultivers.es\/fr\/wp-json\/wp\/v2\/product_tag?post=38397"},{"taxonomy":"woo-feed-brand","embeddable":true,"href":"https:\/\/cultivers.es\/fr\/wp-json\/wp\/v2\/woo-feed-brand?post=38397"}],"curies":[{"name":"wp","href":"https:\/\/api.w.org\/{rel}","templated":true}]}}