{"id":38405,"date":"2024-01-18T09:56:49","date_gmt":"2024-01-18T09:56:49","guid":{"rendered":"https:\/\/cultivers.es\/abonos\/acide-citrique-anhydre-liquide\/"},"modified":"2025-09-22T04:46:48","modified_gmt":"2025-09-22T04:46:48","slug":"acide-citrique-anhydre-liquide","status":"publish","type":"product","link":"https:\/\/cultivers.es\/fr\/abonnements\/acide-citrique-anhydre-liquide\/","title":{"rendered":"Acide citrique anhydre liquide"},"content":{"rendered":"","protected":false},"excerpt":{"rendered":"<p>L&rsquo;acide citrique est <span class=\"a-list-item\">une <\/span>substance polyvalente que l&rsquo;on trouve couramment dans les agrumes tels que les citrons, les oranges et les limes. Ses propri\u00e9t\u00e9s acides et sa capacit\u00e9 \u00e0 d\u00e9composer les min\u00e9raux le rendent utile dans une vari\u00e9t\u00e9 d&rsquo;applications, y compris l&rsquo;entretien des jardins et des espaces ext\u00e9rieurs. Voici quelques exemples de l&rsquo;utilit\u00e9 de l&rsquo;acide citrique dans les jardins :  <\/p>\n<p>&nbsp;<\/p>\n<p><span class=\"a-list-item\"><strong>1. agriculture et correcteur de pH : l<\/strong> &lsquo;acide citrique liquide CULTIVERS est excellent pour r\u00e9guler le pH en agriculture biologique, favoriser la microbiologie du sol et d\u00e9boucher les goutteurs en fertirrigation. Un alli\u00e9 pour vos cultures ! <\/span><\/p>\n<p><span class=\"a-list-item\"><strong>2) Am\u00e9lioration de l&rsquo;eau d&rsquo;irrigation et d\u00e9sinfection :<\/strong> utilisez notre acide citrique comme correcteur de pH dans l&rsquo;eau d&rsquo;irrigation, ce qui favorise l&rsquo;activit\u00e9 microbienne du sol. Il est \u00e9galement parfait pour nettoyer et d\u00e9sinfecter les goutteurs, les \u00e9quipements et les drains. <\/span><\/p>\n<p><strong>3. Nettoyage des lits de semences et des pots : l<\/strong> &lsquo;acide citrique peut aider \u00e0 \u00e9liminer les d\u00e9p\u00f4ts min\u00e9raux et les taches d&rsquo;eau dure dans les lits de semences et les pots. En nettoyant ces zones, vous cr\u00e9ez un environnement plus sain pour la croissance des plantes. <\/p>\n<p><strong>4.<\/strong> Nettoyage <strong>des outils de jardinage :<\/strong> le m\u00e9lange d&rsquo;acide citrique et d&rsquo;eau peut s&rsquo;av\u00e9rer efficace pour nettoyer les outils de jardinage, en \u00e9liminant la salet\u00e9, la rouille et d&rsquo;autres impuret\u00e9s. Cela permet de maintenir les outils en bon \u00e9tat et de prolonger leur dur\u00e9e de vie. <\/p>\n<p><strong>5. Entretien des barbecues : l&rsquo;<\/strong> acide citrique peut \u00eatre utilis\u00e9 pour nettoyer les grilles et les surfaces des barbecues. Sa capacit\u00e9 \u00e0 dissoudre les graisses et \u00e0 \u00e9liminer les taches peut rendre le barbecue hygi\u00e9nique et pr\u00eat \u00e0 l&#8217;emploi. <\/p>\n<p><strong>6. Entretien des meubles d&rsquo;ext\u00e9rieur :<\/strong> Diluer de l&rsquo;acide citrique dans de l&rsquo;eau et l&rsquo;appliquer sur les meubles d&rsquo;ext\u00e9rieur peut aider \u00e0 \u00e9liminer les taches et la salet\u00e9. C&rsquo;est particuli\u00e8rement utile pour les meubles en plastique, en m\u00e9tal ou en bois. <\/p>\n<p><strong>7. Entretien des \u00e9l\u00e9ments d\u00e9coratifs :<\/strong> Si vous avez des \u00e9l\u00e9ments d\u00e9coratifs dans le jardin, tels que des statues ou des ornements, l&rsquo;acide citrique peut \u00eatre utilis\u00e9 pour les nettoyer et conserver leur aspect d&rsquo;origine sans endommager le mat\u00e9riau.<\/p>\n<p><strong>8. \u00c9limination des taches sur les surfaces dures :<\/strong> les surfaces dures telles que les terrasses ou les all\u00e9es peuvent b\u00e9n\u00e9ficier de l&rsquo;action nettoyante de l&rsquo;acide citrique, qui \u00e9limine facilement les taches et la salet\u00e9 accumul\u00e9e.<\/p>\n<p>Il est important de noter que lorsque l&rsquo;acide citrique est utilis\u00e9 en ext\u00e9rieur, il doit \u00eatre correctement dilu\u00e9 afin d&rsquo;\u00e9viter d&rsquo;endommager les plantes ou les surfaces trait\u00e9es. En outre, il est conseill\u00e9 de faire un essai sur une petite surface avant d&rsquo;appliquer l&rsquo;acide citrique \u00e0 plus grande \u00e9chelle. <\/p>\n","protected":false},"featured_media":23435,"comment_status":"open","ping_status":"closed","template":"","meta":{"_acf_changed":false},"product_brand":[],"product_cat":[569],"product_tag":[],"class_list":{"0":"post-38405","1":"product","2":"type-product","3":"status-publish","4":"has-post-thumbnail","6":"product_cat-correcteurs-de-carence","8":"first","9":"instock","10":"taxable","11":"shipping-taxable","12":"purchasable","13":"product-type-variable"},"acf":[],"_links":{"self":[{"href":"https:\/\/cultivers.es\/fr\/wp-json\/wp\/v2\/product\/38405","targetHints":{"allow":["GET"]}}],"collection":[{"href":"https:\/\/cultivers.es\/fr\/wp-json\/wp\/v2\/product"}],"about":[{"href":"https:\/\/cultivers.es\/fr\/wp-json\/wp\/v2\/types\/product"}],"replies":[{"embeddable":true,"href":"https:\/\/cultivers.es\/fr\/wp-json\/wp\/v2\/comments?post=38405"}],"wp:featuredmedia":[{"embeddable":true,"href":"https:\/\/cultivers.es\/fr\/wp-json\/wp\/v2\/media\/23435"}],"wp:attachment":[{"href":"https:\/\/cultivers.es\/fr\/wp-json\/wp\/v2\/media?parent=38405"}],"wp:term":[{"taxonomy":"product_brand","embeddable":true,"href":"https:\/\/cultivers.es\/fr\/wp-json\/wp\/v2\/product_brand?post=38405"},{"taxonomy":"product_cat","embeddable":true,"href":"https:\/\/cultivers.es\/fr\/wp-json\/wp\/v2\/product_cat?post=38405"},{"taxonomy":"product_tag","embeddable":true,"href":"https:\/\/cultivers.es\/fr\/wp-json\/wp\/v2\/product_tag?post=38405"}],"curies":[{"name":"wp","href":"https:\/\/api.w.org\/{rel}","templated":true}]}}