{"id":38419,"date":"2024-02-06T08:34:43","date_gmt":"2024-02-06T08:34:43","guid":{"rendered":"https:\/\/cultivers.es\/abonos\/graines-de-melon-piel-de-sapo-bio\/"},"modified":"2025-09-22T05:43:04","modified_gmt":"2025-09-22T05:43:04","slug":"graines-de-melon-piel-de-sapo-bio","status":"publish","type":"product","link":"https:\/\/cultivers.es\/fr\/abonnements\/graines-de-melon-piel-de-sapo-bio\/","title":{"rendered":"Piel de Sapo Graines de melon"},"content":{"rendered":"","protected":false},"excerpt":{"rendered":"<p>Cette vari\u00e9t\u00e9 de melon provient d&rsquo;une culture biologique certifi\u00e9e, ces graines garantissent une r\u00e9colte pure et d\u00e9licieuse de melons Piel de Sapo (Cucumis melo), ajoutant une touche rafra\u00eechissante et nutritive \u00e0 vos salades et desserts.<\/p>\n<ul>\n<li><strong>Origine certifi\u00e9e.<\/strong><\/li>\n<li><strong>Saveur sucr\u00e9e et juteuse.<\/strong><\/li>\n<li><strong>Culture sans pesticides.<\/strong><\/li>\n<li><strong>Adaptabilit\u00e9 \u00e0 la culture.<\/strong><\/li>\n<li><strong>Texture juteuse et rafra\u00eechissante.<\/strong><\/li>\n<\/ul>\n<p>Profitez de l&rsquo;\u00e9t\u00e9 avec une saveur naturelle ! Achetez nos graines de melon biologique Piel de Sapo et profitez de la fra\u00eecheur et de la douceur de ces d\u00e9licieux melons sur votre table. <\/p>\n","protected":false},"featured_media":50091,"comment_status":"open","ping_status":"closed","template":"","meta":{"_acf_changed":false},"product_brand":[],"product_cat":[424,430],"product_tag":[1579],"class_list":{"0":"post-38419","1":"product","2":"type-product","3":"status-publish","4":"has-post-thumbnail","6":"product_cat-semences-biologiques","7":"product_cat-semences-de-fruits-et-legumes-biologiques","8":"product_tag-eco","10":"first","11":"instock","12":"sale","13":"taxable","14":"shipping-taxable","15":"purchasable","16":"product-type-simple"},"acf":[],"_links":{"self":[{"href":"https:\/\/cultivers.es\/fr\/wp-json\/wp\/v2\/product\/38419","targetHints":{"allow":["GET"]}}],"collection":[{"href":"https:\/\/cultivers.es\/fr\/wp-json\/wp\/v2\/product"}],"about":[{"href":"https:\/\/cultivers.es\/fr\/wp-json\/wp\/v2\/types\/product"}],"replies":[{"embeddable":true,"href":"https:\/\/cultivers.es\/fr\/wp-json\/wp\/v2\/comments?post=38419"}],"wp:featuredmedia":[{"embeddable":true,"href":"https:\/\/cultivers.es\/fr\/wp-json\/wp\/v2\/media\/50091"}],"wp:attachment":[{"href":"https:\/\/cultivers.es\/fr\/wp-json\/wp\/v2\/media?parent=38419"}],"wp:term":[{"taxonomy":"product_brand","embeddable":true,"href":"https:\/\/cultivers.es\/fr\/wp-json\/wp\/v2\/product_brand?post=38419"},{"taxonomy":"product_cat","embeddable":true,"href":"https:\/\/cultivers.es\/fr\/wp-json\/wp\/v2\/product_cat?post=38419"},{"taxonomy":"product_tag","embeddable":true,"href":"https:\/\/cultivers.es\/fr\/wp-json\/wp\/v2\/product_tag?post=38419"}],"curies":[{"name":"wp","href":"https:\/\/api.w.org\/{rel}","templated":true}]}}