{"id":38420,"date":"2024-02-06T09:37:50","date_gmt":"2024-02-06T09:37:50","guid":{"rendered":"https:\/\/cultivers.es\/abonos\/semences-de-tomate-cerise-dhiver-biologique\/"},"modified":"2025-09-22T05:43:04","modified_gmt":"2025-09-22T05:43:04","slug":"semences-de-tomate-cerise-dhiver-biologique","status":"publish","type":"product","link":"https:\/\/cultivers.es\/fr\/abonnements\/semences-de-tomate-cerise-dhiver-biologique\/","title":{"rendered":"Semences de tomates cerises d&rsquo;hiver"},"content":{"rendered":"","protected":false},"excerpt":{"rendered":"<p>Nos graines de tomates cerises d&rsquo;hiver biologiques sont un hommage \u00e0 la tradition et \u00e0 la saveur authentique qui caract\u00e9risent ces vari\u00e9t\u00e9s de tomates. Issues de cultures certifi\u00e9es biologiques, ces graines pr\u00e9servent l&rsquo;essence du patrimoine agricole, garantissant une r\u00e9colte pure et d\u00e9licieuse de tomates cerises d&rsquo;hiver (Solanum lycopersicum), \u00e0 la saveur unique et charg\u00e9e d&rsquo;histoire. <\/p>\n<ul>\n<li><strong>Il provient de Seeds with Tradition.<\/strong><\/li>\n<li><strong>Saveur unique et caract\u00e9ristique.<\/strong><\/li>\n<li><strong>Culture sans pesticides.<\/strong><\/li>\n<li><strong>R\u00e9sistance au froid.<\/strong><\/li>\n<li><strong>Polyvalence de la culture.<\/strong><\/li>\n<\/ul>\n<p>Cultivez l&rsquo;h\u00e9ritage de la tradition avec nos graines de tomates cerises d&rsquo;hiver biologiques. Appr\u00e9ciez la satisfaction de r\u00e9colter et de d\u00e9guster des tomates authentiques et charg\u00e9es d&rsquo;histoire, cultiv\u00e9es consciemment dans votre propre jardin. <\/p>\n","protected":false},"featured_media":23710,"comment_status":"open","ping_status":"closed","template":"","meta":{"_acf_changed":false},"product_brand":[],"product_cat":[430,1317],"product_tag":[1579],"woo-feed-brand":[],"class_list":{"0":"post-38420","1":"product","2":"type-product","3":"status-publish","4":"has-post-thumbnail","6":"product_cat-semences-de-fruits-et-legumes-biologiques","7":"product_cat-traditionnel","8":"product_tag-eco","10":"first","11":"instock","12":"taxable","13":"shipping-taxable","14":"purchasable","15":"product-type-simple"},"acf":[],"_links":{"self":[{"href":"https:\/\/cultivers.es\/fr\/wp-json\/wp\/v2\/product\/38420","targetHints":{"allow":["GET"]}}],"collection":[{"href":"https:\/\/cultivers.es\/fr\/wp-json\/wp\/v2\/product"}],"about":[{"href":"https:\/\/cultivers.es\/fr\/wp-json\/wp\/v2\/types\/product"}],"replies":[{"embeddable":true,"href":"https:\/\/cultivers.es\/fr\/wp-json\/wp\/v2\/comments?post=38420"}],"wp:featuredmedia":[{"embeddable":true,"href":"https:\/\/cultivers.es\/fr\/wp-json\/wp\/v2\/media\/23710"}],"wp:attachment":[{"href":"https:\/\/cultivers.es\/fr\/wp-json\/wp\/v2\/media?parent=38420"}],"wp:term":[{"taxonomy":"product_brand","embeddable":true,"href":"https:\/\/cultivers.es\/fr\/wp-json\/wp\/v2\/product_brand?post=38420"},{"taxonomy":"product_cat","embeddable":true,"href":"https:\/\/cultivers.es\/fr\/wp-json\/wp\/v2\/product_cat?post=38420"},{"taxonomy":"product_tag","embeddable":true,"href":"https:\/\/cultivers.es\/fr\/wp-json\/wp\/v2\/product_tag?post=38420"},{"taxonomy":"woo-feed-brand","embeddable":true,"href":"https:\/\/cultivers.es\/fr\/wp-json\/wp\/v2\/woo-feed-brand?post=38420"}],"curies":[{"name":"wp","href":"https:\/\/api.w.org\/{rel}","templated":true}]}}