{"id":38429,"date":"2024-02-06T10:03:34","date_gmt":"2024-02-06T10:03:34","guid":{"rendered":"https:\/\/cultivers.es\/abonos\/rose-albardera-organic-seeds\/"},"modified":"2025-09-22T05:42:51","modified_gmt":"2025-09-22T05:42:51","slug":"rose-albardera-organic-seeds","status":"publish","type":"product","link":"https:\/\/cultivers.es\/fr\/abonnements\/rose-albardera-organic-seeds\/","title":{"rendered":"Graines de rose Albardera"},"content":{"rendered":"","protected":false},"excerpt":{"rendered":"<p>Nos graines de roses Albardeira sont un hommage \u00e0 la beaut\u00e9 et \u00e0 la tradition qui caract\u00e9risent ces roses vivaces. Issues d&rsquo;une longue histoire de culture et de soins, ces graines pr\u00e9servent l&rsquo;essence de l&rsquo;\u00e9l\u00e9gance intemporelle et du parfum enivrant que seules les roses Albardeira peuvent offrir. <\/p>\n<ul>\n<li><strong>Issu de semences traditionnelles<\/strong><\/li>\n<li><strong>H\u00e9ritage floral.<\/strong><\/li>\n<li><strong>Beaut\u00e9 p\u00e9renne.<\/strong><\/li>\n<li><strong>Parfum enivrant.<\/strong><\/li>\n<li><strong>Soins de culture.<\/strong><\/li>\n<li><strong>Polyvalence dans le jardin.<\/strong><\/li>\n<\/ul>\n<p>Cultivez l&rsquo;\u00e9l\u00e9gance et la tradition dans votre jardin avec nos graines de roses Albardeira. Appr\u00e9ciez la beaut\u00e9 intemporelle et l&rsquo;ar\u00f4me enivrant de ces roses, cultiv\u00e9es avec amour et soin dans votre propre jardin. <\/p>\n","protected":false},"featured_media":23716,"comment_status":"open","ping_status":"closed","template":"","meta":{"_acf_changed":false},"product_brand":[],"product_cat":[464,1317],"product_tag":[1579],"class_list":{"0":"post-38429","1":"product","2":"type-product","3":"status-publish","4":"has-post-thumbnail","6":"product_cat-semences-de-fleurs-biologiques","7":"product_cat-traditionnel","8":"product_tag-eco","10":"first","11":"instock","12":"taxable","13":"shipping-taxable","14":"purchasable","15":"product-type-simple"},"acf":[],"_links":{"self":[{"href":"https:\/\/cultivers.es\/fr\/wp-json\/wp\/v2\/product\/38429","targetHints":{"allow":["GET"]}}],"collection":[{"href":"https:\/\/cultivers.es\/fr\/wp-json\/wp\/v2\/product"}],"about":[{"href":"https:\/\/cultivers.es\/fr\/wp-json\/wp\/v2\/types\/product"}],"replies":[{"embeddable":true,"href":"https:\/\/cultivers.es\/fr\/wp-json\/wp\/v2\/comments?post=38429"}],"wp:featuredmedia":[{"embeddable":true,"href":"https:\/\/cultivers.es\/fr\/wp-json\/wp\/v2\/media\/23716"}],"wp:attachment":[{"href":"https:\/\/cultivers.es\/fr\/wp-json\/wp\/v2\/media?parent=38429"}],"wp:term":[{"taxonomy":"product_brand","embeddable":true,"href":"https:\/\/cultivers.es\/fr\/wp-json\/wp\/v2\/product_brand?post=38429"},{"taxonomy":"product_cat","embeddable":true,"href":"https:\/\/cultivers.es\/fr\/wp-json\/wp\/v2\/product_cat?post=38429"},{"taxonomy":"product_tag","embeddable":true,"href":"https:\/\/cultivers.es\/fr\/wp-json\/wp\/v2\/product_tag?post=38429"}],"curies":[{"name":"wp","href":"https:\/\/api.w.org\/{rel}","templated":true}]}}