{"id":38439,"date":"2024-02-06T10:53:43","date_gmt":"2024-02-06T10:53:43","guid":{"rendered":"https:\/\/cultivers.es\/abonos\/semences-de-lupin-bio\/"},"modified":"2025-09-22T05:42:11","modified_gmt":"2025-09-22T05:42:11","slug":"semences-de-lupin-bio","status":"publish","type":"product","link":"https:\/\/cultivers.es\/fr\/abonnements\/semences-de-lupin-bio\/","title":{"rendered":"Graines de lupin"},"content":{"rendered":"","protected":false},"excerpt":{"rendered":"<p>Nos graines de lupin biologique sont un h\u00e9ritage agricole qui incarne des si\u00e8cles de tradition et une saveur unique. Issues d&rsquo;un riche patrimoine agricole, ces graines pr\u00e9servent l&rsquo;authenticit\u00e9 et le lien avec la terre que seul le lupin peut offrir. <\/p>\n<ul>\n<li><strong>Issu de semences traditionnelles<\/strong><\/li>\n<li><strong>Herencia Campesina.<\/strong><\/li>\n<li><strong>Un go\u00fbt exceptionnel.<\/strong><\/li>\n<li><strong>Une culture respectueuse.<\/strong><\/li>\n<li><strong>Adaptabilit\u00e9 \u00e0 la culture.<\/strong><\/li>\n<li><strong>Nutrition et saveur.<\/strong><\/li>\n<\/ul>\n<p>Cultivez la tradition et la saveur dans votre jardin avec nos graines de lupin biologique. Appr\u00e9ciez la satisfaction de r\u00e9colter et de d\u00e9guster des lupins \u00e0 la saveur authentique, en lien avec la riche histoire agricole de la campagne. <\/p>\n","protected":false},"featured_media":42572,"comment_status":"open","ping_status":"closed","template":"","meta":{"_acf_changed":false},"product_brand":[],"product_cat":[761,424,1317],"product_tag":[1579],"class_list":{"0":"post-38439","1":"product","2":"type-product","3":"status-publish","4":"has-post-thumbnail","6":"product_cat-graines-de-legumineuses-biologiques","7":"product_cat-semences-biologiques","8":"product_cat-traditionnel","9":"product_tag-eco","11":"first","12":"instock","13":"taxable","14":"shipping-taxable","15":"purchasable","16":"product-type-simple"},"acf":[],"_links":{"self":[{"href":"https:\/\/cultivers.es\/fr\/wp-json\/wp\/v2\/product\/38439","targetHints":{"allow":["GET"]}}],"collection":[{"href":"https:\/\/cultivers.es\/fr\/wp-json\/wp\/v2\/product"}],"about":[{"href":"https:\/\/cultivers.es\/fr\/wp-json\/wp\/v2\/types\/product"}],"replies":[{"embeddable":true,"href":"https:\/\/cultivers.es\/fr\/wp-json\/wp\/v2\/comments?post=38439"}],"wp:featuredmedia":[{"embeddable":true,"href":"https:\/\/cultivers.es\/fr\/wp-json\/wp\/v2\/media\/42572"}],"wp:attachment":[{"href":"https:\/\/cultivers.es\/fr\/wp-json\/wp\/v2\/media?parent=38439"}],"wp:term":[{"taxonomy":"product_brand","embeddable":true,"href":"https:\/\/cultivers.es\/fr\/wp-json\/wp\/v2\/product_brand?post=38439"},{"taxonomy":"product_cat","embeddable":true,"href":"https:\/\/cultivers.es\/fr\/wp-json\/wp\/v2\/product_cat?post=38439"},{"taxonomy":"product_tag","embeddable":true,"href":"https:\/\/cultivers.es\/fr\/wp-json\/wp\/v2\/product_tag?post=38439"}],"curies":[{"name":"wp","href":"https:\/\/api.w.org\/{rel}","templated":true}]}}