{"id":38451,"date":"2024-02-06T11:09:33","date_gmt":"2024-02-06T11:09:33","guid":{"rendered":"https:\/\/cultivers.es\/abonos\/oignon-blanc-de-lisbonne-biologique\/"},"modified":"2025-09-22T05:42:25","modified_gmt":"2025-09-22T05:42:25","slug":"oignon-blanc-de-lisbonne-biologique","status":"publish","type":"product","link":"https:\/\/cultivers.es\/fr\/abonnements\/oignon-blanc-de-lisbonne-biologique\/","title":{"rendered":"Oignon blanc de Lisbonne biologique"},"content":{"rendered":"","protected":false},"excerpt":{"rendered":"<p>Nos graines d&rsquo;oignon blanc Lisbonne sont le choix id\u00e9al pour cultiver des oignons frais et savoureux dans votre jardin. Issues d&rsquo;une vari\u00e9t\u00e9 d&rsquo;oignon sp\u00e9cialement s\u00e9lectionn\u00e9e pour sa saveur et sa qualit\u00e9, ces graines garantissent une r\u00e9colte abondante d&rsquo;oignons blancs, parfaits pour \u00eatre utilis\u00e9s dans une grande vari\u00e9t\u00e9 de plats culinaires. <\/p>\n<ul>\n<li><strong>Vari\u00e9t\u00e9 s\u00e9lectionn\u00e9e.<\/strong><\/li>\n<li><strong>Culture simple.<\/strong><\/li>\n<li><strong>Polyvalence dans la cuisine.<\/strong><\/li>\n<li><strong>Une r\u00e9colte abondante.<\/strong><\/li>\n<li><strong>Qualit\u00e9 garantie.<\/strong><\/li>\n<\/ul>\n<p>Ajoutez une touche de fra\u00eecheur et de saveur \u00e0 vos plats avec nos graines d&rsquo;oignon blanc de Lisbonne. Cultivez vos propres oignons frais et savoureux dans votre jardin et appr\u00e9ciez la satisfaction de r\u00e9colter vos propres ingr\u00e9dients. <\/p>\n","protected":false},"featured_media":45340,"comment_status":"open","ping_status":"closed","template":"","meta":{"_acf_changed":false},"product_brand":[],"product_cat":[426,424],"product_tag":[1579],"class_list":{"0":"post-38451","1":"product","2":"type-product","3":"status-publish","4":"has-post-thumbnail","6":"product_cat-graines-de-racines-biologiques","7":"product_cat-semences-biologiques","8":"product_tag-eco","10":"first","11":"instock","12":"sale","13":"taxable","14":"shipping-taxable","15":"purchasable","16":"product-type-simple"},"acf":[],"_links":{"self":[{"href":"https:\/\/cultivers.es\/fr\/wp-json\/wp\/v2\/product\/38451","targetHints":{"allow":["GET"]}}],"collection":[{"href":"https:\/\/cultivers.es\/fr\/wp-json\/wp\/v2\/product"}],"about":[{"href":"https:\/\/cultivers.es\/fr\/wp-json\/wp\/v2\/types\/product"}],"replies":[{"embeddable":true,"href":"https:\/\/cultivers.es\/fr\/wp-json\/wp\/v2\/comments?post=38451"}],"wp:featuredmedia":[{"embeddable":true,"href":"https:\/\/cultivers.es\/fr\/wp-json\/wp\/v2\/media\/45340"}],"wp:attachment":[{"href":"https:\/\/cultivers.es\/fr\/wp-json\/wp\/v2\/media?parent=38451"}],"wp:term":[{"taxonomy":"product_brand","embeddable":true,"href":"https:\/\/cultivers.es\/fr\/wp-json\/wp\/v2\/product_brand?post=38451"},{"taxonomy":"product_cat","embeddable":true,"href":"https:\/\/cultivers.es\/fr\/wp-json\/wp\/v2\/product_cat?post=38451"},{"taxonomy":"product_tag","embeddable":true,"href":"https:\/\/cultivers.es\/fr\/wp-json\/wp\/v2\/product_tag?post=38451"}],"curies":[{"name":"wp","href":"https:\/\/api.w.org\/{rel}","templated":true}]}}