{"id":38471,"date":"2024-04-15T08:42:49","date_gmt":"2024-04-15T08:42:49","guid":{"rendered":"https:\/\/cultivers.es\/abonos\/kohlrabi-superschmelz-semences-biologiques\/"},"modified":"2025-11-22T11:45:50","modified_gmt":"2025-11-22T11:45:50","slug":"kohlrabi-superschmelz-semences-biologiques","status":"publish","type":"product","link":"https:\/\/cultivers.es\/fr\/abonnements\/kohlrabi-superschmelz-semences-biologiques\/","title":{"rendered":"Graines de chou-rave Superschmelz"},"content":{"rendered":"","protected":false},"excerpt":{"rendered":"<p>Nos graines de chou-rave Superschmelz biologiques sont le choix id\u00e9al pour cultiver des choux-raves savoureux et nutritifs dans votre jardin. Issues d&rsquo;une vari\u00e9t\u00e9 sp\u00e9cialement s\u00e9lectionn\u00e9e pour son excellent go\u00fbt et sa haute valeur nutritionnelle, ces graines garantissent une r\u00e9colte abondante de choux-raves de haute qualit\u00e9, id\u00e9aux pour une vari\u00e9t\u00e9 de plats sains et d\u00e9licieux. <\/p>\n<ul>\n<li><strong>Vari\u00e9t\u00e9 s\u00e9lectionn\u00e9e.<\/strong><\/li>\n<li><strong>L&rsquo;agriculture biologique.<\/strong><\/li>\n<li><strong>Culture facile.<\/strong><\/li>\n<li><strong>Polyvalence culinaire.<\/strong><\/li>\n<li><strong>Haute valeur nutritionnelle.<\/strong><\/li>\n<\/ul>\n<p>Cultivez un go\u00fbt et une nutrition exceptionnels dans votre jardin avec nos graines de chou-rave Superschmelz biologiques. Appr\u00e9ciez la fra\u00eecheur et la qualit\u00e9 du chou-rave cultiv\u00e9 \u00e0 la maison et ajoutez une touche sp\u00e9ciale \u00e0 vos plats pr\u00e9f\u00e9r\u00e9s. <\/p>\n","protected":false},"featured_media":24659,"comment_status":"open","ping_status":"closed","template":"","meta":{"_acf_changed":false},"product_brand":[],"product_cat":[426,424,431],"product_tag":[1579],"woo-feed-brand":[],"class_list":{"0":"post-38471","1":"product","2":"type-product","3":"status-publish","4":"has-post-thumbnail","6":"product_cat-graines-de-racines-biologiques","7":"product_cat-semences-biologiques","8":"product_cat-semences-de-brassica-biologiques","9":"product_tag-eco","11":"first","12":"instock","13":"sale","14":"taxable","15":"shipping-taxable","16":"purchasable","17":"product-type-simple"},"acf":[],"_links":{"self":[{"href":"https:\/\/cultivers.es\/fr\/wp-json\/wp\/v2\/product\/38471","targetHints":{"allow":["GET"]}}],"collection":[{"href":"https:\/\/cultivers.es\/fr\/wp-json\/wp\/v2\/product"}],"about":[{"href":"https:\/\/cultivers.es\/fr\/wp-json\/wp\/v2\/types\/product"}],"replies":[{"embeddable":true,"href":"https:\/\/cultivers.es\/fr\/wp-json\/wp\/v2\/comments?post=38471"}],"wp:featuredmedia":[{"embeddable":true,"href":"https:\/\/cultivers.es\/fr\/wp-json\/wp\/v2\/media\/24659"}],"wp:attachment":[{"href":"https:\/\/cultivers.es\/fr\/wp-json\/wp\/v2\/media?parent=38471"}],"wp:term":[{"taxonomy":"product_brand","embeddable":true,"href":"https:\/\/cultivers.es\/fr\/wp-json\/wp\/v2\/product_brand?post=38471"},{"taxonomy":"product_cat","embeddable":true,"href":"https:\/\/cultivers.es\/fr\/wp-json\/wp\/v2\/product_cat?post=38471"},{"taxonomy":"product_tag","embeddable":true,"href":"https:\/\/cultivers.es\/fr\/wp-json\/wp\/v2\/product_tag?post=38471"},{"taxonomy":"woo-feed-brand","embeddable":true,"href":"https:\/\/cultivers.es\/fr\/wp-json\/wp\/v2\/woo-feed-brand?post=38471"}],"curies":[{"name":"wp","href":"https:\/\/api.w.org\/{rel}","templated":true}]}}