{"id":38477,"date":"2024-04-15T08:30:02","date_gmt":"2024-04-15T08:30:02","guid":{"rendered":"https:\/\/cultivers.es\/abonos\/graines-de-courgette-zuboda-organic-zucchini-seeds\/"},"modified":"2025-09-22T05:18:18","modified_gmt":"2025-09-22T05:18:18","slug":"graines-de-courgette-zuboda-organic-zucchini-seeds","status":"publish","type":"product","link":"https:\/\/cultivers.es\/fr\/abonnements\/graines-de-courgette-zuboda-organic-zucchini-seeds\/","title":{"rendered":"Graines de courgette Zuboda Graines de courgette biodynamiques Demeter"},"content":{"rendered":"","protected":false},"excerpt":{"rendered":"<p>Nos graines de courgettes biologiques Zuboda sont le choix id\u00e9al pour cultiver des courgettes fra\u00eeches et d\u00e9licieuses dans votre jardin. Issues d&rsquo;une vari\u00e9t\u00e9 sp\u00e9cialement s\u00e9lectionn\u00e9e pour sa saveur, sa texture et son adaptabilit\u00e9, ces graines garantissent une r\u00e9colte abondante de courgettes de haute qualit\u00e9, id\u00e9ales pour une vari\u00e9t\u00e9 de recettes culinaires. <\/p>\n<ul>\n<li><strong>Vari\u00e9t\u00e9 s\u00e9lectionn\u00e9e.<\/strong><\/li>\n<li><strong>Culture simple.<\/strong><\/li>\n<li><strong>Polyvalence culinaire.<\/strong><\/li>\n<li><strong>Une r\u00e9colte abondante.<\/strong><\/li>\n<li><strong>\u00c9cologique et sain.<\/strong><\/li>\n<\/ul>\n<p>Ajoutez de la fra\u00eecheur et de la polyvalence \u00e0 votre cuisine avec nos graines de courgettes biologiques Zuboda. Cultivez vos propres courgettes savoureuses et nutritives \u00e0 la maison et appr\u00e9ciez la satisfaction de r\u00e9colter vos propres ingr\u00e9dients. <\/p>\n","protected":false},"featured_media":42469,"comment_status":"open","ping_status":"closed","template":"","meta":{"_acf_changed":false},"product_brand":[],"product_cat":[1303,424,430],"product_tag":[1385],"woo-feed-brand":[],"class_list":{"0":"post-38477","1":"product","2":"type-product","3":"status-publish","4":"has-post-thumbnail","6":"product_cat-graines-de-demeter","7":"product_cat-semences-biologiques","8":"product_cat-semences-de-fruits-et-legumes-biologiques","9":"product_tag-demeter-fr","11":"first","12":"outofstock","13":"taxable","14":"shipping-taxable","15":"purchasable","16":"product-type-variable"},"acf":[],"_links":{"self":[{"href":"https:\/\/cultivers.es\/fr\/wp-json\/wp\/v2\/product\/38477","targetHints":{"allow":["GET"]}}],"collection":[{"href":"https:\/\/cultivers.es\/fr\/wp-json\/wp\/v2\/product"}],"about":[{"href":"https:\/\/cultivers.es\/fr\/wp-json\/wp\/v2\/types\/product"}],"replies":[{"embeddable":true,"href":"https:\/\/cultivers.es\/fr\/wp-json\/wp\/v2\/comments?post=38477"}],"wp:featuredmedia":[{"embeddable":true,"href":"https:\/\/cultivers.es\/fr\/wp-json\/wp\/v2\/media\/42469"}],"wp:attachment":[{"href":"https:\/\/cultivers.es\/fr\/wp-json\/wp\/v2\/media?parent=38477"}],"wp:term":[{"taxonomy":"product_brand","embeddable":true,"href":"https:\/\/cultivers.es\/fr\/wp-json\/wp\/v2\/product_brand?post=38477"},{"taxonomy":"product_cat","embeddable":true,"href":"https:\/\/cultivers.es\/fr\/wp-json\/wp\/v2\/product_cat?post=38477"},{"taxonomy":"product_tag","embeddable":true,"href":"https:\/\/cultivers.es\/fr\/wp-json\/wp\/v2\/product_tag?post=38477"},{"taxonomy":"woo-feed-brand","embeddable":true,"href":"https:\/\/cultivers.es\/fr\/wp-json\/wp\/v2\/woo-feed-brand?post=38477"}],"curies":[{"name":"wp","href":"https:\/\/api.w.org\/{rel}","templated":true}]}}