{"id":38489,"date":"2024-04-15T09:10:32","date_gmt":"2024-04-15T09:10:32","guid":{"rendered":"https:\/\/cultivers.es\/abonos\/banana-cherry-legs-semences-de-tomates-biologiques\/"},"modified":"2025-11-22T11:45:46","modified_gmt":"2025-11-22T11:45:46","slug":"banana-cherry-legs-semences-de-tomates-biologiques","status":"publish","type":"product","link":"https:\/\/cultivers.es\/fr\/abonnements\/banana-cherry-legs-semences-de-tomates-biologiques\/","title":{"rendered":"Banana Cherry Legs Semences de tomates"},"content":{"rendered":"","protected":false},"excerpt":{"rendered":"<p>Nos graines de tomates biologiques Cherry Banana Legs vous permettent de cultiver des tomates uniques en termes de saveur et de forme dans votre propre jardin. Issues d&rsquo;une vari\u00e9t\u00e9 sp\u00e9cialement s\u00e9lectionn\u00e9e pour son go\u00fbt sucr\u00e9 et sa forme allong\u00e9e distinctive, ces graines garantissent une r\u00e9colte abondante de tomates de haute qualit\u00e9 qui ajouteront de l&rsquo;originalit\u00e9 et une saveur d\u00e9licieuse \u00e0 vos plats. <\/p>\n<ul>\n<li><strong>Vari\u00e9t\u00e9 s\u00e9lectionn\u00e9e.<\/strong><\/li>\n<li><strong>L&rsquo;agriculture biologique.<\/strong><\/li>\n<li><strong>Culture facile.<\/strong><\/li>\n<li><strong>Polyvalence culinaire.<\/strong><\/li>\n<li><strong>Forme et couleur attrayantes.<\/strong><\/li>\n<\/ul>\n<p>Cultivez l&rsquo;originalit\u00e9 et la saveur d\u00e9licieuse dans votre jardin avec nos graines de tomates biologiques Banana Legs. Appr\u00e9ciez la satisfaction de r\u00e9colter vos propres tomates au go\u00fbt unique et surprenez vos amis et votre famille avec ces d\u00e9licieuses tomates allong\u00e9es. <\/p>\n","protected":false},"featured_media":33785,"comment_status":"open","ping_status":"closed","template":"","meta":{"_acf_changed":false},"product_brand":[],"product_cat":[424,430],"product_tag":[1579],"class_list":{"0":"post-38489","1":"product","2":"type-product","3":"status-publish","4":"has-post-thumbnail","6":"product_cat-semences-biologiques","7":"product_cat-semences-de-fruits-et-legumes-biologiques","8":"product_tag-eco","10":"first","11":"instock","12":"sale","13":"taxable","14":"shipping-taxable","15":"purchasable","16":"product-type-simple"},"acf":[],"_links":{"self":[{"href":"https:\/\/cultivers.es\/fr\/wp-json\/wp\/v2\/product\/38489","targetHints":{"allow":["GET"]}}],"collection":[{"href":"https:\/\/cultivers.es\/fr\/wp-json\/wp\/v2\/product"}],"about":[{"href":"https:\/\/cultivers.es\/fr\/wp-json\/wp\/v2\/types\/product"}],"replies":[{"embeddable":true,"href":"https:\/\/cultivers.es\/fr\/wp-json\/wp\/v2\/comments?post=38489"}],"wp:featuredmedia":[{"embeddable":true,"href":"https:\/\/cultivers.es\/fr\/wp-json\/wp\/v2\/media\/33785"}],"wp:attachment":[{"href":"https:\/\/cultivers.es\/fr\/wp-json\/wp\/v2\/media?parent=38489"}],"wp:term":[{"taxonomy":"product_brand","embeddable":true,"href":"https:\/\/cultivers.es\/fr\/wp-json\/wp\/v2\/product_brand?post=38489"},{"taxonomy":"product_cat","embeddable":true,"href":"https:\/\/cultivers.es\/fr\/wp-json\/wp\/v2\/product_cat?post=38489"},{"taxonomy":"product_tag","embeddable":true,"href":"https:\/\/cultivers.es\/fr\/wp-json\/wp\/v2\/product_tag?post=38489"}],"curies":[{"name":"wp","href":"https:\/\/api.w.org\/{rel}","templated":true}]}}