{"id":38490,"date":"2024-04-15T09:00:07","date_gmt":"2024-04-15T09:00:07","guid":{"rendered":"https:\/\/cultivers.es\/abonos\/semences-de-tomates-dorenia-bio\/"},"modified":"2025-11-22T11:45:47","modified_gmt":"2025-11-22T11:45:47","slug":"semences-de-tomates-dorenia-bio","status":"publish","type":"product","link":"https:\/\/cultivers.es\/fr\/abonnements\/semences-de-tomates-dorenia-bio\/","title":{"rendered":"Dorenia Semences de tomates"},"content":{"rendered":"","protected":false},"excerpt":{"rendered":"<p>Nos graines de tomates Dorenia biologiques sont le choix id\u00e9al pour cultiver des tomates fra\u00eeches et savoureuses dans votre jardin. Issues d&rsquo;une vari\u00e9t\u00e9 sp\u00e9cialement s\u00e9lectionn\u00e9e pour leur excellente saveur, leur texture juteuse et leur ar\u00f4me irr\u00e9sistible, ces graines garantissent une r\u00e9colte abondante de tomates de haute qualit\u00e9, id\u00e9ales pour une vari\u00e9t\u00e9 de plats culinaires et \u00e0 d\u00e9guster fra\u00eeches du jardin \u00e0 la table. <\/p>\n<ul>\n<li><strong>Vari\u00e9t\u00e9 s\u00e9lectionn\u00e9e.<\/strong><\/li>\n<li><strong>L&rsquo;agriculture biologique.<\/strong><\/li>\n<li><strong>Culture facile.<\/strong><\/li>\n<li><strong>Polyvalence culinaire.<\/strong><\/li>\n<li><strong>Haute valeur nutritionnelle.<\/strong><\/li>\n<\/ul>\n<p>Cultivez une saveur et une fra\u00eecheur exceptionnelles dans votre jardin avec nos graines de tomates Dorenia biologiques. Appr\u00e9ciez la satisfaction de r\u00e9colter vos propres tomates d\u00e9licieuses et saines \u00e0 la maison, en remplissant vos plats avec le go\u00fbt authentique du jardin. <\/p>\n","protected":false},"featured_media":24678,"comment_status":"open","ping_status":"closed","template":"","meta":{"_acf_changed":false},"product_brand":[],"product_cat":[424,430],"product_tag":[1579],"class_list":{"0":"post-38490","1":"product","2":"type-product","3":"status-publish","4":"has-post-thumbnail","6":"product_cat-semences-biologiques","7":"product_cat-semences-de-fruits-et-legumes-biologiques","8":"product_tag-eco","10":"first","11":"instock","12":"sale","13":"taxable","14":"shipping-taxable","15":"purchasable","16":"product-type-simple"},"acf":[],"_links":{"self":[{"href":"https:\/\/cultivers.es\/fr\/wp-json\/wp\/v2\/product\/38490","targetHints":{"allow":["GET"]}}],"collection":[{"href":"https:\/\/cultivers.es\/fr\/wp-json\/wp\/v2\/product"}],"about":[{"href":"https:\/\/cultivers.es\/fr\/wp-json\/wp\/v2\/types\/product"}],"replies":[{"embeddable":true,"href":"https:\/\/cultivers.es\/fr\/wp-json\/wp\/v2\/comments?post=38490"}],"wp:featuredmedia":[{"embeddable":true,"href":"https:\/\/cultivers.es\/fr\/wp-json\/wp\/v2\/media\/24678"}],"wp:attachment":[{"href":"https:\/\/cultivers.es\/fr\/wp-json\/wp\/v2\/media?parent=38490"}],"wp:term":[{"taxonomy":"product_brand","embeddable":true,"href":"https:\/\/cultivers.es\/fr\/wp-json\/wp\/v2\/product_brand?post=38490"},{"taxonomy":"product_cat","embeddable":true,"href":"https:\/\/cultivers.es\/fr\/wp-json\/wp\/v2\/product_cat?post=38490"},{"taxonomy":"product_tag","embeddable":true,"href":"https:\/\/cultivers.es\/fr\/wp-json\/wp\/v2\/product_tag?post=38490"}],"curies":[{"name":"wp","href":"https:\/\/api.w.org\/{rel}","templated":true}]}}